{"id":10038,"date":"2026-04-02T22:12:44","date_gmt":"2026-04-02T22:12:44","guid":{"rendered":"https:\/\/zeroreligion.org\/?page_id=10038"},"modified":"2026-04-02T22:22:56","modified_gmt":"2026-04-02T22:22:56","slug":"partners","status":"publish","type":"page","link":"https:\/\/zeroreligion.org\/fr\/partners\/","title":{"rendered":"Nos Partenaires"},"content":{"rendered":"<div data-elementor-type=\"wp-page\" data-elementor-id=\"10038\" class=\"elementor elementor-10038\">\n\t\t\t\t<div class=\"elementor-element elementor-element-509d98d e-flex e-con-boxed e-con e-parent\" data-id=\"509d98d\" data-element_type=\"container\" data-e-type=\"container\" data-settings=\"{&quot;background_background&quot;:&quot;classic&quot;}\">\n\t\t\t\t\t<div class=\"e-con-inner\">\n\t\t<div class=\"elementor-element elementor-element-5f82716 e-con-full e-flex e-con e-child\" data-id=\"5f82716\" data-element_type=\"container\" data-e-type=\"container\">\n\t\t\t\t<div class=\"elementor-element elementor-element-ab60654 elementor-widget elementor-widget-heading\" data-id=\"ab60654\" data-element_type=\"widget\" data-e-type=\"widget\" data-widget_type=\"heading.default\">\n\t\t\t\t<div class=\"elementor-widget-container\">\n\t\t\t\t\t<h6 class=\"elementor-heading-title elementor-size-default\">Quelques mots sur<\/h6>\t\t\t\t<\/div>\n\t\t\t\t<\/div>\n\t\t\t\t<div class=\"elementor-element elementor-element-927362c elementor-widget elementor-widget-heading\" data-id=\"927362c\" data-element_type=\"widget\" data-e-type=\"widget\" data-widget_type=\"heading.default\">\n\t\t\t\t<div class=\"elementor-widget-container\">\n\t\t\t\t\t<h1 class=\"elementor-heading-title elementor-size-default\">Nos Partenaires<\/h1>\t\t\t\t<\/div>\n\t\t\t\t<\/div>\n\t\t\t\t<\/div>\n\t\t\t\t\t<\/div>\n\t\t\t\t<\/div>\n\t\t<div class=\"elementor-element elementor-element-3dea58f e-flex e-con-boxed e-con e-parent\" data-id=\"3dea58f\" data-element_type=\"container\" data-e-type=\"container\">\n\t\t\t\t\t<div class=\"e-con-inner\">\n\t\t\t\t<div class=\"elementor-element elementor-element-c05f8f7 elementor-widget elementor-widget-heading\" data-id=\"c05f8f7\" data-element_type=\"widget\" data-e-type=\"widget\" data-widget_type=\"heading.default\">\n\t\t\t\t<div class=\"elementor-widget-container\">\n\t\t\t\t\t<h2 class=\"elementor-heading-title elementor-size-default\">Partenaires de Confiance<\/h2>\t\t\t\t<\/div>\n\t\t\t\t<\/div>\n\t\t<div class=\"elementor-element elementor-element-be797a1 e-con-full e-flex e-con e-child\" data-id=\"be797a1\" data-element_type=\"container\" data-e-type=\"container\">\n\t\t\t\t<div class=\"elementor-element elementor-element-ed8b0ad elementor-widget elementor-widget-image\" data-id=\"ed8b0ad\" data-element_type=\"widget\" data-e-type=\"widget\" data-widget_type=\"image.default\">\n\t\t\t\t<div class=\"elementor-widget-container\">\n\t\t\t\t\t\t\t\t\t\t\t\t\t\t\t<img decoding=\"async\" width=\"136\" height=\"27\" data-src=\"https:\/\/zeroreligion.org\/wp-content\/uploads\/2025\/04\/GF-1.png\" class=\"attachment-full size-full wp-image-6542 lazyload\" alt=\"GF 1\" title=\"Nos Partenaires\" src=\"data:image\/svg+xml;base64,PHN2ZyB3aWR0aD0iMSIgaGVpZ2h0PSIxIiB4bWxucz0iaHR0cDovL3d3dy53My5vcmcvMjAwMC9zdmciPjwvc3ZnPg==\" style=\"--smush-placeholder-width: 136px; --smush-placeholder-aspect-ratio: 136\/27;\">\t\t\t\t\t\t\t\t\t\t\t\t\t\t\t<\/div>\n\t\t\t\t<\/div>\n\t\t\t\t<div class=\"elementor-element elementor-element-da87081 elementor-widget elementor-widget-text-editor\" data-id=\"da87081\" data-element_type=\"widget\" data-e-type=\"widget\" data-widget_type=\"text-editor.default\">\n\t\t\t\t<div class=\"elementor-widget-container\">\n\t\t\t\t\t\t\t\t\t<p>La Fondation GENESE (FG) a pour objectif de soutenir ses membres, ainsi que le grand public, dans le d\u00e9veloppement de leur foi en J\u00e9sus-Christ, selon la Bible. La FG est fond\u00e9e sur l\u2019amour de Dieu pour Ses enfants \u00e0 travers J\u00e9sus-Christ, ainsi que sur l\u2019amour que nous avons les uns pour les autres et pour notre prochain. <a href=\"https:\/\/fondationgenese.org\/notre-mission\">En savoir plus.<\/a><\/p>\t\t\t\t\t\t\t\t<\/div>\n\t\t\t\t<\/div>\n\t\t\t\t<\/div>\n\t\t<div class=\"elementor-element elementor-element-b31fd8b e-con-full e-flex e-con e-child\" data-id=\"b31fd8b\" data-element_type=\"container\" data-e-type=\"container\">\n\t\t\t\t<div class=\"elementor-element elementor-element-e3511a2 elementor-widget elementor-widget-image\" data-id=\"e3511a2\" data-element_type=\"widget\" data-e-type=\"widget\" data-widget_type=\"image.default\">\n\t\t\t\t<div class=\"elementor-widget-container\">\n\t\t\t\t\t\t\t\t\t\t\t\t\t\t\t\t<a href=\"https:\/\/rentbuysales.com\/about-us\/\">\n\t\t\t\t\t\t\t<img decoding=\"async\" width=\"136\" height=\"27\" data-src=\"https:\/\/zeroreligion.org\/wp-content\/uploads\/2025\/04\/rbs.png\" class=\"attachment-full size-full wp-image-6543 lazyload\" alt=\"Rbs\" title=\"Nos Partenaires\" src=\"data:image\/svg+xml;base64,PHN2ZyB3aWR0aD0iMSIgaGVpZ2h0PSIxIiB4bWxucz0iaHR0cDovL3d3dy53My5vcmcvMjAwMC9zdmciPjwvc3ZnPg==\" style=\"--smush-placeholder-width: 136px; --smush-placeholder-aspect-ratio: 136\/27;\">\t\t\t\t\t\t\t\t<\/a>\n\t\t\t\t\t\t\t\t\t\t\t\t\t\t\t<\/div>\n\t\t\t\t<\/div>\n\t\t\t\t<div class=\"elementor-element elementor-element-56cd8a5 elementor-widget elementor-widget-text-editor\" data-id=\"56cd8a5\" data-element_type=\"widget\" data-e-type=\"widget\" data-widget_type=\"text-editor.default\">\n\t\t\t\t<div class=\"elementor-widget-container\">\n\t\t\t\t\t\t\t\t\t<p><br \/>RBS est une soci\u00e9t\u00e9 immobili\u00e8re de premier plan offrant une gamme compl\u00e8te de services, d\u00e9di\u00e9e \u00e0 fournir des solutions immobili\u00e8res de haute qualit\u00e9 dans le march\u00e9 dynamique de l\u2019immobilier au Ghana. Gr\u00e2ce \u00e0 un engagement envers l\u2019excellence et une v\u00e9ritable passion pour l\u2019immobilier, nous proposons des services personnalis\u00e9s afin de r\u00e9pondre aux besoins uniques de chacun de nos clients. <a href=\"https:\/\/rentbuysales.com\/about-us\/\">En savoir plus.<\/a><\/p>\t\t\t\t\t\t\t\t<\/div>\n\t\t\t\t<\/div>\n\t\t\t\t<\/div>\n\t\t<div class=\"elementor-element elementor-element-6a1d78e e-con-full e-flex e-con e-child\" data-id=\"6a1d78e\" data-element_type=\"container\" data-e-type=\"container\">\n\t\t\t\t<div class=\"elementor-element elementor-element-2bbd18f elementor-widget elementor-widget-image\" data-id=\"2bbd18f\" data-element_type=\"widget\" data-e-type=\"widget\" data-widget_type=\"image.default\">\n\t\t\t\t<div class=\"elementor-widget-container\">\n\t\t\t\t\t\t\t\t\t\t\t\t\t\t\t\t<a href=\"https:\/\/dovix.ca\/who-we-are\/\">\n\t\t\t\t\t\t\t<img decoding=\"async\" width=\"136\" height=\"27\" data-src=\"https:\/\/zeroreligion.org\/wp-content\/uploads\/2025\/04\/Dovix.png\" class=\"attachment-full size-full wp-image-6541 lazyload\" alt=\"Dovix\" title=\"Nos Partenaires\" src=\"data:image\/svg+xml;base64,PHN2ZyB3aWR0aD0iMSIgaGVpZ2h0PSIxIiB4bWxucz0iaHR0cDovL3d3dy53My5vcmcvMjAwMC9zdmciPjwvc3ZnPg==\" style=\"--smush-placeholder-width: 136px; --smush-placeholder-aspect-ratio: 136\/27;\">\t\t\t\t\t\t\t\t<\/a>\n\t\t\t\t\t\t\t\t\t\t\t\t\t\t\t<\/div>\n\t\t\t\t<\/div>\n\t\t\t\t<div class=\"elementor-element elementor-element-caf9550 elementor-widget elementor-widget-text-editor\" data-id=\"caf9550\" data-element_type=\"widget\" data-e-type=\"widget\" data-widget_type=\"text-editor.default\">\n\t\t\t\t<div class=\"elementor-widget-container\">\n\t\t\t\t\t\t\t\t\t<p>DOVIX Corporation est une entreprise bas\u00e9e au Qu\u00e9bec, engag\u00e9e dans des pratiques de d\u00e9veloppement durable afin de prot\u00e9ger l\u2019environnement. Dans notre principal domaine d\u2019activit\u00e9, nous offrons une large gamme de\u00a0<a href=\"https:\/\/b.dovix.ca\/\">services de bricolage (DIY)<\/a>\u00a0et mettons les clients en relation avec des prestataires locaux de confiance.\n\nVous pouvez facilement r\u00e9server nos services via l\u2019application mobile DOVIX,\u00a0<a href=\"https:\/\/b.dovix.ca\/\">notre site web<\/a>ou simplement en nous appelant. Vous pouvez \u00e9galement passer nous rendre visite directement \u00e0 notre bureau. <a href=\"https:\/\/dovix.ca\/who-we-are\/\">En savoir plus.<\/a><\/p>\t\t\t\t\t\t\t\t<\/div>\n\t\t\t\t<\/div>\n\t\t\t\t<\/div>\n\t\t<div class=\"elementor-element elementor-element-eae1e1a e-con-full e-flex e-con e-child\" data-id=\"eae1e1a\" data-element_type=\"container\" data-e-type=\"container\">\n\t\t\t\t<div class=\"elementor-element elementor-element-1154751 elementor-widget elementor-widget-image\" data-id=\"1154751\" data-element_type=\"widget\" data-e-type=\"widget\" data-widget_type=\"image.default\">\n\t\t\t\t<div class=\"elementor-widget-container\">\n\t\t\t\t\t\t\t\t\t\t\t\t\t\t\t\t<a href=\"https:\/\/wiskomedia.com\/\">\n\t\t\t\t\t\t\t<img decoding=\"async\" width=\"136\" height=\"27\" data-src=\"https:\/\/zeroreligion.org\/wp-content\/uploads\/2025\/04\/Wisko.png\" class=\"attachment-full size-full wp-image-6544 lazyload\" alt=\"Wisko\" title=\"Nos Partenaires\" src=\"data:image\/svg+xml;base64,PHN2ZyB3aWR0aD0iMSIgaGVpZ2h0PSIxIiB4bWxucz0iaHR0cDovL3d3dy53My5vcmcvMjAwMC9zdmciPjwvc3ZnPg==\" style=\"--smush-placeholder-width: 136px; --smush-placeholder-aspect-ratio: 136\/27;\">\t\t\t\t\t\t\t\t<\/a>\n\t\t\t\t\t\t\t\t\t\t\t\t\t\t\t<\/div>\n\t\t\t\t<\/div>\n\t\t\t\t<div class=\"elementor-element elementor-element-8bdca28 elementor-widget elementor-widget-text-editor\" data-id=\"8bdca28\" data-element_type=\"widget\" data-e-type=\"widget\" data-widget_type=\"text-editor.default\">\n\t\t\t\t<div class=\"elementor-widget-container\">\n\t\t\t\t\t\t\t\t\t<p>Wisko Media est plus qu\u2019une entreprise de m\u00e9dias \u2014 c\u2019est un centre cr\u00e9atif, une plateforme pour les voix audacieuses et un espace o\u00f9 les histoires prennent vie. N\u00e9 d\u2019une passion pour la narration authentique, l\u2019expression artistique diversifi\u00e9e et la production ind\u00e9pendante, Wisko Media existe pour mettre en lumi\u00e8re ceux qu\u2019on n\u2019entend pas, ceux qu\u2019on ne voit pas, et ceux qu\u2019on n\u2019oublie jamais. <a href=\"https:\/\/wiskomedia.com\/about\/\">En savoir plus.<\/a><\/p>\t\t\t\t\t\t\t\t<\/div>\n\t\t\t\t<\/div>\n\t\t\t\t<\/div>\n\t\t\t\t\t<\/div>\n\t\t\t\t<\/div>\n\t\t\t\t<\/div>","protected":false},"excerpt":{"rendered":"<p>A few words about Partners Our Trusted The GENESE Foundation (GF) aims to support its members, as well as the general public, in the development of their faith in Jesus Christ, according to the Bible. GF is founded on God&#8217;s love for His children through Jesus Christ, as well as the love we have for [&hellip;]<\/p>\n","protected":false},"author":1,"featured_media":0,"parent":0,"menu_order":0,"comment_status":"closed","ping_status":"closed","template":"","meta":{"site-sidebar-layout":"no-sidebar","site-content-layout":"page-builder","ast-site-content-layout":"default","site-content-style":"default","site-sidebar-style":"default","ast-global-header-display":"","ast-banner-title-visibility":"","ast-main-header-display":"","ast-hfb-above-header-display":"","ast-hfb-below-header-display":"","ast-hfb-mobile-header-display":"","site-post-title":"disabled","ast-breadcrumbs-content":"disabled","ast-featured-img":"disabled","footer-sml-layout":"","ast-disable-related-posts":"","theme-transparent-header-meta":"enabled","adv-header-id-meta":"","stick-header-meta":"","header-above-stick-meta":"","header-main-stick-meta":"","header-below-stick-meta":"","astra-migrate-meta-layouts":"default","ast-page-background-enabled":"default","ast-page-background-meta":{"desktop":{"background-color":"","background-image":"","background-repeat":"repeat","background-position":"center center","background-size":"auto","background-attachment":"scroll","background-type":"","background-media":"","overlay-type":"","overlay-color":"","overlay-opacity":"","overlay-gradient":""},"tablet":{"background-color":"","background-image":"","background-repeat":"repeat","background-position":"center center","background-size":"auto","background-attachment":"scroll","background-type":"","background-media":"","overlay-type":"","overlay-color":"","overlay-opacity":"","overlay-gradient":""},"mobile":{"background-color":"","background-image":"","background-repeat":"repeat","background-position":"center center","background-size":"auto","background-attachment":"scroll","background-type":"","background-media":"","overlay-type":"","overlay-color":"","overlay-opacity":"","overlay-gradient":""}},"ast-content-background-meta":{"desktop":{"background-color":"var(--ast-global-color-5)","background-image":"","background-repeat":"repeat","background-position":"center center","background-size":"auto","background-attachment":"scroll","background-type":"","background-media":"","overlay-type":"","overlay-color":"","overlay-opacity":"","overlay-gradient":""},"tablet":{"background-color":"var(--ast-global-color-5)","background-image":"","background-repeat":"repeat","background-position":"center center","background-size":"auto","background-attachment":"scroll","background-type":"","background-media":"","overlay-type":"","overlay-color":"","overlay-opacity":"","overlay-gradient":""},"mobile":{"background-color":"var(--ast-global-color-5)","background-image":"","background-repeat":"repeat","background-position":"center center","background-size":"auto","background-attachment":"scroll","background-type":"","background-media":"","overlay-type":"","overlay-color":"","overlay-opacity":"","overlay-gradient":""}},"footnotes":""},"class_list":["post-10038","page","type-page","status-publish","hentry"],"_links":{"self":[{"href":"https:\/\/zeroreligion.org\/fr\/wp-json\/wp\/v2\/pages\/10038","targetHints":{"allow":["GET"]}}],"collection":[{"href":"https:\/\/zeroreligion.org\/fr\/wp-json\/wp\/v2\/pages"}],"about":[{"href":"https:\/\/zeroreligion.org\/fr\/wp-json\/wp\/v2\/types\/page"}],"author":[{"embeddable":true,"href":"https:\/\/zeroreligion.org\/fr\/wp-json\/wp\/v2\/users\/1"}],"replies":[{"embeddable":true,"href":"https:\/\/zeroreligion.org\/fr\/wp-json\/wp\/v2\/comments?post=10038"}],"version-history":[{"count":7,"href":"https:\/\/zeroreligion.org\/fr\/wp-json\/wp\/v2\/pages\/10038\/revisions"}],"predecessor-version":[{"id":10048,"href":"https:\/\/zeroreligion.org\/fr\/wp-json\/wp\/v2\/pages\/10038\/revisions\/10048"}],"wp:attachment":[{"href":"https:\/\/zeroreligion.org\/fr\/wp-json\/wp\/v2\/media?parent=10038"}],"curies":[{"name":"wp","href":"https:\/\/api.w.org\/{rel}","templated":true}]}}