{"id":10052,"date":"2026-04-02T22:25:42","date_gmt":"2026-04-02T22:25:42","guid":{"rendered":"https:\/\/zeroreligion.org\/?page_id=10052"},"modified":"2026-04-04T19:04:32","modified_gmt":"2026-04-04T19:04:32","slug":"board-team","status":"publish","type":"page","link":"https:\/\/zeroreligion.org\/fr\/board-team\/","title":{"rendered":"Conseil &amp; \u00c9quipe\u202f"},"content":{"rendered":"<div data-elementor-type=\"wp-page\" data-elementor-id=\"10052\" class=\"elementor elementor-10052\">\n\t\t\t\t<div class=\"elementor-element elementor-element-509d98d e-flex e-con-boxed e-con e-parent\" data-id=\"509d98d\" data-element_type=\"container\" data-e-type=\"container\" data-settings=\"{&quot;background_background&quot;:&quot;classic&quot;}\">\n\t\t\t\t\t<div class=\"e-con-inner\">\n\t\t<div class=\"elementor-element elementor-element-5f82716 e-con-full e-flex e-con e-child\" data-id=\"5f82716\" data-element_type=\"container\" data-e-type=\"container\">\n\t\t\t\t<div class=\"elementor-element elementor-element-ab60654 elementor-widget elementor-widget-heading\" data-id=\"ab60654\" data-element_type=\"widget\" data-e-type=\"widget\" data-widget_type=\"heading.default\">\n\t\t\t\t<div class=\"elementor-widget-container\">\n\t\t\t\t\t<h6 class=\"elementor-heading-title elementor-size-default\">Quelques mots sur<\/h6>\t\t\t\t<\/div>\n\t\t\t\t<\/div>\n\t\t\t\t<div class=\"elementor-element elementor-element-927362c elementor-widget elementor-widget-heading\" data-id=\"927362c\" data-element_type=\"widget\" data-e-type=\"widget\" data-widget_type=\"heading.default\">\n\t\t\t\t<div class=\"elementor-widget-container\">\n\t\t\t\t\t<h1 class=\"elementor-heading-title elementor-size-default\">Conseil et \u00c9quipe\u202f<\/h1>\t\t\t\t<\/div>\n\t\t\t\t<\/div>\n\t\t\t\t<\/div>\n\t\t\t\t\t<\/div>\n\t\t\t\t<\/div>\n\t\t<div class=\"elementor-element elementor-element-dcf8fe3 e-flex e-con-boxed e-con e-parent\" data-id=\"dcf8fe3\" data-element_type=\"container\" data-e-type=\"container\">\n\t\t\t\t\t<div class=\"e-con-inner\">\n\t\t\t\t<div class=\"elementor-element elementor-element-58733c0 elementor-widget elementor-widget-heading\" data-id=\"58733c0\" data-element_type=\"widget\" data-e-type=\"widget\" data-widget_type=\"heading.default\">\n\t\t\t\t<div class=\"elementor-widget-container\">\n\t\t\t\t\t<h1 class=\"elementor-heading-title elementor-size-default\">Conseil d\u2019administration<\/h1>\t\t\t\t<\/div>\n\t\t\t\t<\/div>\n\t\t\t\t<div class=\"elementor-element elementor-element-7ef332a elementor-widget elementor-widget-text-editor\" data-id=\"7ef332a\" data-element_type=\"widget\" data-e-type=\"widget\" data-widget_type=\"text-editor.default\">\n\t\t\t\t<div class=\"elementor-widget-container\">\n\t\t\t\t\t\t\t\t\t<p class=\"\" data-start=\"221\" data-end=\"484\">La vision de Z\u00e9ro Religion est audacieuse \u2014 et elle a besoin de leaders qui croient en une v\u00e9ritable connexion, et non en des traditions vides. Notre conseil d\u2019administration est compos\u00e9 de personnes qui portent ce m\u00eame battement de c\u0153ur : remettre en question les normes \u00e9tablies, d\u00e9fendre l\u2019authenticit\u00e9 et veiller \u00e0 ce que chaque pas que nous faisons reste align\u00e9 avec la v\u00e9rit\u00e9 d\u2019une relation vivante avec Dieu, par J\u00e9sus.<\/p>\t\t\t\t\t\t\t\t<\/div>\n\t\t\t\t<\/div>\n\t\t\t\t\t<\/div>\n\t\t\t\t<\/div>\n\t\t<div class=\"elementor-element elementor-element-c2006ca e-flex e-con-boxed e-con e-parent\" data-id=\"c2006ca\" data-element_type=\"container\" data-e-type=\"container\">\n\t\t\t\t\t<div class=\"e-con-inner\">\n\t\t\t\t<div class=\"elementor-element elementor-element-610029f elementor-widget elementor-widget-html\" data-id=\"610029f\" data-element_type=\"widget\" data-e-type=\"widget\" data-widget_type=\"html.default\">\n\t\t\t\t<div class=\"elementor-widget-container\">\n\t\t\t\t\t<!DOCTYPE html>\n<html lang=\"en\">\n<head>\n<meta charset=\"UTF-8\">\n<meta name=\"viewport\" content=\"width=device-width, initial-scale=1.0\">\n<title>Board of Directors<\/title>\n\n<style>\nbody {\n    font-family: Arial, sans-serif;\n    margin: 0;\n    background-color: #f7f7f7;\n    color: #333;\n}\n\n.container {\n    max-width: 1200px;\n    margin: auto;\n    padding: 40px 20px;\n}\n\nh1 {\n    text-align: center;\n    margin-bottom: 40px;\n    font-size: 36px;\n}\n\n.board-grid {\n    display: grid;\n    grid-template-columns: repeat(3, 1fr);\n    gap: 30px;\n}\n\n@media (max-width: 900px) {\n    .board-grid {\n        grid-template-columns: repeat(2, 1fr);\n    }\n}\n\n@media (max-width: 600px) {\n    .board-grid {\n        grid-template-columns: 1fr;\n    }\n}\n\n.card {\n    background: #fff;\n    border-radius: 12px;\n    overflow: hidden;\n    box-shadow: 0 4px 12px rgba(0,0,0,0.08);\n    transition: transform 0.2s ease;\n    text-align: center;\n    padding-bottom: 20px;\n}\n\n.card:hover {\n    transform: translateY(-5px);\n}\n\n.card img {\n    width: 100%;\n    aspect-ratio: 1 \/ 1;\n    object-fit: cover;\n}\n\n.card h3 {\n    margin: 15px 0 5px;\n    font-size: 20px;\n}\n\n.role {\n    color: #777;\n    font-size: 14px;\n    margin-bottom: 10px;\n}\n\n\/* Read More Styles *\/\n.read-more-btn {\n    display: inline-block;\n    margin-top: 10px;\n    padding: 8px 16px;\n    font-size: 13px;\n    background: #0B5D3B; \/* ZR Deep Green *\/\n    color: #ffffff;\n    border-radius: 6px;\n    cursor: pointer;\n    transition: 0.2s;\n}\n\n.read-more-btn:hover {\n    background: #F53F12; \/* Orange *\/\n    color: #000000;\n}\n\n.more-text {\n    display: none;\n    font-size: 14px;\n    padding: 10px 15px 0;\n    color: #555;\n}\n<\/style>\n\n<script>\nfunction toggleBio(id) {\n    var moreText = document.getElementById(id);\n    var btn = moreText.previousElementSibling;\n\n    if (moreText.style.display === \"block\") {\n        moreText.style.display = \"none\";\n        btn.innerText = \"Read More\";\n    } else {\n        moreText.style.display = \"block\";\n        btn.innerText = \"Show Less\";\n    }\n}\n<\/script>\n\n<\/head>\n<body>\n\n<div class=\"container\">\n<h1><\/h1>\n\n<div class=\"board-grid\">\n\n<!-- 1 -->\n<div class=\"card\">\n<img decoding=\"async\" data-src=\"http:\/\/zeroreligion.org\/wp-content\/uploads\/2026\/03\/profile-new.jpg.png\" alt=\"Profile New.jpg\" title=\"Board &amp; Team\" src=\"data:image\/svg+xml;base64,PHN2ZyB3aWR0aD0iMSIgaGVpZ2h0PSIxIiB4bWxucz0iaHR0cDovL3d3dy53My5vcmcvMjAwMC9zdmciPjwvc3ZnPg==\" class=\"lazyload\">\n<h3>Johnson K James<\/h3>\n<div class=\"role\">Directeur Ex\u00e9cutif<\/div>\n\n<div class=\"bio\">\nLeader visionnaire guidant la mission et l\u2019orientation strat\u00e9gique de ZR.\n<\/div>\n\n<div class=\"read-more-btn\" onclick=\"toggleBio('bio1')\">En savoir plus \u2192<\/div>\n\n<div id=\"bio1\" class=\"more-text\">\nJames est passionn\u00e9 par la construction d\u2019un mouvement centr\u00e9 sur une relation authentique avec Dieu \u00e0 travers J\u00e9sus. Il dirige les initiatives strat\u00e9giques, les partenariats et la vision \u00e0 long terme de l\u2019impact mondial de ZR.\n<\/div>\n<\/div>\n\n<!-- 2 -->\n<div class=\"card\">\n<img decoding=\"async\" data-src=\"http:\/\/zeroreligion.org\/wp-content\/uploads\/2026\/03\/profile-new.jpg.png\" alt=\"Profile New.jpg\" title=\"Board &amp; Team\" src=\"data:image\/svg+xml;base64,PHN2ZyB3aWR0aD0iMSIgaGVpZ2h0PSIxIiB4bWxucz0iaHR0cDovL3d3dy53My5vcmcvMjAwMC9zdmciPjwvc3ZnPg==\" class=\"lazyload\">\n<h3>Arrive Bient\u00f4t<\/h3>\n<div class=\"role\">Secr\u00e9taire<\/div>\n\n<div class=\"bio\">\nAssure la gouvernance et la structure organisationnelle.\n<\/div>\n\n<div class=\"read-more-btn\" onclick=\"toggleBio('bio2')\">En savoir plus \u2192<\/div>\n\n<div id=\"bio2\" class=\"more-text\">\n\u2026 g\u00e8re la documentation, la conformit\u00e9 et la coordination interne,\nen veillant \u00e0 ce que ZR fonctionne avec int\u00e9grit\u00e9 et transparence.\n<\/div>\n<\/div>\n\n<!-- 3 -->\n<div class=\"card\">\n<img decoding=\"async\" data-src=\"http:\/\/zeroreligion.org\/wp-content\/uploads\/2026\/03\/profile-new.jpg.png\" alt=\"Profile New.jpg\" title=\"Board &amp; Team\" src=\"data:image\/svg+xml;base64,PHN2ZyB3aWR0aD0iMSIgaGVpZ2h0PSIxIiB4bWxucz0iaHR0cDovL3d3dy53My5vcmcvMjAwMC9zdmciPjwvc3ZnPg==\" class=\"lazyload\">\n<h3>Arrive Bient\u00f4t<\/h3>\n<div class=\"role\">Tr\u00e9sorier(\u00e8re)<\/div>\n\n<div class=\"bio\">\nSupervise l\u2019int\u00e9grit\u00e9 financi\u00e8re et la responsabilit\u00e9.\n<\/div>\n\n<div class=\"read-more-btn\" onclick=\"toggleBio('bio3')\">En savoir plus \u2192<\/div>\n\n<div id=\"bio3\" class=\"more-text\">\n\u2026 est responsable de la budg\u00e9tisation, de la planification financi\u00e8re et de s\u2019assurer que tous les fonds sont g\u00e9r\u00e9s de mani\u00e8re responsable afin de soutenir la mission de ZR.\n<\/div>\n<\/div>\n\n\n\n<\/div>\n<\/div>\n\n<\/body>\n<\/html>\t\t\t\t<\/div>\n\t\t\t\t<\/div>\n\t\t\t\t\t<\/div>\n\t\t\t\t<\/div>\n\t\t<div class=\"elementor-element elementor-element-1ff5549 e-flex e-con-boxed e-con e-parent\" data-id=\"1ff5549\" data-element_type=\"container\" data-e-type=\"container\">\n\t\t\t\t\t<div class=\"e-con-inner\">\n\t\t\t\t<div class=\"elementor-element elementor-element-266343b elementor-widget elementor-widget-heading\" data-id=\"266343b\" data-element_type=\"widget\" data-e-type=\"widget\" data-widget_type=\"heading.default\">\n\t\t\t\t<div class=\"elementor-widget-container\">\n\t\t\t\t\t<h1 class=\"elementor-heading-title elementor-size-default\">\u00c9quipe<\/h1>\t\t\t\t<\/div>\n\t\t\t\t<\/div>\n\t\t\t\t<div class=\"elementor-element elementor-element-d25e6cd elementor-widget elementor-widget-text-editor\" data-id=\"d25e6cd\" data-element_type=\"widget\" data-e-type=\"widget\" data-widget_type=\"text-editor.default\">\n\t\t\t\t<div class=\"elementor-widget-container\">\n\t\t\t\t\t\t\t\t\t<p class=\"\" data-start=\"221\" data-end=\"484\">Notre \u00e9quipe est compos\u00e9e de personnes qui partagent cette m\u00eame vision, afin de pr\u00e9server l\u2019authenticit\u00e9, encourager la croissance et veiller \u00e0 ce que chaque action reste align\u00e9e avec la v\u00e9rit\u00e9, le sens et des connexions humaines significatives.<\/p>\t\t\t\t\t\t\t\t<\/div>\n\t\t\t\t<\/div>\n\t\t\t\t\t<\/div>\n\t\t\t\t<\/div>\n\t\t<div class=\"elementor-element elementor-element-380d570 e-flex e-con-boxed e-con e-parent\" data-id=\"380d570\" data-element_type=\"container\" data-e-type=\"container\">\n\t\t\t\t\t<div class=\"e-con-inner\">\n\t\t\t\t<div class=\"elementor-element elementor-element-dfead07 elementor-widget elementor-widget-html\" data-id=\"dfead07\" data-element_type=\"widget\" data-e-type=\"widget\" data-widget_type=\"html.default\">\n\t\t\t\t<div class=\"elementor-widget-container\">\n\t\t\t\t\t<!DOCTYPE html>\n<html lang=\"en\">\n<head>\n<meta charset=\"UTF-8\">\n<meta name=\"viewport\" content=\"width=device-width, initial-scale=1.0\">\n<title>Board of Directors<\/title>\n\n<style>\nbody {\n    font-family: Arial, sans-serif;\n    margin: 0;\n    background-color: #f7f7f7;\n    color: #333;\n}\n\n.container {\n    max-width: 1200px;\n    margin: auto;\n    padding: 40px 20px;\n}\n\nh1 {\n    text-align: center;\n    margin-bottom: 40px;\n    font-size: 36px;\n}\n\n.board-grid {\n    display: grid;\n    grid-template-columns: repeat(3, 1fr);\n    gap: 30px;\n}\n\n@media (max-width: 900px) {\n    .board-grid {\n        grid-template-columns: repeat(2, 1fr);\n    }\n}\n\n@media (max-width: 600px) {\n    .board-grid {\n        grid-template-columns: 1fr;\n    }\n}\n\n.card {\n    background: #fff;\n    border-radius: 12px;\n    overflow: hidden;\n    box-shadow: 0 4px 12px rgba(0,0,0,0.08);\n    transition: transform 0.2s ease;\n    text-align: center;\n    padding-bottom: 20px;\n}\n\n.card:hover {\n    transform: translateY(-5px);\n}\n\n.card img {\n    width: 100%;\n    aspect-ratio: 1 \/ 1;\n    object-fit: cover;\n}\n\n.card h3 {\n    margin: 15px 0 5px;\n    font-size: 20px;\n}\n\n.role {\n    color: #777;\n    font-size: 14px;\n    margin-bottom: 10px;\n}\n\n\/* Read More Styles *\/\n.read-more-btn {\n    display: inline-block;\n    margin-top: 10px;\n    padding: 8px 16px;\n    font-size: 13px;\n    background: #0B5D3B; \/* ZR Deep Green *\/\n    color: #ffffff;\n    border-radius: 6px;\n    cursor: pointer;\n    transition: 0.2s;\n}\n\n.read-more-btn:hover {\n    background: #F53F12; \/* Orange *\/\n    color: #000000;\n}\n\n.more-text {\n    display: none;\n    font-size: 14px;\n    padding: 10px 15px 0;\n    color: #555;\n}\n<\/style>\n\n<script>\nfunction toggleBio(id) {\n    var moreText = document.getElementById(id);\n    var btn = moreText.previousElementSibling;\n\n    if (moreText.style.display === \"block\") {\n        moreText.style.display = \"none\";\n        btn.innerText = \"Read More\";\n    } else {\n        moreText.style.display = \"block\";\n        btn.innerText = \"Show Less\";\n    }\n}\n<\/script>\n\n<\/head>\n<body>\n\n<div class=\"container\">\n<h1><\/h1>\n\n<div class=\"board-grid\">\n\n\n\n<!-- 4 -->\n<div class=\"card\">\n<img decoding=\"async\" data-src=\"http:\/\/zeroreligion.org\/wp-content\/uploads\/2026\/03\/profile-new.jpg.png\" alt=\"Profile New.jpg\" title=\"Board &amp; Team\" src=\"data:image\/svg+xml;base64,PHN2ZyB3aWR0aD0iMSIgaGVpZ2h0PSIxIiB4bWxucz0iaHR0cDovL3d3dy53My5vcmcvMjAwMC9zdmciPjwvc3ZnPg==\" class=\"lazyload\">\n<h3>Arrive Bient\u00f4t<\/h3>\n<div class=\"role\">Directeur des Op\u00e9rations<\/div>\n\n<div class=\"bio\">\nDirige l\u2019ex\u00e9cution des programmes et des activit\u00e9s.\n<\/div>\n\n<div class=\"read-more-btn\" onclick=\"toggleBio('bio4')\">En savoir plus \u2192<\/div>\n\n<div id=\"bio4\" class=\"more-text\">\n\u2026 coordonne les \u00e9v\u00e9nements, la logistique et les op\u00e9rations quotidiennes, en veillant \u00e0 ce que chaque initiative soit men\u00e9e \u00e0 bien efficacement.\n<\/div>\n<\/div>\n\n<!-- 5 -->\n<div class=\"card\">\n<img decoding=\"async\" data-src=\"http:\/\/zeroreligion.org\/wp-content\/uploads\/2026\/03\/profile-new.jpg.png\" alt=\"Profile New.jpg\" title=\"Board &amp; Team\" src=\"data:image\/svg+xml;base64,PHN2ZyB3aWR0aD0iMSIgaGVpZ2h0PSIxIiB4bWxucz0iaHR0cDovL3d3dy53My5vcmcvMjAwMC9zdmciPjwvc3ZnPg==\" class=\"lazyload\">\n<h3>Arrive Bient\u00f4t<\/h3>\n<div class=\"role\">Directeur Com &amp; M\u00e9dias<\/div>\n\n<div class=\"bio\">\nG\u00e8re l\u2019image de marque et la pr\u00e9sence num\u00e9rique.\n<\/div>\n\n<div class=\"read-more-btn\" onclick=\"toggleBio('bio5')\">En savoir plus \u2192<\/div>\n\n<div id=\"bio5\" class=\"more-text\">\n\u2026 dirige la cr\u00e9ation de contenu, la strat\u00e9gie des m\u00e9dias sociaux et la narration,\nen amplifiant le message et la visibilit\u00e9 de ZR.\n<\/div>\n<\/div>\n\n<!-- 6 -->\n<div class=\"card\">\n<img decoding=\"async\" data-src=\"http:\/\/zeroreligion.org\/wp-content\/uploads\/2026\/03\/profile-new.jpg.png\" alt=\"Profile New.jpg\" title=\"Board &amp; Team\" src=\"data:image\/svg+xml;base64,PHN2ZyB3aWR0aD0iMSIgaGVpZ2h0PSIxIiB4bWxucz0iaHR0cDovL3d3dy53My5vcmcvMjAwMC9zdmciPjwvc3ZnPg==\" class=\"lazyload\">\n<h3>Arrive Bient\u00f4t<\/h3>\n<div class=\"role\">Directeur Partenariats &amp; Sensibilisation<\/div>\n\n<div class=\"bio\">\n\u00c9tablit des relations et des collaborations strat\u00e9giques.\n<\/div>\n\n<div class=\"read-more-btn\" onclick=\"toggleBio('bio6')\">En savoir plus \u2192<\/div>\n\n<div id=\"bio6\" class=\"more-text\">\n\u2026 connecte ZR avec des partenaires, des sponsors et des communaut\u00e9s,\naidant \u00e0 \u00e9tendre sa port\u00e9e et son impact \u00e0 l\u2019\u00e9chelle locale et mondiale.\n<\/div>\n<\/div>\n\n<\/div>\n<\/div>\n\n<\/body>\n<\/html>\t\t\t\t<\/div>\n\t\t\t\t<\/div>\n\t\t\t\t\t<\/div>\n\t\t\t\t<\/div>\n\t\t\t\t<\/div>","protected":false},"excerpt":{"rendered":"<p>A few words about our Board &amp; Team Board of Directors The vision of Zero Religion is bold, and it needs leaders who believe in real connection, not empty traditions. Our board is made up of individuals who carry this heartbeat: to challenge the norm, uphold authenticity, and ensure that every step we take stays [&hellip;]<\/p>\n","protected":false},"author":1,"featured_media":0,"parent":0,"menu_order":0,"comment_status":"closed","ping_status":"closed","template":"","meta":{"site-sidebar-layout":"no-sidebar","site-content-layout":"page-builder","ast-site-content-layout":"default","site-content-style":"default","site-sidebar-style":"default","ast-global-header-display":"","ast-banner-title-visibility":"","ast-main-header-display":"","ast-hfb-above-header-display":"","ast-hfb-below-header-display":"","ast-hfb-mobile-header-display":"","site-post-title":"disabled","ast-breadcrumbs-content":"disabled","ast-featured-img":"disabled","footer-sml-layout":"","ast-disable-related-posts":"","theme-transparent-header-meta":"enabled","adv-header-id-meta":"","stick-header-meta":"","header-above-stick-meta":"","header-main-stick-meta":"","header-below-stick-meta":"","astra-migrate-meta-layouts":"default","ast-page-background-enabled":"default","ast-page-background-meta":{"desktop":{"background-color":"","background-image":"","background-repeat":"repeat","background-position":"center center","background-size":"auto","background-attachment":"scroll","background-type":"","background-media":"","overlay-type":"","overlay-color":"","overlay-opacity":"","overlay-gradient":""},"tablet":{"background-color":"","background-image":"","background-repeat":"repeat","background-position":"center center","background-size":"auto","background-attachment":"scroll","background-type":"","background-media":"","overlay-type":"","overlay-color":"","overlay-opacity":"","overlay-gradient":""},"mobile":{"background-color":"","background-image":"","background-repeat":"repeat","background-position":"center center","background-size":"auto","background-attachment":"scroll","background-type":"","background-media":"","overlay-type":"","overlay-color":"","overlay-opacity":"","overlay-gradient":""}},"ast-content-background-meta":{"desktop":{"background-color":"var(--ast-global-color-5)","background-image":"","background-repeat":"repeat","background-position":"center center","background-size":"auto","background-attachment":"scroll","background-type":"","background-media":"","overlay-type":"","overlay-color":"","overlay-opacity":"","overlay-gradient":""},"tablet":{"background-color":"var(--ast-global-color-5)","background-image":"","background-repeat":"repeat","background-position":"center center","background-size":"auto","background-attachment":"scroll","background-type":"","background-media":"","overlay-type":"","overlay-color":"","overlay-opacity":"","overlay-gradient":""},"mobile":{"background-color":"var(--ast-global-color-5)","background-image":"","background-repeat":"repeat","background-position":"center center","background-size":"auto","background-attachment":"scroll","background-type":"","background-media":"","overlay-type":"","overlay-color":"","overlay-opacity":"","overlay-gradient":""}},"footnotes":""},"class_list":["post-10052","page","type-page","status-publish","hentry"],"_links":{"self":[{"href":"https:\/\/zeroreligion.org\/fr\/wp-json\/wp\/v2\/pages\/10052","targetHints":{"allow":["GET"]}}],"collection":[{"href":"https:\/\/zeroreligion.org\/fr\/wp-json\/wp\/v2\/pages"}],"about":[{"href":"https:\/\/zeroreligion.org\/fr\/wp-json\/wp\/v2\/types\/page"}],"author":[{"embeddable":true,"href":"https:\/\/zeroreligion.org\/fr\/wp-json\/wp\/v2\/users\/1"}],"replies":[{"embeddable":true,"href":"https:\/\/zeroreligion.org\/fr\/wp-json\/wp\/v2\/comments?post=10052"}],"version-history":[{"count":19,"href":"https:\/\/zeroreligion.org\/fr\/wp-json\/wp\/v2\/pages\/10052\/revisions"}],"predecessor-version":[{"id":10490,"href":"https:\/\/zeroreligion.org\/fr\/wp-json\/wp\/v2\/pages\/10052\/revisions\/10490"}],"wp:attachment":[{"href":"https:\/\/zeroreligion.org\/fr\/wp-json\/wp\/v2\/media?parent=10052"}],"curies":[{"name":"wp","href":"https:\/\/api.w.org\/{rel}","templated":true}]}}