{"id":10097,"date":"2026-04-03T00:19:10","date_gmt":"2026-04-03T00:19:10","guid":{"rendered":"https:\/\/zeroreligion.org\/?page_id=10097"},"modified":"2026-04-05T11:14:22","modified_gmt":"2026-04-05T11:14:22","slug":"workshops","status":"publish","type":"page","link":"https:\/\/zeroreligion.org\/fr\/workshops\/","title":{"rendered":"Ateliers"},"content":{"rendered":"<div data-elementor-type=\"wp-page\" data-elementor-id=\"10097\" class=\"elementor elementor-10097\">\n\t\t\t\t<div class=\"elementor-element elementor-element-069cae9 e-flex e-con-boxed e-con e-parent\" data-id=\"069cae9\" data-element_type=\"container\" data-e-type=\"container\" data-settings=\"{&quot;background_background&quot;:&quot;classic&quot;}\">\n\t\t\t\t\t<div class=\"e-con-inner\">\n\t\t<div class=\"elementor-element elementor-element-8ddf810 e-con-full e-flex e-con e-child\" data-id=\"8ddf810\" data-element_type=\"container\" data-e-type=\"container\">\n\t\t\t\t<div class=\"elementor-element elementor-element-ec7fe6c elementor-widget elementor-widget-heading\" data-id=\"ec7fe6c\" data-element_type=\"widget\" data-e-type=\"widget\" data-widget_type=\"heading.default\">\n\t\t\t\t<div class=\"elementor-widget-container\">\n\t\t\t\t\t<h6 class=\"elementor-heading-title elementor-size-default\">Quelques mots sur <\/h6>\t\t\t\t<\/div>\n\t\t\t\t<\/div>\n\t\t\t\t<div class=\"elementor-element elementor-element-e152130 elementor-widget elementor-widget-heading\" data-id=\"e152130\" data-element_type=\"widget\" data-e-type=\"widget\" data-widget_type=\"heading.default\">\n\t\t\t\t<div class=\"elementor-widget-container\">\n\t\t\t\t\t<h1 class=\"elementor-heading-title elementor-size-default\">Ateliers<\/h1>\t\t\t\t<\/div>\n\t\t\t\t<\/div>\n\t\t\t\t<\/div>\n\t\t\t\t\t<\/div>\n\t\t\t\t<\/div>\n\t\t<div class=\"elementor-element elementor-element-8de2455 e-flex e-con-boxed e-con e-parent\" data-id=\"8de2455\" data-element_type=\"container\" data-e-type=\"container\" data-settings=\"{&quot;background_background&quot;:&quot;classic&quot;}\">\n\t\t\t\t\t<div class=\"e-con-inner\">\n\t\t<div class=\"elementor-element elementor-element-631398d e-con-full e-flex e-con e-child\" data-id=\"631398d\" data-element_type=\"container\" data-e-type=\"container\">\n\t\t\t\t<div class=\"elementor-element elementor-element-75e688e elementor-widget elementor-widget-heading\" data-id=\"75e688e\" data-element_type=\"widget\" data-e-type=\"widget\" data-widget_type=\"heading.default\">\n\t\t\t\t<div class=\"elementor-widget-container\">\n\t\t\t\t\t<h5 class=\"elementor-heading-title elementor-size-default\">Des ateliers mensuels pour la croissance \u2014 communautaire et personnelle sont con\u00e7us pour d\u00e9velopper des comp\u00e9tences pratiques et utiles au quotidien \u2014 allant des projets manuels et r\u00e9parations de base \u00e0 la cuisine et aux activit\u00e9s cr\u00e9atives.\n\n<br>Certains ateliers sont organis\u00e9s en collaboration avec des partenaires communautaires locaux, tandis que d\u2019autres sont en auto-apprentissage, permettant aux participants d\u2019avancer \u00e0 leur propre rythme gr\u00e2ce \u00e0 une approche pratique.\n\n<br>Chaque atelier favorise le d\u00e9veloppement personnel, la durabilit\u00e9, la sensibilisation \u00e0 l\u2019environnement et l\u2019autonomisation des jeunes.\n\n<br>Il existe deux fa\u00e7ons de participer : cliquez sur \u00ab Soutenir les ateliers \u00bb pour contribuer avec le montant de votre choix, ou sur \u00ab Voir les ateliers \u00bb pour d\u00e9couvrir les sessions \u00e0 venir et y prendre part.<\/h5>\t\t\t\t<\/div>\n\t\t\t\t<\/div>\n\t\t\t\t<div class=\"elementor-element elementor-element-24eba46 elementor-widget-divider--view-line elementor-widget elementor-widget-divider\" data-id=\"24eba46\" data-element_type=\"widget\" data-e-type=\"widget\" data-widget_type=\"divider.default\">\n\t\t\t\t<div class=\"elementor-widget-container\">\n\t\t\t\t\t\t\t<div class=\"elementor-divider\">\n\t\t\t<span class=\"elementor-divider-separator\">\n\t\t\t\t\t\t<\/span>\n\t\t<\/div>\n\t\t\t\t\t\t<\/div>\n\t\t\t\t<\/div>\n\t\t\t\t<\/div>\n\t\t\t\t\t<\/div>\n\t\t\t\t<\/div>\n\t\t<div class=\"elementor-element elementor-element-72bcf06 e-flex e-con-boxed e-con e-parent\" data-id=\"72bcf06\" data-element_type=\"container\" data-e-type=\"container\" data-settings=\"{&quot;background_background&quot;:&quot;classic&quot;}\">\n\t\t\t\t\t<div class=\"e-con-inner\">\n\t\t<div class=\"elementor-element elementor-element-1cfeb0a e-con-full e-flex e-con e-child\" data-id=\"1cfeb0a\" data-element_type=\"container\" data-e-type=\"container\">\n\t\t\t\t<div class=\"elementor-element elementor-element-6693461 elementor-widget elementor-widget-image\" data-id=\"6693461\" data-element_type=\"widget\" data-e-type=\"widget\" data-widget_type=\"image.default\">\n\t\t\t\t<div class=\"elementor-widget-container\">\n\t\t\t\t\t\t\t\t\t\t\t\t\t\t\t\t<a href=\"\/fr\/workshop\/\">\n\t\t\t\t\t\t\t<img fetchpriority=\"high\" decoding=\"async\" width=\"2560\" height=\"2560\" src=\"https:\/\/zeroreligion.org\/wp-content\/uploads\/2026\/03\/Community-scaled.jpg\" class=\"attachment-full size-full wp-image-9130\" alt=\"Community Scaled\" srcset=\"https:\/\/zeroreligion.org\/wp-content\/uploads\/2026\/03\/Community-scaled.jpg 2560w, https:\/\/zeroreligion.org\/wp-content\/uploads\/2026\/03\/Community-300x300.jpg 300w, https:\/\/zeroreligion.org\/wp-content\/uploads\/2026\/03\/Community-1024x1024.jpg 1024w, https:\/\/zeroreligion.org\/wp-content\/uploads\/2026\/03\/Community-150x150.jpg 150w, https:\/\/zeroreligion.org\/wp-content\/uploads\/2026\/03\/Community-768x768.jpg 768w, https:\/\/zeroreligion.org\/wp-content\/uploads\/2026\/03\/Community-1536x1536.jpg 1536w, https:\/\/zeroreligion.org\/wp-content\/uploads\/2026\/03\/Community-2048x2048.jpg 2048w, https:\/\/zeroreligion.org\/wp-content\/uploads\/2026\/03\/Community-12x12.jpg 12w\" sizes=\"(max-width: 2560px) 100vw, 2560px\" title=\"Ateliers\">\t\t\t\t\t\t\t\t<\/a>\n\t\t\t\t\t\t\t\t\t\t\t\t\t\t\t<\/div>\n\t\t\t\t<\/div>\n\t\t\t\t<div class=\"elementor-element elementor-element-8e71a03 elementor-widget elementor-widget-heading\" data-id=\"8e71a03\" data-element_type=\"widget\" data-e-type=\"widget\" data-widget_type=\"heading.default\">\n\t\t\t\t<div class=\"elementor-widget-container\">\n\t\t\t\t\t<h5 class=\"elementor-heading-title elementor-size-default\"><a href=\"\/fr\/workshop\/\">\u2764\ufe0f  Communaut\u00e9<\/a><\/h5>\t\t\t\t<\/div>\n\t\t\t\t<\/div>\n\t\t\t\t<div class=\"elementor-element elementor-element-be35c5a elementor-widget-divider--view-line elementor-widget elementor-widget-divider\" data-id=\"be35c5a\" data-element_type=\"widget\" data-e-type=\"widget\" data-widget_type=\"divider.default\">\n\t\t\t\t<div class=\"elementor-widget-container\">\n\t\t\t\t\t\t\t<div class=\"elementor-divider\">\n\t\t\t<span class=\"elementor-divider-separator\">\n\t\t\t\t\t\t<\/span>\n\t\t<\/div>\n\t\t\t\t\t\t<\/div>\n\t\t\t\t<\/div>\n\t\t\t\t<div class=\"elementor-element elementor-element-64aa843 elementor-widget elementor-widget-heading\" data-id=\"64aa843\" data-element_type=\"widget\" data-e-type=\"widget\" data-widget_type=\"heading.default\">\n\t\t\t\t<div class=\"elementor-widget-container\">\n\t\t\t\t\t<h5 class=\"elementor-heading-title elementor-size-default\"><a href=\"\/fr\/workshop\/\"> Aidez-nous \u00e0 offrir des ateliers gratuits ou \u00e0 faible co\u00fbt aux jeunes et aux communaut\u00e9s locales.\n        <br>\n        Your contribution creates real impact.<\/a><\/h5>\t\t\t\t<\/div>\n\t\t\t\t<\/div>\n\t\t\t\t<div class=\"elementor-element elementor-element-409f529 elementor-align-right elementor-widget elementor-widget-button\" data-id=\"409f529\" data-element_type=\"widget\" data-e-type=\"widget\" data-widget_type=\"button.default\">\n\t\t\t\t<div class=\"elementor-widget-container\">\n\t\t\t\t\t\t\t\t\t<div class=\"elementor-button-wrapper\">\n\t\t\t\t\t<a class=\"elementor-button elementor-button-link elementor-size-sm\" href=\"https:\/\/zeroreligion.gumroad.com\/l\/community-support\">\n\t\t\t\t\t\t<span class=\"elementor-button-content-wrapper\">\n\t\t\t\t\t\t\t\t\t<span class=\"elementor-button-text\">Soutenir les ateliers<\/span>\n\t\t\t\t\t<\/span>\n\t\t\t\t\t<\/a>\n\t\t\t\t<\/div>\n\t\t\t\t\t\t\t\t<\/div>\n\t\t\t\t<\/div>\n\t\t\t\t<\/div>\n\t\t<div class=\"elementor-element elementor-element-720c5cc e-con-full e-flex e-con e-child\" data-id=\"720c5cc\" data-element_type=\"container\" data-e-type=\"container\">\n\t\t\t\t<div class=\"elementor-element elementor-element-e8e5f57 elementor-widget elementor-widget-image\" data-id=\"e8e5f57\" data-element_type=\"widget\" data-e-type=\"widget\" data-widget_type=\"image.default\">\n\t\t\t\t<div class=\"elementor-widget-container\">\n\t\t\t\t\t\t\t\t\t\t\t\t\t\t\t\t<a href=\"#\/support\/\">\n\t\t\t\t\t\t\t<img decoding=\"async\" width=\"2000\" height=\"2000\" data-src=\"https:\/\/zeroreligion.org\/wp-content\/uploads\/2026\/03\/yourself.jpg\" class=\"attachment-full size-full wp-image-9132 lazyload\" alt=\"Yourself\" data-srcset=\"https:\/\/zeroreligion.org\/wp-content\/uploads\/2026\/03\/yourself.jpg 2000w, https:\/\/zeroreligion.org\/wp-content\/uploads\/2026\/03\/yourself-300x300.jpg 300w, https:\/\/zeroreligion.org\/wp-content\/uploads\/2026\/03\/yourself-1024x1024.jpg 1024w, https:\/\/zeroreligion.org\/wp-content\/uploads\/2026\/03\/yourself-150x150.jpg 150w, https:\/\/zeroreligion.org\/wp-content\/uploads\/2026\/03\/yourself-768x768.jpg 768w, https:\/\/zeroreligion.org\/wp-content\/uploads\/2026\/03\/yourself-1536x1536.jpg 1536w, https:\/\/zeroreligion.org\/wp-content\/uploads\/2026\/03\/yourself-12x12.jpg 12w\" data-sizes=\"(max-width: 2000px) 100vw, 2000px\" title=\"Ateliers\" src=\"data:image\/svg+xml;base64,PHN2ZyB3aWR0aD0iMSIgaGVpZ2h0PSIxIiB4bWxucz0iaHR0cDovL3d3dy53My5vcmcvMjAwMC9zdmciPjwvc3ZnPg==\" style=\"--smush-placeholder-width: 2000px; --smush-placeholder-aspect-ratio: 2000\/2000;\">\t\t\t\t\t\t\t\t<\/a>\n\t\t\t\t\t\t\t\t\t\t\t\t\t\t\t<\/div>\n\t\t\t\t<\/div>\n\t\t\t\t<div class=\"elementor-element elementor-element-9e2071c elementor-widget elementor-widget-heading\" data-id=\"9e2071c\" data-element_type=\"widget\" data-e-type=\"widget\" data-widget_type=\"heading.default\">\n\t\t\t\t<div class=\"elementor-widget-container\">\n\t\t\t\t\t<h5 class=\"elementor-heading-title elementor-size-default\"><a href=\"\/fr\/support\/\">\ud83d\ude80 Rejoignez vous-m\u00eame<\/a><\/h5>\t\t\t\t<\/div>\n\t\t\t\t<\/div>\n\t\t\t\t<div class=\"elementor-element elementor-element-058567f elementor-widget-divider--view-line elementor-widget elementor-widget-divider\" data-id=\"058567f\" data-element_type=\"widget\" data-e-type=\"widget\" data-widget_type=\"divider.default\">\n\t\t\t\t<div class=\"elementor-widget-container\">\n\t\t\t\t\t\t\t<div class=\"elementor-divider\">\n\t\t\t<span class=\"elementor-divider-separator\">\n\t\t\t\t\t\t<\/span>\n\t\t<\/div>\n\t\t\t\t\t\t<\/div>\n\t\t\t\t<\/div>\n\t\t\t\t<div class=\"elementor-element elementor-element-313b995 elementor-widget elementor-widget-heading\" data-id=\"313b995\" data-element_type=\"widget\" data-e-type=\"widget\" data-widget_type=\"heading.default\">\n\t\t\t\t<div class=\"elementor-widget-container\">\n\t\t\t\t\t<h5 class=\"elementor-heading-title elementor-size-default\"><a href=\"#\/support\/\">   Apprenez des comp\u00e9tences pratiques gr\u00e2ce \u00e0 des ateliers concrets con\u00e7us pour la vie r\u00e9elle.\n        <br>\n        Construis, cr\u00e9e et d\u00e9veloppe-toi \u00e0 ton propre rythme.<\/a><\/h5>\t\t\t\t<\/div>\n\t\t\t\t<\/div>\n\t\t\t\t<div class=\"elementor-element elementor-element-39d95d1 elementor-align-left elementor-widget elementor-widget-button\" data-id=\"39d95d1\" data-element_type=\"widget\" data-e-type=\"widget\" data-widget_type=\"button.default\">\n\t\t\t\t<div class=\"elementor-widget-container\">\n\t\t\t\t\t\t\t\t\t<div class=\"elementor-button-wrapper\">\n\t\t\t\t\t<a class=\"elementor-button elementor-button-link elementor-size-sm\" href=\"https:\/\/zeroreligion.org\/fr\/upcoming-workshops\/\">\n\t\t\t\t\t\t<span class=\"elementor-button-content-wrapper\">\n\t\t\t\t\t\t\t\t\t<span class=\"elementor-button-text\">Voir les ateliers<\/span>\n\t\t\t\t\t<\/span>\n\t\t\t\t\t<\/a>\n\t\t\t\t<\/div>\n\t\t\t\t\t\t\t\t<\/div>\n\t\t\t\t<\/div>\n\t\t\t\t<\/div>\n\t\t\t\t\t<\/div>\n\t\t\t\t<\/div>\n\t\t\t\t<\/div>","protected":false},"excerpt":{"rendered":"<p>A few words about our Workshops Monthly workshops for growth, community and personal are designed to build practical, real-life skills, from hands-on projects and basic repairs to cooking and creative activities. Some sessions are led in collaboration with local community partners, while others are self-guided, allowing participants to learn at their own pace through hands-on [&hellip;]<\/p>\n","protected":false},"author":1,"featured_media":0,"parent":0,"menu_order":0,"comment_status":"closed","ping_status":"closed","template":"","meta":{"site-sidebar-layout":"no-sidebar","site-content-layout":"page-builder","ast-site-content-layout":"full-width-container","site-content-style":"unboxed","site-sidebar-style":"unboxed","ast-global-header-display":"","ast-banner-title-visibility":"","ast-main-header-display":"","ast-hfb-above-header-display":"","ast-hfb-below-header-display":"","ast-hfb-mobile-header-display":"","site-post-title":"disabled","ast-breadcrumbs-content":"disabled","ast-featured-img":"disabled","footer-sml-layout":"","ast-disable-related-posts":"","theme-transparent-header-meta":"enabled","adv-header-id-meta":"","stick-header-meta":"","header-above-stick-meta":"","header-main-stick-meta":"","header-below-stick-meta":"","astra-migrate-meta-layouts":"set","ast-page-background-enabled":"default","ast-page-background-meta":{"desktop":{"background-color":"","background-image":"","background-repeat":"repeat","background-position":"center center","background-size":"auto","background-attachment":"scroll","background-type":"","background-media":"","overlay-type":"","overlay-color":"","overlay-opacity":"","overlay-gradient":""},"tablet":{"background-color":"","background-image":"","background-repeat":"repeat","background-position":"center center","background-size":"auto","background-attachment":"scroll","background-type":"","background-media":"","overlay-type":"","overlay-color":"","overlay-opacity":"","overlay-gradient":""},"mobile":{"background-color":"","background-image":"","background-repeat":"repeat","background-position":"center center","background-size":"auto","background-attachment":"scroll","background-type":"","background-media":"","overlay-type":"","overlay-color":"","overlay-opacity":"","overlay-gradient":""}},"ast-content-background-meta":{"desktop":{"background-color":"var(--ast-global-color-5)","background-image":"","background-repeat":"repeat","background-position":"center center","background-size":"auto","background-attachment":"scroll","background-type":"","background-media":"","overlay-type":"","overlay-color":"","overlay-opacity":"","overlay-gradient":""},"tablet":{"background-color":"var(--ast-global-color-5)","background-image":"","background-repeat":"repeat","background-position":"center center","background-size":"auto","background-attachment":"scroll","background-type":"","background-media":"","overlay-type":"","overlay-color":"","overlay-opacity":"","overlay-gradient":""},"mobile":{"background-color":"var(--ast-global-color-5)","background-image":"","background-repeat":"repeat","background-position":"center center","background-size":"auto","background-attachment":"scroll","background-type":"","background-media":"","overlay-type":"","overlay-color":"","overlay-opacity":"","overlay-gradient":""}},"footnotes":""},"class_list":["post-10097","page","type-page","status-publish","hentry"],"_links":{"self":[{"href":"https:\/\/zeroreligion.org\/fr\/wp-json\/wp\/v2\/pages\/10097","targetHints":{"allow":["GET"]}}],"collection":[{"href":"https:\/\/zeroreligion.org\/fr\/wp-json\/wp\/v2\/pages"}],"about":[{"href":"https:\/\/zeroreligion.org\/fr\/wp-json\/wp\/v2\/types\/page"}],"author":[{"embeddable":true,"href":"https:\/\/zeroreligion.org\/fr\/wp-json\/wp\/v2\/users\/1"}],"replies":[{"embeddable":true,"href":"https:\/\/zeroreligion.org\/fr\/wp-json\/wp\/v2\/comments?post=10097"}],"version-history":[{"count":34,"href":"https:\/\/zeroreligion.org\/fr\/wp-json\/wp\/v2\/pages\/10097\/revisions"}],"predecessor-version":[{"id":10669,"href":"https:\/\/zeroreligion.org\/fr\/wp-json\/wp\/v2\/pages\/10097\/revisions\/10669"}],"wp:attachment":[{"href":"https:\/\/zeroreligion.org\/fr\/wp-json\/wp\/v2\/media?parent=10097"}],"curies":[{"name":"wp","href":"https:\/\/api.w.org\/{rel}","templated":true}]}}