{"id":10117,"date":"2026-04-03T00:33:08","date_gmt":"2026-04-03T00:33:08","guid":{"rendered":"https:\/\/zeroreligion.org\/?page_id=10117"},"modified":"2026-04-03T00:35:42","modified_gmt":"2026-04-03T00:35:42","slug":"book","status":"publish","type":"page","link":"https:\/\/zeroreligion.org\/fr\/book\/","title":{"rendered":"Book"},"content":{"rendered":"<div data-elementor-type=\"wp-page\" data-elementor-id=\"10117\" class=\"elementor elementor-10117\">\n\t\t\t\t<div class=\"elementor-element elementor-element-069cae9 e-flex e-con-boxed e-con e-parent\" data-id=\"069cae9\" data-element_type=\"container\" data-e-type=\"container\" data-settings=\"{&quot;background_background&quot;:&quot;classic&quot;}\">\n\t\t\t\t\t<div class=\"e-con-inner\">\n\t\t<div class=\"elementor-element elementor-element-8ddf810 e-con-full e-flex e-con e-child\" data-id=\"8ddf810\" data-element_type=\"container\" data-e-type=\"container\">\n\t\t\t\t<div class=\"elementor-element elementor-element-ec7fe6c elementor-widget elementor-widget-heading\" data-id=\"ec7fe6c\" data-element_type=\"widget\" data-e-type=\"widget\" data-widget_type=\"heading.default\">\n\t\t\t\t<div class=\"elementor-widget-container\">\n\t\t\t\t\t<h6 class=\"elementor-heading-title elementor-size-default\">A few words about this<\/h6>\t\t\t\t<\/div>\n\t\t\t\t<\/div>\n\t\t\t\t<div class=\"elementor-element elementor-element-e152130 elementor-widget elementor-widget-heading\" data-id=\"e152130\" data-element_type=\"widget\" data-e-type=\"widget\" data-widget_type=\"heading.default\">\n\t\t\t\t<div class=\"elementor-widget-container\">\n\t\t\t\t\t<h1 class=\"elementor-heading-title elementor-size-default\">Book<\/h1>\t\t\t\t<\/div>\n\t\t\t\t<\/div>\n\t\t\t\t<\/div>\n\t\t\t\t\t<\/div>\n\t\t\t\t<\/div>\n\t\t<div class=\"elementor-element elementor-element-4de7af3 e-flex e-con-boxed e-con e-parent\" data-id=\"4de7af3\" data-element_type=\"container\" data-e-type=\"container\">\n\t\t\t\t\t<div class=\"e-con-inner\">\n\t\t\t\t<div class=\"elementor-element elementor-element-a081687 elementor-widget elementor-widget-html\" data-id=\"a081687\" data-element_type=\"widget\" data-e-type=\"widget\" data-widget_type=\"html.default\">\n\t\t\t\t<div class=\"elementor-widget-container\">\n\t\t\t\t\t<style>\n\/* Center all content for the book page *\/\n.et_pb_section_0 {\n  text-align: center;\n}\n\n.et_pb_section_0 img {\n  display: block;\n  margin: 0 auto;\n  max-width: 400px;\n  width: 100%;\n  height: auto;\n}\n\n.et_pb_section_0 h1,\n.et_pb_section_0 h3 {\n  text-align: center;\n  margin-bottom: 20px;\n}\n\n.et_pb_section_0 p {\n  text-align: center;\n  font-size: 16px;\n  line-height: 1.6;\n  margin-bottom: 20px;\n}\n\n.et_pb_section_0 .et_pb_button {\n  display: inline-block;\n  text-align: center;\n  padding: 15px 30px;\n  font-size: 18px;\n  font-weight: bold;\n  background-color: #F53F12; \/* Orange\/red for default *\/\n  color: #ffffff;\n  border-radius: 8px;\n  text-decoration: none;\n  transition: background-color 0.3s ease;\n}\n\n.et_pb_section_0 .et_pb_button:hover {\n  background-color: #1F8A4C; \/* ZR green on hover *\/\n}\n\n.et_pb_section_0 .et_pb_text_2 {\n  font-size: 14px;\n  color: #555555;\n  margin-top: 15px;\n}\n<\/style>\n\n<!-- Start Book Page Layout -->\n<div class=\"et_pb_section et_pb_section_0 et_section_regular\">\n  <div class=\"et_pb_row et_pb_row_0\">\n    <div class=\"et_pb_column et_pb_column_4_4 et_pb_column_0\">\n       <!-- Book Cover -->\n      <div class=\"et_pb_module et_pb_image et_pb_image_0 et_pb_image_align_center\">\n        <img decoding=\"async\" data-src=\"http:\/\/zeroreligion.org\/wp-content\/uploads\/2026\/03\/RPR.jpg\" alt=\"Relation Not Religion \u2013 100% Relationship\" style=\"max-width:400px; width:100%; height:auto;\" title=\"Book\" src=\"data:image\/svg+xml;base64,PHN2ZyB3aWR0aD0iMSIgaGVpZ2h0PSIxIiB4bWxucz0iaHR0cDovL3d3dy53My5vcmcvMjAwMC9zdmciPjwvc3ZnPg==\" class=\"lazyload\">\n      <\/div>    \n      <!-- Page Header -->\n      <div class=\"et_pb_module et_pb_text et_pb_text_0 et_pb_text_align_center\">\n    <h3><\/h3>\n<h2>Relation Pas Religion<\/h2>\n        <h4>D\u00e9couvrez une relation vivante avec J\u00e9sus au-del\u00e0 des rituels<\/h4>\n      <\/div>\n      \n \n      \n      <!-- Description -->\n      <div class=\"et_pb_module et_pb_text et_pb_text_1 et_pb_text_align_center\">\n        <p>\nCe livre n\u2019est pas une invitation \u00e0 rejoindre une nouvelle religion. Il ne s\u2019agit ni d\u2019un manuel religieux, ni d\u2019une tentative de convaincre qui que ce soit.\n\nDans ces pages, je vous invite plut\u00f4t \u00e0 cheminer avec moi vers la Source \u2014 notre Source commune \u2014 vers la V\u00e9rit\u00e9. Avan\u00e7ons ensemble vers cet espace int\u00e9rieur, profond, o\u00f9 les r\u00e9ponses aux grandes questions ne crient pas, mais murmurent.\n\nC\u2019est un lieu d\u2019\u00e9coute attentive, de v\u00e9rit\u00e9 authentique, de lumi\u00e8re douce et de paix durable.\n\nNotre parcours se construira autour de quelques \u00e9tapes essentielles que je vous invite \u00e0 consid\u00e9rer avec attention.\n\n<br><b>Veuillez noter :<\/b> ce livre est actuellement disponible uniquement en fran\u00e7ais. L\u2019auteur travaille activement sur la version anglaise, qui sera publi\u00e9e d\u00e8s que possible.\n        <\/p>\n      <\/div>\n      \n      <!-- Download Button -->\n     <p style=\"text-align:center; font-size:14px; color:#555;\">\nCe livre est gratuit. Sur la page Gumroad, entrez simplement 0 $ pour le t\u00e9l\u00e9charger, <br>ou choisissez le montant de votre choix si vous souhaitez soutenir la mission ZR.<\/br>\n<\/p>\n<div class=\"et_pb_module et_pb_button_module_wrapper et_pb_button_alignment_center\">\n  <a href=\"https:\/\/zeroreligion.gumroad.com\/l\/relationpasreligion\" target=\"_blank\" class=\"et_pb_button et_pb_button_0 et_pb_bg_layout_light\">\n    T\u00e9l\u00e9charger &amp; Soutenir\n  <\/a>\n<\/div>\n      \n      <!-- Optional Donation Note -->\n      <div class=\"et_pb_module et_pb_text et_pb_text_2 et_pb_text_align_center\">\n        <p>\n          Chaque t\u00e9l\u00e9chargement contribue \u00e0 soutenir la mission de Z\u00e9ro Religion.\n        <\/p>\n      <\/div>\n\n    <\/div>\n  <\/div>\n<\/div>\n\n<!-- End Book Page Layout -->\t\t\t\t<\/div>\n\t\t\t\t<\/div>\n\t\t\t\t\t<\/div>\n\t\t\t\t<\/div>\n\t\t<div class=\"elementor-element elementor-element-72bcf06 e-flex e-con-boxed e-con e-parent\" data-id=\"72bcf06\" data-element_type=\"container\" data-e-type=\"container\" data-settings=\"{&quot;background_background&quot;:&quot;classic&quot;}\">\n\t\t\t\t\t<div class=\"e-con-inner\">\n\t\t\t\t\t<\/div>\n\t\t\t\t<\/div>\n\t\t\t\t<\/div>","protected":false},"excerpt":{"rendered":"<p>A few words about this Book Relation Not Religion Discover a living relationship with Jesus beyond rituals This book is not an invitation to join a new religion. It is neither a religious manual nor an attempt to convince anyone. In these pages, I instead invite you to journey with me toward the Source\u2014our shared [&hellip;]<\/p>\n","protected":false},"author":1,"featured_media":0,"parent":0,"menu_order":0,"comment_status":"closed","ping_status":"closed","template":"","meta":{"site-sidebar-layout":"no-sidebar","site-content-layout":"page-builder","ast-site-content-layout":"full-width-container","site-content-style":"unboxed","site-sidebar-style":"unboxed","ast-global-header-display":"","ast-banner-title-visibility":"","ast-main-header-display":"","ast-hfb-above-header-display":"","ast-hfb-below-header-display":"","ast-hfb-mobile-header-display":"","site-post-title":"disabled","ast-breadcrumbs-content":"disabled","ast-featured-img":"disabled","footer-sml-layout":"","ast-disable-related-posts":"","theme-transparent-header-meta":"enabled","adv-header-id-meta":"","stick-header-meta":"","header-above-stick-meta":"","header-main-stick-meta":"","header-below-stick-meta":"","astra-migrate-meta-layouts":"set","ast-page-background-enabled":"default","ast-page-background-meta":{"desktop":{"background-color":"","background-image":"","background-repeat":"repeat","background-position":"center center","background-size":"auto","background-attachment":"scroll","background-type":"","background-media":"","overlay-type":"","overlay-color":"","overlay-opacity":"","overlay-gradient":""},"tablet":{"background-color":"","background-image":"","background-repeat":"repeat","background-position":"center center","background-size":"auto","background-attachment":"scroll","background-type":"","background-media":"","overlay-type":"","overlay-color":"","overlay-opacity":"","overlay-gradient":""},"mobile":{"background-color":"","background-image":"","background-repeat":"repeat","background-position":"center center","background-size":"auto","background-attachment":"scroll","background-type":"","background-media":"","overlay-type":"","overlay-color":"","overlay-opacity":"","overlay-gradient":""}},"ast-content-background-meta":{"desktop":{"background-color":"var(--ast-global-color-5)","background-image":"","background-repeat":"repeat","background-position":"center center","background-size":"auto","background-attachment":"scroll","background-type":"","background-media":"","overlay-type":"","overlay-color":"","overlay-opacity":"","overlay-gradient":""},"tablet":{"background-color":"var(--ast-global-color-5)","background-image":"","background-repeat":"repeat","background-position":"center center","background-size":"auto","background-attachment":"scroll","background-type":"","background-media":"","overlay-type":"","overlay-color":"","overlay-opacity":"","overlay-gradient":""},"mobile":{"background-color":"var(--ast-global-color-5)","background-image":"","background-repeat":"repeat","background-position":"center center","background-size":"auto","background-attachment":"scroll","background-type":"","background-media":"","overlay-type":"","overlay-color":"","overlay-opacity":"","overlay-gradient":""}},"footnotes":""},"class_list":["post-10117","page","type-page","status-publish","hentry"],"_links":{"self":[{"href":"https:\/\/zeroreligion.org\/fr\/wp-json\/wp\/v2\/pages\/10117","targetHints":{"allow":["GET"]}}],"collection":[{"href":"https:\/\/zeroreligion.org\/fr\/wp-json\/wp\/v2\/pages"}],"about":[{"href":"https:\/\/zeroreligion.org\/fr\/wp-json\/wp\/v2\/types\/page"}],"author":[{"embeddable":true,"href":"https:\/\/zeroreligion.org\/fr\/wp-json\/wp\/v2\/users\/1"}],"replies":[{"embeddable":true,"href":"https:\/\/zeroreligion.org\/fr\/wp-json\/wp\/v2\/comments?post=10117"}],"version-history":[{"count":7,"href":"https:\/\/zeroreligion.org\/fr\/wp-json\/wp\/v2\/pages\/10117\/revisions"}],"predecessor-version":[{"id":10124,"href":"https:\/\/zeroreligion.org\/fr\/wp-json\/wp\/v2\/pages\/10117\/revisions\/10124"}],"wp:attachment":[{"href":"https:\/\/zeroreligion.org\/fr\/wp-json\/wp\/v2\/media?parent=10117"}],"curies":[{"name":"wp","href":"https:\/\/api.w.org\/{rel}","templated":true}]}}