{"id":10129,"date":"2026-04-03T00:41:01","date_gmt":"2026-04-03T00:41:01","guid":{"rendered":"https:\/\/zeroreligion.org\/?page_id=10129"},"modified":"2026-04-04T17:41:00","modified_gmt":"2026-04-04T17:41:00","slug":"streaming","status":"publish","type":"page","link":"https:\/\/zeroreligion.org\/fr\/streaming\/","title":{"rendered":"Streaming"},"content":{"rendered":"<div data-elementor-type=\"wp-page\" data-elementor-id=\"10129\" class=\"elementor elementor-10129\">\n\t\t\t\t<div class=\"elementor-element elementor-element-069cae9 e-flex e-con-boxed e-con e-parent\" data-id=\"069cae9\" data-element_type=\"container\" data-e-type=\"container\" data-settings=\"{&quot;background_background&quot;:&quot;classic&quot;}\">\n\t\t\t\t\t<div class=\"e-con-inner\">\n\t\t<div class=\"elementor-element elementor-element-8ddf810 e-con-full e-flex e-con e-child\" data-id=\"8ddf810\" data-element_type=\"container\" data-e-type=\"container\">\n\t\t\t\t<div class=\"elementor-element elementor-element-ec7fe6c elementor-widget elementor-widget-heading\" data-id=\"ec7fe6c\" data-element_type=\"widget\" data-e-type=\"widget\" data-widget_type=\"heading.default\">\n\t\t\t\t<div class=\"elementor-widget-container\">\n\t\t\t\t\t<h6 class=\"elementor-heading-title elementor-size-default\">A few words on<\/h6>\t\t\t\t<\/div>\n\t\t\t\t<\/div>\n\t\t\t\t<div class=\"elementor-element elementor-element-e152130 elementor-widget elementor-widget-heading\" data-id=\"e152130\" data-element_type=\"widget\" data-e-type=\"widget\" data-widget_type=\"heading.default\">\n\t\t\t\t<div class=\"elementor-widget-container\">\n\t\t\t\t\t<h1 class=\"elementor-heading-title elementor-size-default\">Streaming our musics<\/h1>\t\t\t\t<\/div>\n\t\t\t\t<\/div>\n\t\t\t\t<\/div>\n\t\t\t\t\t<\/div>\n\t\t\t\t<\/div>\n\t\t<div class=\"elementor-element elementor-element-3446ac4 e-flex e-con-boxed e-con e-parent\" data-id=\"3446ac4\" data-element_type=\"container\" data-e-type=\"container\">\n\t\t\t\t\t<div class=\"e-con-inner\">\n\t\t<div class=\"elementor-element elementor-element-7f0a75b e-con-full e-flex e-con e-child\" data-id=\"7f0a75b\" data-element_type=\"container\" data-e-type=\"container\">\n\t\t\t\t<\/div>\n\t\t<div class=\"elementor-element elementor-element-43d899f e-con-full e-flex e-con e-child\" data-id=\"43d899f\" data-element_type=\"container\" data-e-type=\"container\">\n\t\t\t\t<div class=\"elementor-element elementor-element-e862708 elementor-widget elementor-widget-heading\" data-id=\"e862708\" data-element_type=\"widget\" data-e-type=\"widget\" data-widget_type=\"heading.default\">\n\t\t\t\t<div class=\"elementor-widget-container\">\n\t\t\t\t\t<h6 class=\"elementor-heading-title elementor-size-default\"> Chaque \u00e9coute renforce ZR et soutient notre mission. <br>By listening, you\u2019re not only supporting our work, but also experiencing music that uplifts the soul and inspires faith in Jesus through carefully crafted, meaningful lyrics. Choose your favorite platform and press play.<\/h6>\t\t\t\t<\/div>\n\t\t\t\t<\/div>\n\t\t\t\t<\/div>\n\t\t<div class=\"elementor-element elementor-element-1499051 e-con-full e-flex e-con e-child\" data-id=\"1499051\" data-element_type=\"container\" data-e-type=\"container\">\n\t\t\t\t<\/div>\n\t\t\t\t\t<\/div>\n\t\t\t\t<\/div>\n\t\t<div class=\"elementor-element elementor-element-11842e6 e-flex e-con-boxed e-con e-parent\" data-id=\"11842e6\" data-element_type=\"container\" data-e-type=\"container\">\n\t\t\t\t\t<div class=\"e-con-inner\">\n\t\t<div class=\"elementor-element elementor-element-b4dbf7f e-con-full e-flex e-con e-child\" data-id=\"b4dbf7f\" data-element_type=\"container\" data-e-type=\"container\" data-settings=\"{&quot;background_background&quot;:&quot;classic&quot;}\">\n\t\t<div class=\"elementor-element elementor-element-c71c84a e-con-full e-flex e-con e-child\" data-id=\"c71c84a\" data-element_type=\"container\" data-e-type=\"container\">\n\t\t\t\t<div class=\"elementor-element elementor-element-fc20aa0 elementor-widget elementor-widget-heading\" data-id=\"fc20aa0\" data-element_type=\"widget\" data-e-type=\"widget\" data-widget_type=\"heading.default\">\n\t\t\t\t<div class=\"elementor-widget-container\">\n\t\t\t\t\t<h2 class=\"elementor-heading-title elementor-size-default\">\ud83c\udfa7 Platforms<\/h2>\t\t\t\t<\/div>\n\t\t\t\t<\/div>\n\t\t\t\t<div class=\"elementor-element elementor-element-0cb69e5 elementor-widget-divider--view-line elementor-widget elementor-widget-divider\" data-id=\"0cb69e5\" data-element_type=\"widget\" data-e-type=\"widget\" data-widget_type=\"divider.default\">\n\t\t\t\t<div class=\"elementor-widget-container\">\n\t\t\t\t\t\t\t<div class=\"elementor-divider\">\n\t\t\t<span class=\"elementor-divider-separator\">\n\t\t\t\t\t\t<\/span>\n\t\t<\/div>\n\t\t\t\t\t\t<\/div>\n\t\t\t\t<\/div>\n\t\t\t\t<\/div>\n\t\t\t\t<\/div>\n\t\t\t\t\t<\/div>\n\t\t\t\t<\/div>\n\t\t<div class=\"elementor-element elementor-element-83fc72b e-flex e-con-boxed e-con e-parent\" data-id=\"83fc72b\" data-element_type=\"container\" data-e-type=\"container\">\n\t\t\t\t\t<div class=\"e-con-inner\">\n\t\t\t\t<div class=\"elementor-element elementor-element-c5910c9 elementor-widget elementor-widget-html\" data-id=\"c5910c9\" data-element_type=\"widget\" data-e-type=\"widget\" data-widget_type=\"html.default\">\n\t\t\t\t<div class=\"elementor-widget-container\">\n\t\t\t\t\t<style>\n.zr-stream-wrapper {\n  font-family: Arial, sans-serif;\n  max-width: 900px;\n  margin: auto;\n  padding: 20px 20px;\n  text-align: center;\n}\n\n.zr-stream-wrapper h1 {\n  font-size: 42px;\n  margin-bottom: 20px;\n}\n\n.zr-stream-wrapper p {\n  font-size: 18px;\n  color: #555;\n  margin-bottom: 50px;\n  line-height: 1.6;\n}\n\n.zr-stream-main-btn, .zr-stream-btn {\n  display: flex;\n  align-items: center;\n  justify-content: center;\n  padding: 14px 26px;\n  border-radius: 30px;\n  text-decoration: none;\n  font-size: 15px;\n  font-weight: bold;\n  background: #0B5D1E;\n  color: #ffffff;\n  transition: all 0.3s ease;\n  box-shadow: 0 6px 18px rgba(0, 0, 0, 0.12);\n}\n\n.zr-stream-main-btn:hover, .zr-stream-btn:hover {\n  background: #D35400;\n  color: #000000;\n  transform: translateY(-4px);\n  box-shadow: 0 12px 26px rgba(0, 0, 0, 0.22);\n}\n\n.zr-stream-main-btn img, .zr-stream-btn img {\n  width: 28px;\n  height: 28px;\n  margin-right: 10px;\n}\n\n.zr-stream-main-btn {\n  padding: 18px 40px;\n  border-radius: 40px;\n  font-size: 18px;\n  margin-bottom: 40px;\n  box-shadow: 0 8px 20px rgba(0, 0, 0, 0.15);\n}\n\n.zr-stream-grid {\n  display: grid;\n  grid-template-columns: repeat(auto-fit, minmax(220px, 1fr));\n  gap: 25px;\n  margin-top: 30px;\n}\n\n.zr-note {\n  margin-top: 60px;\n  font-size: 14px;\n  color: #777;\n}\n<\/style>\n\n<div class=\"zr-stream-wrapper\">\n  <p>\n Available worldwide on all major streaming platforms (Kajo Nova).\n  <\/p>\n\n  <!-- MAIN PLATFORM -->\n  <a href=\"https:\/\/open.spotify.com\/artist\/4Ysn6KwBxl0VThIuZUZIfi\" \n     target=\"_blank\" \n     rel=\"noopener noreferrer\" \n     class=\"zr-stream-main-btn\">\n     <img decoding=\"async\" data-src=\"https:\/\/upload.wikimedia.org\/wikipedia\/commons\/1\/19\/Spotify_logo_without_text.svg\" alt=\"Spotify Logo\" title=\"Streaming\" src=\"data:image\/svg+xml;base64,PHN2ZyB3aWR0aD0iMSIgaGVpZ2h0PSIxIiB4bWxucz0iaHR0cDovL3d3dy53My5vcmcvMjAwMC9zdmciPjwvc3ZnPg==\" class=\"lazyload\"> \u00c9couter sur Spotify\n  <\/a>\n\n  <!-- SECONDARY PLATFORMS -->\n  <div class=\"zr-stream-grid\">\n    <a href=\"https:\/\/music.apple.com\/us\/artist\/kajo-nova\/1834432846\" target=\"_blank\" rel=\"noopener noreferrer\" class=\"zr-stream-btn\">\n      <img decoding=\"async\" data-src=\"https:\/\/upload.wikimedia.org\/wikipedia\/commons\/f\/fa\/Apple_logo_black.svg\" alt=\"Apple Music Logo\" title=\"Streaming\" src=\"data:image\/svg+xml;base64,PHN2ZyB3aWR0aD0iMSIgaGVpZ2h0PSIxIiB4bWxucz0iaHR0cDovL3d3dy53My5vcmcvMjAwMC9zdmciPjwvc3ZnPg==\" class=\"lazyload\"> Apple Music\n    <\/a>\n\n    <a href=\"https:\/\/music.youtube.com\/channel\/UCAcl4C6wz8JdsLZlu_hM7IA\" target=\"_blank\" rel=\"noopener noreferrer\" class=\"zr-stream-btn\">\n      <img decoding=\"async\" data-src=\"https:\/\/upload.wikimedia.org\/wikipedia\/commons\/4\/42\/YouTube_icon_%282013-2017%29.png\" alt=\"YouTube Music Logo\" title=\"Streaming\" src=\"data:image\/svg+xml;base64,PHN2ZyB3aWR0aD0iMSIgaGVpZ2h0PSIxIiB4bWxucz0iaHR0cDovL3d3dy53My5vcmcvMjAwMC9zdmciPjwvc3ZnPg==\" class=\"lazyload\"> YouTube Music\n    <\/a>\n  <\/div>\n\n  <div class=\"zr-note\">\n    Disponible dans le monde entier sur toutes les principales plateformes de streaming.\n  <\/div>\n\n<\/div>\t\t\t\t<\/div>\n\t\t\t\t<\/div>\n\t\t\t\t\t<\/div>\n\t\t\t\t<\/div>\n\t\t<div class=\"elementor-element elementor-element-3ea3f67 e-flex e-con-boxed e-con e-parent\" data-id=\"3ea3f67\" data-element_type=\"container\" data-e-type=\"container\">\n\t\t\t\t\t<div class=\"e-con-inner\">\n\t\t<div class=\"elementor-element elementor-element-b9f63e4 e-con-full e-flex e-con e-child\" data-id=\"b9f63e4\" data-element_type=\"container\" data-e-type=\"container\" data-settings=\"{&quot;background_background&quot;:&quot;classic&quot;}\">\n\t\t<div class=\"elementor-element elementor-element-ee832c1 e-con-full e-flex e-con e-child\" data-id=\"ee832c1\" data-element_type=\"container\" data-e-type=\"container\">\n\t\t\t\t<div class=\"elementor-element elementor-element-855786a elementor-widget elementor-widget-heading\" data-id=\"855786a\" data-element_type=\"widget\" data-e-type=\"widget\" data-widget_type=\"heading.default\">\n\t\t\t\t<div class=\"elementor-widget-container\">\n\t\t\t\t\t<h2 class=\"elementor-heading-title elementor-size-default\">\ud83c\udfa7 Our Productions<\/h2>\t\t\t\t<\/div>\n\t\t\t\t<\/div>\n\t\t\t\t<div class=\"elementor-element elementor-element-2eb5dcc elementor-widget-divider--view-line elementor-widget elementor-widget-divider\" data-id=\"2eb5dcc\" data-element_type=\"widget\" data-e-type=\"widget\" data-widget_type=\"divider.default\">\n\t\t\t\t<div class=\"elementor-widget-container\">\n\t\t\t\t\t\t\t<div class=\"elementor-divider\">\n\t\t\t<span class=\"elementor-divider-separator\">\n\t\t\t\t\t\t<\/span>\n\t\t<\/div>\n\t\t\t\t\t\t<\/div>\n\t\t\t\t<\/div>\n\t\t\t\t<\/div>\n\t\t\t\t<\/div>\n\t\t\t\t\t<\/div>\n\t\t\t\t<\/div>\n\t\t<div class=\"elementor-element elementor-element-f00769f e-flex e-con-boxed e-con e-parent\" data-id=\"f00769f\" data-element_type=\"container\" data-e-type=\"container\">\n\t\t\t\t\t<div class=\"e-con-inner\">\n\t\t\t\t<div class=\"elementor-element elementor-element-3fbe2bd elementor-widget elementor-widget-html\" data-id=\"3fbe2bd\" data-element_type=\"widget\" data-e-type=\"widget\" data-widget_type=\"html.default\">\n\t\t\t\t<div class=\"elementor-widget-container\">\n\t\t\t\t\t\n\n<style>\n.zr-music-wrapper {\n  font-family: Arial, sans-serif;\n  max-width: 1200px;\n  margin: 50px auto;\n  padding: 0 20px;\n  text-align: center;\n}\n\n.zr-music-wrapper h2 {\n  font-size: 38px;\n  margin-bottom: 10px;\n}\n\n.zr-music-wrapper p.subtitle {\n  font-size: 18px;\n  color: #555;\n  margin-bottom: 50px;\n}\n\n.zr-album-grid {\n  display: grid;\n  grid-template-columns: repeat(auto-fit, minmax(250px, 1fr));\n  gap: 30px;\n}\n\n.zr-album-card {\n  background: #ffffff;\n  border-radius: 14px;\n  padding: 25px 20px;\n  box-shadow: 0 8px 25px rgba(0,0,0,0.1);\n  transition: transform 0.3s ease, box-shadow 0.3s ease;\n  text-align: center;\n}\n\n.zr-album-card:hover {\n  transform: translateY(-6px);\n  box-shadow: 0 14px 35px rgba(0,0,0,0.2);\n}\n\n.zr-album-card h3 {\n  font-size: 20px;\n  margin-bottom: 5px;\n}\n\n.zr-album-btn {\n  display: inline-block;\n  padding: 12px 26px;\n  border-radius: 30px;\n  text-decoration: none;\n  font-size: 14px;\n  font-weight: bold;\n  background: #0B5D1E;\n  color: #ffffff;\n  transition: all 0.3s ease;\n  box-shadow: 0 6px 18px rgba(0, 0, 0, 0.12);\n}\n\n.zr-album-btn:hover {\n  background: #D35400;\n  color: #000000;\n  transform: translateY(-3px);\n  box-shadow: 0 12px 26px rgba(0, 0, 0, 0.22);\n}\n<\/style>\n\n<div class=\"zr-music-wrapper\">\n  <h2>Kajo Nova Collective<\/h2>\n  <p class=\"subtitle\">Chaque \u00e9coute renforce ZR et soutient notre mission. <br>En \u00e9coutant, tu \u00e9difies \u00e9galement l\u2019\u00e2me et la foi en J\u00e9sus gr\u00e2ce \u00e0 nos paroles uniques et inspirantes.<\/p>\n\n  <div class=\"zr-album-grid\">\n\n    <!-- English Versions -->\n    <div class=\"zr-album-card\">\n      <img decoding=\"async\" data-src=\"http:\/\/zeroreligion.org\/wp-content\/uploads\/2026\/03\/Kajo-Nova_-Light-Over-Lies.png\" alt=\"Light Over Lies Cover\" style=\"width:100%; border-radius:12px; margin-bottom:15px;\" title=\"Streaming\" src=\"data:image\/svg+xml;base64,PHN2ZyB3aWR0aD0iMSIgaGVpZ2h0PSIxIiB4bWxucz0iaHR0cDovL3d3dy53My5vcmcvMjAwMC9zdmciPjwvc3ZnPg==\" class=\"lazyload\">\n      <h3>LUMI\u00c8RE SUR LES T\u00c9N\u00c8BRES<\/h3>\n      <a href=\"https:\/\/distrokid.com\/hyperfollow\/kajonova\/light-over-lies-2?ref=release\" target=\"_blank\" rel=\"noopener noreferrer\" class=\"zr-album-btn\">Allez Streamer<\/a>\n    <\/div>\n\n    <div class=\"zr-album-card\">\n      <img decoding=\"async\" data-src=\"http:\/\/zeroreligion.org\/wp-content\/uploads\/2026\/03\/Unnchangeable.jpg\" alt=\"Unchangeable Cover\" style=\"width:100%; border-radius:12px; margin-bottom:15px;\" title=\"Streaming\" src=\"data:image\/svg+xml;base64,PHN2ZyB3aWR0aD0iMSIgaGVpZ2h0PSIxIiB4bWxucz0iaHR0cDovL3d3dy53My5vcmcvMjAwMC9zdmciPjwvc3ZnPg==\" class=\"lazyload\">\n      <h3>IN\u00c9BRANLABLE<\/h3>\n      <a href=\"https:\/\/distrokid.com\/hyperfollow\/kajonova\/unchangeable?ref=release\" target=\"_blank\" rel=\"noopener noreferrer\" class=\"zr-album-btn\">Allez Streamer<\/a>\n    <\/div>\n\n    <div class=\"zr-album-card\">\n      <img decoding=\"async\" data-src=\"http:\/\/zeroreligion.org\/wp-content\/uploads\/2026\/03\/By-Grace.jpg\" alt=\"By Grace Cover\" style=\"width:100%; border-radius:12px; margin-bottom:15px;\" title=\"Streaming\" src=\"data:image\/svg+xml;base64,PHN2ZyB3aWR0aD0iMSIgaGVpZ2h0PSIxIiB4bWxucz0iaHR0cDovL3d3dy53My5vcmcvMjAwMC9zdmciPjwvc3ZnPg==\" class=\"lazyload\">\n      <h3>PAR GR\u00c2CE<\/h3>\n      <a href=\"https:\/\/distrokid.com\/hyperfollow\/kajonova\/by-grace?ref=release\" target=\"_blank\" rel=\"noopener noreferrer\" class=\"zr-album-btn\">Allez Streamer<\/a>\n    <\/div>\n\n    <div class=\"zr-album-card\">\n      <img decoding=\"async\" data-src=\"http:\/\/zeroreligion.org\/wp-content\/uploads\/2026\/03\/Rejoice.jpg\" alt=\"Rejoice Cover\" style=\"width:100%; border-radius:12px; margin-bottom:15px;\" title=\"Streaming\" src=\"data:image\/svg+xml;base64,PHN2ZyB3aWR0aD0iMSIgaGVpZ2h0PSIxIiB4bWxucz0iaHR0cDovL3d3dy53My5vcmcvMjAwMC9zdmciPjwvc3ZnPg==\" class=\"lazyload\">\n      <h3>R\u00c9JOUIS TOI<\/h3>\n      <a href=\"https:\/\/distrokid.com\/hyperfollow\/kajonova\/rejoice-3?ref=release\" target=\"_blank\" rel=\"noopener noreferrer\" class=\"zr-album-btn\">Allez Streamer<\/a>\n    <\/div>\n\n    <!-- French Versions -->\n    <div class=\"zr-album-card\">\n      <img decoding=\"async\" data-src=\"http:\/\/zeroreligion.org\/wp-content\/uploads\/2026\/03\/LOL-fr.png\" alt=\"Lumi\u00e8re Sur Les T\u00e9n\u00e8bres Cover\" style=\"width:100%; border-radius:12px; margin-bottom:15px;\" title=\"Streaming\" src=\"data:image\/svg+xml;base64,PHN2ZyB3aWR0aD0iMSIgaGVpZ2h0PSIxIiB4bWxucz0iaHR0cDovL3d3dy53My5vcmcvMjAwMC9zdmciPjwvc3ZnPg==\" class=\"lazyload\">\n      <h3>LIGHT OVER LIES<\/h3>\n      <a href=\"https:\/\/distrokid.com\/hyperfollow\/kajonova\/lumire-sur-les-tnbres?ref=release\" target=\"_blank\" rel=\"noopener noreferrer\" class=\"zr-album-btn\">Allez Streamer<\/a>\n    <\/div>\n\n    <div class=\"zr-album-card\">\n      <img decoding=\"async\" data-src=\"http:\/\/zeroreligion.org\/wp-content\/uploads\/2026\/03\/ine.jpg\" alt=\"IN\u00c9BRANLABLE Cover\" style=\"width:100%; border-radius:12px; margin-bottom:15px;\" title=\"Streaming\" src=\"data:image\/svg+xml;base64,PHN2ZyB3aWR0aD0iMSIgaGVpZ2h0PSIxIiB4bWxucz0iaHR0cDovL3d3dy53My5vcmcvMjAwMC9zdmciPjwvc3ZnPg==\" class=\"lazyload\">\n      <h3>UNCHANGEABLE<\/h3>\n      <a href=\"https:\/\/distrokid.com\/hyperfollow\/kajonova\/inbranlable?ref=release\" target=\"_blank\" rel=\"noopener noreferrer\" class=\"zr-album-btn\">Allez Streamer<\/a>\n    <\/div>\n\n    <div class=\"zr-album-card\">\n      <img decoding=\"async\" data-src=\"http:\/\/zeroreligion.org\/wp-content\/uploads\/2026\/03\/Par-Grace.png\" alt=\"Par Gr\u00e2ce Cover\" style=\"width:100%; border-radius:12px; margin-bottom:15px;\" title=\"Streaming\" src=\"data:image\/svg+xml;base64,PHN2ZyB3aWR0aD0iMSIgaGVpZ2h0PSIxIiB4bWxucz0iaHR0cDovL3d3dy53My5vcmcvMjAwMC9zdmciPjwvc3ZnPg==\" class=\"lazyload\">\n      <h3>BY GRACE<\/h3>\n      <a href=\"https:\/\/distrokid.com\/hyperfollow\/kajonova\/par-grace?ref=release\" target=\"_blank\" rel=\"noopener noreferrer\" class=\"zr-album-btn\">Allez Streamer<\/a>\n    <\/div>\n\n    <div class=\"zr-album-card\">\n      <img decoding=\"async\" data-src=\"http:\/\/zeroreligion.org\/wp-content\/uploads\/2026\/03\/Lumiere-sur-les-mensonges.jpg\" alt=\"R\u00e9jouis Toi Cover\" style=\"width:100%; border-radius:12px; margin-bottom:15px;\" title=\"Streaming\" src=\"data:image\/svg+xml;base64,PHN2ZyB3aWR0aD0iMSIgaGVpZ2h0PSIxIiB4bWxucz0iaHR0cDovL3d3dy53My5vcmcvMjAwMC9zdmciPjwvc3ZnPg==\" class=\"lazyload\">\n      <h3>REJOICE<\/h3>\n      <a href=\"https:\/\/distrokid.com\/hyperfollow\/kajonova\/rjouis-toi?ref=release\" target=\"_blank\" rel=\"noopener noreferrer\" class=\"zr-album-btn\">Allez Streamer<\/a>\n    <\/div>\n\n  <\/div>\n<\/div>\t\t\t\t<\/div>\n\t\t\t\t<\/div>\n\t\t\t\t\t<\/div>\n\t\t\t\t<\/div>\n\t\t\t\t<\/div>","protected":false},"excerpt":{"rendered":"<p>A few words on Streaming our musics Every stream strengthens ZR and empowers our mission. By listening, you\u2019re not only supporting our work, but also experiencing music that uplifts the soul and inspires faith in Jesus through carefully crafted, meaningful lyrics. Choose your favorite platform and press play. \ud83c\udfa7 Platforms Available worldwide on all major [&hellip;]<\/p>\n","protected":false},"author":1,"featured_media":0,"parent":0,"menu_order":0,"comment_status":"closed","ping_status":"closed","template":"","meta":{"site-sidebar-layout":"no-sidebar","site-content-layout":"page-builder","ast-site-content-layout":"full-width-container","site-content-style":"unboxed","site-sidebar-style":"unboxed","ast-global-header-display":"","ast-banner-title-visibility":"","ast-main-header-display":"","ast-hfb-above-header-display":"","ast-hfb-below-header-display":"","ast-hfb-mobile-header-display":"","site-post-title":"disabled","ast-breadcrumbs-content":"disabled","ast-featured-img":"disabled","footer-sml-layout":"","ast-disable-related-posts":"","theme-transparent-header-meta":"enabled","adv-header-id-meta":"","stick-header-meta":"","header-above-stick-meta":"","header-main-stick-meta":"","header-below-stick-meta":"","astra-migrate-meta-layouts":"set","ast-page-background-enabled":"default","ast-page-background-meta":{"desktop":{"background-color":"","background-image":"","background-repeat":"repeat","background-position":"center center","background-size":"auto","background-attachment":"scroll","background-type":"","background-media":"","overlay-type":"","overlay-color":"","overlay-opacity":"","overlay-gradient":""},"tablet":{"background-color":"","background-image":"","background-repeat":"repeat","background-position":"center center","background-size":"auto","background-attachment":"scroll","background-type":"","background-media":"","overlay-type":"","overlay-color":"","overlay-opacity":"","overlay-gradient":""},"mobile":{"background-color":"","background-image":"","background-repeat":"repeat","background-position":"center center","background-size":"auto","background-attachment":"scroll","background-type":"","background-media":"","overlay-type":"","overlay-color":"","overlay-opacity":"","overlay-gradient":""}},"ast-content-background-meta":{"desktop":{"background-color":"var(--ast-global-color-5)","background-image":"","background-repeat":"repeat","background-position":"center center","background-size":"auto","background-attachment":"scroll","background-type":"","background-media":"","overlay-type":"","overlay-color":"","overlay-opacity":"","overlay-gradient":""},"tablet":{"background-color":"var(--ast-global-color-5)","background-image":"","background-repeat":"repeat","background-position":"center center","background-size":"auto","background-attachment":"scroll","background-type":"","background-media":"","overlay-type":"","overlay-color":"","overlay-opacity":"","overlay-gradient":""},"mobile":{"background-color":"var(--ast-global-color-5)","background-image":"","background-repeat":"repeat","background-position":"center center","background-size":"auto","background-attachment":"scroll","background-type":"","background-media":"","overlay-type":"","overlay-color":"","overlay-opacity":"","overlay-gradient":""}},"footnotes":""},"class_list":["post-10129","page","type-page","status-publish","hentry"],"_links":{"self":[{"href":"https:\/\/zeroreligion.org\/fr\/wp-json\/wp\/v2\/pages\/10129","targetHints":{"allow":["GET"]}}],"collection":[{"href":"https:\/\/zeroreligion.org\/fr\/wp-json\/wp\/v2\/pages"}],"about":[{"href":"https:\/\/zeroreligion.org\/fr\/wp-json\/wp\/v2\/types\/page"}],"author":[{"embeddable":true,"href":"https:\/\/zeroreligion.org\/fr\/wp-json\/wp\/v2\/users\/1"}],"replies":[{"embeddable":true,"href":"https:\/\/zeroreligion.org\/fr\/wp-json\/wp\/v2\/comments?post=10129"}],"version-history":[{"count":22,"href":"https:\/\/zeroreligion.org\/fr\/wp-json\/wp\/v2\/pages\/10129\/revisions"}],"predecessor-version":[{"id":10422,"href":"https:\/\/zeroreligion.org\/fr\/wp-json\/wp\/v2\/pages\/10129\/revisions\/10422"}],"wp:attachment":[{"href":"https:\/\/zeroreligion.org\/fr\/wp-json\/wp\/v2\/media?parent=10129"}],"curies":[{"name":"wp","href":"https:\/\/api.w.org\/{rel}","templated":true}]}}