{"id":10140,"date":"2026-04-03T00:55:41","date_gmt":"2026-04-03T00:55:41","guid":{"rendered":"https:\/\/zeroreligion.org\/?page_id=10140"},"modified":"2026-04-03T01:05:01","modified_gmt":"2026-04-03T01:05:01","slug":"upcoming-workshops","status":"publish","type":"page","link":"https:\/\/zeroreligion.org\/fr\/upcoming-workshops\/","title":{"rendered":"Upcoming workshops"},"content":{"rendered":"<div data-elementor-type=\"wp-page\" data-elementor-id=\"10140\" class=\"elementor elementor-10140\">\n\t\t\t\t<div class=\"elementor-element elementor-element-069cae9 e-flex e-con-boxed e-con e-parent\" data-id=\"069cae9\" data-element_type=\"container\" data-e-type=\"container\" data-settings=\"{&quot;background_background&quot;:&quot;classic&quot;}\">\n\t\t\t\t\t<div class=\"e-con-inner\">\n\t\t<div class=\"elementor-element elementor-element-8ddf810 e-con-full e-flex e-con e-child\" data-id=\"8ddf810\" data-element_type=\"container\" data-e-type=\"container\">\n\t\t\t\t<div class=\"elementor-element elementor-element-ec7fe6c elementor-widget elementor-widget-heading\" data-id=\"ec7fe6c\" data-element_type=\"widget\" data-e-type=\"widget\" data-widget_type=\"heading.default\">\n\t\t\t\t<div class=\"elementor-widget-container\">\n\t\t\t\t\t<h6 class=\"elementor-heading-title elementor-size-default\">Quelques mots sur <\/h6>\t\t\t\t<\/div>\n\t\t\t\t<\/div>\n\t\t\t\t<div class=\"elementor-element elementor-element-e152130 elementor-widget elementor-widget-heading\" data-id=\"e152130\" data-element_type=\"widget\" data-e-type=\"widget\" data-widget_type=\"heading.default\">\n\t\t\t\t<div class=\"elementor-widget-container\">\n\t\t\t\t\t<h1 class=\"elementor-heading-title elementor-size-default\">Upcoming Workshops<\/h1>\t\t\t\t<\/div>\n\t\t\t\t<\/div>\n\t\t\t\t<\/div>\n\t\t\t\t\t<\/div>\n\t\t\t\t<\/div>\n\t\t<div class=\"elementor-element elementor-element-eed5694 e-flex e-con-boxed e-con e-parent\" data-id=\"eed5694\" data-element_type=\"container\" data-e-type=\"container\">\n\t\t\t\t\t<div class=\"e-con-inner\">\n\t\t\t\t<div class=\"elementor-element elementor-element-1d74d62 elementor-widget elementor-widget-html\" data-id=\"1d74d62\" data-element_type=\"widget\" data-e-type=\"widget\" data-widget_type=\"html.default\">\n\t\t\t\t<div class=\"elementor-widget-container\">\n\t\t\t\t\t<style>\n.zr-workshop-wrapper {\n  font-family: Arial, sans-serif;\n  max-width: 1000px;\n  margin: 50px auto;\n  padding: 20px;\n  text-align: center;\n}\n\n.zr-workshop-wrapper h1 {\n  font-size: 42px;\n  margin-bottom: 20px;\n}\n\n.zr-workshop-wrapper p.subtitle {\n  font-size: 18px;\n  color: #555;\n  margin-bottom: 40px;\n  line-height: 1.6;\n}\n\n.zr-workshop-grid {\n  display: grid;\n  grid-template-columns: repeat(auto-fit, minmax(280px, 1fr));\n  gap: 25px;\n  margin-top: 30px;\n}\n\n.zr-workshop-card {\n  background: #ffffff;\n  border-radius: 14px;\n  padding: 25px 20px;\n  box-shadow: 0 8px 25px rgba(0,0,0,0.1);\n  transition: transform 0.3s ease, box-shadow 0.3s ease;\n  text-align: center;\n}\n\n.zr-workshop-card img {\n  width:100%; border-radius:12px; margin-bottom:15px;\n}\n\n.zr-workshop-card:hover {\n  transform: translateY(-6px);\n  box-shadow: 0 14px 35px rgba(0,0,0,0.2);\n}\n\n.zr-workshop-card h3 {\n  font-size: 20px;\n  margin-bottom: 10px;\n}\n\n.zr-workshop-card p {\n  font-size: 15px;\n  color: #555;\n  line-height: 1.5;\n}\n\n.zr-workshop-btn {\n  display: inline-block;\n  padding: 12px 26px;\n  border-radius: 30px;\n  text-decoration: none;\n  font-size: 14px;\n  font-weight: bold;\n  background: #0B5D1E;\n  color: #ffffff;\n  transition: all 0.3s ease;\n  margin-top: 15px;\n  box-shadow: 0 6px 18px rgba(0, 0, 0, 0.12);\n}\n\n.zr-workshop-btn:hover {\n  background: #D35400;\n  color: #000000;\n  transform: translateY(-3px);\n  box-shadow: 0 12px 26px rgba(0, 0, 0, 0.22);\n}\n\n.zr-note {\n  margin-top: 50px;\n  font-size: 14px;\n  color: #777;\n}\n<\/style>\n\n<div class=\"zr-workshop-wrapper\">\n \n  <p class=\"subtitle\">\n Discover upcoming workshops focused on practical skills, creativity, and personal growth.\nEach experience is designed to be hands-on, engaging, and accessible to all.\n  <\/p>\n  <div class=\"zr-workshop-grid\">\n\n    <div class=\"zr-workshop-card\">\n      <img decoding=\"async\" data-src=\"http:\/\/zeroreligion.org\/wp-content\/uploads\/2026\/03\/training-1.jpg\" alt=\"Handywork Icon\" title=\"Upcoming workshops\" src=\"data:image\/svg+xml;base64,PHN2ZyB3aWR0aD0iMSIgaGVpZ2h0PSIxIiB4bWxucz0iaHR0cDovL3d3dy53My5vcmcvMjAwMC9zdmciPjwvc3ZnPg==\" class=\"lazyload\">\n      <h3>Bricolage &amp; Outils<\/h3>\n      <p>Introduction aux outils de base et aux r\u00e9parations. Apprenez \u00e0 r\u00e9parer, construire et recycler pour un mode de vie durable.<\/p>\n      <a href=\"https:\/\/zeroreligion.org\/fr\/coming-soon\/\" target=\"_blank\" rel=\"noopener noreferrer\" class=\"zr-workshop-btn\">\n        En savoir plus.\n      <\/a>\n    <\/div>\n\n    <div class=\"zr-workshop-card\">\n      <img decoding=\"async\" data-src=\"http:\/\/zeroreligion.org\/wp-content\/uploads\/2026\/03\/zr-cooking.jpg\" alt=\"Cooking Icon\" title=\"Upcoming workshops\" src=\"data:image\/svg+xml;base64,PHN2ZyB3aWR0aD0iMSIgaGVpZ2h0PSIxIiB4bWxucz0iaHR0cDovL3d3dy53My5vcmcvMjAwMC9zdmciPjwvc3ZnPg==\" class=\"lazyload\">\n      <h3>Comp\u00e9tences Culinaires<\/h3>\n      <p>D\u00e9couvrez des repas faciles, sains et abordables. Une formation pratique pour la vie quotidienne et l\u2019autonomie<\/p>\n      <a href=\"https:\/\/zeroreligion.org\/fr\/coming-soon\/\" target=\"_blank\" rel=\"noopener noreferrer\" class=\"zr-workshop-btn\">\n        En savoir plus.\n      <\/a>\n    <\/div>\n\n    <div class=\"zr-workshop-card\">\n      <img decoding=\"async\" data-src=\"http:\/\/zeroreligion.org\/wp-content\/uploads\/2026\/03\/create.jpg\" alt=\"Creative Icon\" title=\"Upcoming workshops\" src=\"data:image\/svg+xml;base64,PHN2ZyB3aWR0aD0iMSIgaGVpZ2h0PSIxIiB4bWxucz0iaHR0cDovL3d3dy53My5vcmcvMjAwMC9zdmciPjwvc3ZnPg==\" class=\"lazyload\">\n      <h3>Cr\u00e9atif &amp; Bricolage<\/h3>\n      <p>D\u00e9couvrez des techniques d\u2019artisanat, d\u2019upcycling et d\u2019autres comp\u00e9tences cr\u00e9atives qui encouragent la conscience environnementale.<\/p>\n      <a href=\"https:\/\/zeroreligion.org\/fr\/coming-soon\/\" target=\"_blank\" rel=\"noopener noreferrer\" class=\"zr-workshop-btn\">\n        En savoir plus.\n      <\/a>\n    <\/div>\n\n  <\/div>\n\n  \n<\/div>\n\n\n\t\t\t\t<\/div>\n\t\t\t\t<\/div>\n\t\t\t\t\t<\/div>\n\t\t\t\t<\/div>\n\t\t<div class=\"elementor-element elementor-element-c878785 e-flex e-con-boxed e-con e-parent\" data-id=\"c878785\" data-element_type=\"container\" data-e-type=\"container\">\n\t\t\t\t\t<div class=\"e-con-inner\">\n\t\t<div class=\"elementor-element elementor-element-60c52b3 e-con-full e-flex e-con e-child\" data-id=\"60c52b3\" data-element_type=\"container\" data-e-type=\"container\">\n\t\t<div class=\"elementor-element elementor-element-a8fe276 e-con-full e-flex e-con e-child\" data-id=\"a8fe276\" data-element_type=\"container\" data-e-type=\"container\" data-settings=\"{&quot;background_background&quot;:&quot;classic&quot;}\">\n\t\t<div class=\"elementor-element elementor-element-40451be e-con-full e-flex e-con e-child\" data-id=\"40451be\" data-element_type=\"container\" data-e-type=\"container\">\n\t\t\t\t<div class=\"elementor-element elementor-element-aad7bdd elementor-widget elementor-widget-heading\" data-id=\"aad7bdd\" data-element_type=\"widget\" data-e-type=\"widget\" data-widget_type=\"heading.default\">\n\t\t\t\t<div class=\"elementor-widget-container\">\n\t\t\t\t\t<h2 class=\"elementor-heading-title elementor-size-default\">Parlez Nous<\/h2>\t\t\t\t<\/div>\n\t\t\t\t<\/div>\n\t\t\t\t<\/div>\n\t\t\t\t<\/div>\n\t\t\t\t<\/div>\n\t\t\t\t\t<\/div>\n\t\t\t\t<\/div>\n\t\t<div class=\"elementor-element elementor-element-f33a00a e-flex e-con-boxed e-con e-parent\" data-id=\"f33a00a\" data-element_type=\"container\" data-e-type=\"container\">\n\t\t\t\t\t<div class=\"e-con-inner\">\n\t\t<div class=\"elementor-element elementor-element-9f24fe7 e-con-full e-flex e-con e-child\" data-id=\"9f24fe7\" data-element_type=\"container\" data-e-type=\"container\">\n\t\t\t\t<\/div>\n\t\t<div class=\"elementor-element elementor-element-3d5ffed e-con-full e-flex e-con e-child\" data-id=\"3d5ffed\" data-element_type=\"container\" data-e-type=\"container\">\n\t\t\t\t<div class=\"elementor-element elementor-element-b4a4e3d elementor-widget elementor-widget-html\" data-id=\"b4a4e3d\" data-element_type=\"widget\" data-e-type=\"widget\" data-widget_type=\"html.default\">\n\t\t\t\t<div class=\"elementor-widget-container\">\n\t\t\t\t\t<style>\n.r-workshop-wrapper {\n  font-family: Arial, sans-serif;\n  max-width: 1000px;\n  margin: 50px auto;\n  padding: 20px;\n  text-align: center;\n}\n\n.r-workshop-wrapper h1 {\n  font-size: 42px;\n  margin-bottom: 20px;\n}\n\n.r-workshop-wrapper p.subtitle {\n  font-size: 18px;\n  color: #555;\n  margin-bottom: 40px;\n  line-height: 1.6;\n}\n\n.r-workshop-grid {\n  display: grid;\n  grid-template-columns: repeat(auto-fit, minmax(280px, 1fr));\n  gap: 25px;\n  margin-top: 30px;\n}\n\n.r-workshop-card {\n  background: #ffffff;\n  border-radius: 14px;\n  padding: 25px 20px;\n  box-shadow: 0 8px 25px rgba(0,0,0,0.1);\n  transition: transform 0.3s ease, box-shadow 0.3s ease;\n  text-align: center;\n}\n\n.r-workshop-card img {\n  width:20%; border-radius:12px; margin-bottom:15px;\n}\n\n.r-workshop-card:hover {\n  transform: translateY(-6px);\n  box-shadow: 0 14px 35px rgba(0,0,0,0.2);\n}\n\n.r-workshop-card h3 {\n  font-size: 20px;\n  margin-bottom: 10px;\n}\n\n.r-workshop-card p {\n  font-size: 15px;\n  color: #555;\n  line-height: 1.5;\n}\n\n.r-workshop-btn {\n  display: inline-block;\n  padding: 12px 26px;\n  border-radius: 30px;\n  text-decoration: none;\n  font-size: 14px;\n  font-weight: bold;\n  background: #0B5D1E;\n  color: #ffffff;\n  transition: all 0.3s ease;\n  margin-top: 15px;\n  box-shadow: 0 6px 18px rgba(0, 0, 0, 0.12);\n}\n\n.r-workshop-btn:hover {\n  background: #D35400;\n  color: #000000;\n  transform: translateY(-3px);\n  box-shadow: 0 12px 26px rgba(0, 0, 0, 0.22);\n}\n\n.r-note {\n  margin-top: 50px;\n  font-size: 14px;\n  color: #777;\n}\n<\/style>\n\n <div class=\"r-workshop-card\">\n  <img decoding=\"async\" data-src=\"http:\/\/zeroreligion.org\/wp-content\/uploads\/2026\/03\/a.jpg\" alt=\"Email Icon\" title=\"Upcoming workshops\" src=\"data:image\/svg+xml;base64,PHN2ZyB3aWR0aD0iMSIgaGVpZ2h0PSIxIiB4bWxucz0iaHR0cDovL3d3dy53My5vcmcvMjAwMC9zdmciPjwvc3ZnPg==\" class=\"lazyload\">\n  <h3>Demandes Sp\u00e9ciales<\/h3>\n  <p>Si vous souhaitez que nous dispensions une comp\u00e9tence ou une formation particuli\u00e8re, faites-le nous savoir !<\/p>\n  <a href=\"mailto:zeroreligiontv@gmail.com\" target=\"_blank\" rel=\"noopener noreferrer\" class=\"zr-workshop-btn\">\n    Envoyez-Nous un E-mail\n  <\/a>\n<\/div>\t\t\t\t<\/div>\n\t\t\t\t<\/div>\n\t\t\t\t<\/div>\n\t\t<div class=\"elementor-element elementor-element-71dbb3e e-con-full e-flex e-con e-child\" data-id=\"71dbb3e\" data-element_type=\"container\" data-e-type=\"container\">\n\t\t\t\t<\/div>\n\t\t\t\t\t<\/div>\n\t\t\t\t<\/div>\n\t\t\t\t<\/div>","protected":false},"excerpt":{"rendered":"<p>A few words about our Upcoming Workshops Discover upcoming workshops focused on practical skills, creativity, and personal growth. Each experience is designed to be hands-on, engaging, and accessible to all. Handywork &#038; Tools Introduction to basic tools and repairs. Learn to fix, build, and recycle for a sustainable lifestyle. Learn More Cooking Skills Discover easy, [&hellip;]<\/p>\n","protected":false},"author":1,"featured_media":0,"parent":0,"menu_order":0,"comment_status":"closed","ping_status":"closed","template":"","meta":{"site-sidebar-layout":"no-sidebar","site-content-layout":"page-builder","ast-site-content-layout":"full-width-container","site-content-style":"unboxed","site-sidebar-style":"unboxed","ast-global-header-display":"","ast-banner-title-visibility":"","ast-main-header-display":"","ast-hfb-above-header-display":"","ast-hfb-below-header-display":"","ast-hfb-mobile-header-display":"","site-post-title":"disabled","ast-breadcrumbs-content":"disabled","ast-featured-img":"disabled","footer-sml-layout":"","ast-disable-related-posts":"","theme-transparent-header-meta":"enabled","adv-header-id-meta":"","stick-header-meta":"","header-above-stick-meta":"","header-main-stick-meta":"","header-below-stick-meta":"","astra-migrate-meta-layouts":"set","ast-page-background-enabled":"default","ast-page-background-meta":{"desktop":{"background-color":"","background-image":"","background-repeat":"repeat","background-position":"center center","background-size":"auto","background-attachment":"scroll","background-type":"","background-media":"","overlay-type":"","overlay-color":"","overlay-opacity":"","overlay-gradient":""},"tablet":{"background-color":"","background-image":"","background-repeat":"repeat","background-position":"center center","background-size":"auto","background-attachment":"scroll","background-type":"","background-media":"","overlay-type":"","overlay-color":"","overlay-opacity":"","overlay-gradient":""},"mobile":{"background-color":"","background-image":"","background-repeat":"repeat","background-position":"center center","background-size":"auto","background-attachment":"scroll","background-type":"","background-media":"","overlay-type":"","overlay-color":"","overlay-opacity":"","overlay-gradient":""}},"ast-content-background-meta":{"desktop":{"background-color":"var(--ast-global-color-5)","background-image":"","background-repeat":"repeat","background-position":"center center","background-size":"auto","background-attachment":"scroll","background-type":"","background-media":"","overlay-type":"","overlay-color":"","overlay-opacity":"","overlay-gradient":""},"tablet":{"background-color":"var(--ast-global-color-5)","background-image":"","background-repeat":"repeat","background-position":"center center","background-size":"auto","background-attachment":"scroll","background-type":"","background-media":"","overlay-type":"","overlay-color":"","overlay-opacity":"","overlay-gradient":""},"mobile":{"background-color":"var(--ast-global-color-5)","background-image":"","background-repeat":"repeat","background-position":"center center","background-size":"auto","background-attachment":"scroll","background-type":"","background-media":"","overlay-type":"","overlay-color":"","overlay-opacity":"","overlay-gradient":""}},"footnotes":""},"class_list":["post-10140","page","type-page","status-publish","hentry"],"_links":{"self":[{"href":"https:\/\/zeroreligion.org\/fr\/wp-json\/wp\/v2\/pages\/10140","targetHints":{"allow":["GET"]}}],"collection":[{"href":"https:\/\/zeroreligion.org\/fr\/wp-json\/wp\/v2\/pages"}],"about":[{"href":"https:\/\/zeroreligion.org\/fr\/wp-json\/wp\/v2\/types\/page"}],"author":[{"embeddable":true,"href":"https:\/\/zeroreligion.org\/fr\/wp-json\/wp\/v2\/users\/1"}],"replies":[{"embeddable":true,"href":"https:\/\/zeroreligion.org\/fr\/wp-json\/wp\/v2\/comments?post=10140"}],"version-history":[{"count":11,"href":"https:\/\/zeroreligion.org\/fr\/wp-json\/wp\/v2\/pages\/10140\/revisions"}],"predecessor-version":[{"id":10155,"href":"https:\/\/zeroreligion.org\/fr\/wp-json\/wp\/v2\/pages\/10140\/revisions\/10155"}],"wp:attachment":[{"href":"https:\/\/zeroreligion.org\/fr\/wp-json\/wp\/v2\/media?parent=10140"}],"curies":[{"name":"wp","href":"https:\/\/api.w.org\/{rel}","templated":true}]}}