{"id":10165,"date":"2026-04-03T01:12:16","date_gmt":"2026-04-03T01:12:16","guid":{"rendered":"https:\/\/zeroreligion.org\/?page_id=10165"},"modified":"2026-04-05T11:31:54","modified_gmt":"2026-04-05T11:31:54","slug":"follow","status":"publish","type":"page","link":"https:\/\/zeroreligion.org\/fr\/follow\/","title":{"rendered":"Suivez-nous"},"content":{"rendered":"<div data-elementor-type=\"wp-page\" data-elementor-id=\"10165\" class=\"elementor elementor-10165\">\n\t\t\t\t<div class=\"elementor-element elementor-element-069cae9 e-flex e-con-boxed e-con e-parent\" data-id=\"069cae9\" data-element_type=\"container\" data-e-type=\"container\" data-settings=\"{&quot;background_background&quot;:&quot;classic&quot;}\">\n\t\t\t\t\t<div class=\"e-con-inner\">\n\t\t<div class=\"elementor-element elementor-element-8ddf810 e-con-full e-flex e-con e-child\" data-id=\"8ddf810\" data-element_type=\"container\" data-e-type=\"container\">\n\t\t\t\t<div class=\"elementor-element elementor-element-ec7fe6c elementor-widget elementor-widget-heading\" data-id=\"ec7fe6c\" data-element_type=\"widget\" data-e-type=\"widget\" data-widget_type=\"heading.default\">\n\t\t\t\t<div class=\"elementor-widget-container\">\n\t\t\t\t\t<h6 class=\"elementor-heading-title elementor-size-default\">Quelques mots sur <\/h6>\t\t\t\t<\/div>\n\t\t\t\t<\/div>\n\t\t\t\t<div class=\"elementor-element elementor-element-e152130 elementor-widget elementor-widget-heading\" data-id=\"e152130\" data-element_type=\"widget\" data-e-type=\"widget\" data-widget_type=\"heading.default\">\n\t\t\t\t<div class=\"elementor-widget-container\">\n\t\t\t\t\t<h1 class=\"elementor-heading-title elementor-size-default\">Social media handles<\/h1>\t\t\t\t<\/div>\n\t\t\t\t<\/div>\n\t\t\t\t<\/div>\n\t\t\t\t\t<\/div>\n\t\t\t\t<\/div>\n\t\t<div class=\"elementor-element elementor-element-ef11464 e-flex e-con-boxed e-con e-parent\" data-id=\"ef11464\" data-element_type=\"container\" data-e-type=\"container\">\n\t\t\t\t\t<div class=\"e-con-inner\">\n\t\t<div class=\"elementor-element elementor-element-cc1ca26 e-con-full e-flex e-con e-child\" data-id=\"cc1ca26\" data-element_type=\"container\" data-e-type=\"container\" data-settings=\"{&quot;background_background&quot;:&quot;classic&quot;}\">\n\t\t<div class=\"elementor-element elementor-element-01534a2 e-con-full e-flex e-con e-child\" data-id=\"01534a2\" data-element_type=\"container\" data-e-type=\"container\">\n\t\t\t\t<div class=\"elementor-element elementor-element-2bdd63e elementor-widget elementor-widget-heading\" data-id=\"2bdd63e\" data-element_type=\"widget\" data-e-type=\"widget\" data-widget_type=\"heading.default\">\n\t\t\t\t<div class=\"elementor-widget-container\">\n\t\t\t\t\t<h2 class=\"elementor-heading-title elementor-size-default\">\ud83c\udfa7 Suivez-Nous<\/h2>\t\t\t\t<\/div>\n\t\t\t\t<\/div>\n\t\t\t\t<div class=\"elementor-element elementor-element-7aad4aa elementor-widget-divider--view-line elementor-widget elementor-widget-divider\" data-id=\"7aad4aa\" data-element_type=\"widget\" data-e-type=\"widget\" data-widget_type=\"divider.default\">\n\t\t\t\t<div class=\"elementor-widget-container\">\n\t\t\t\t\t\t\t<div class=\"elementor-divider\">\n\t\t\t<span class=\"elementor-divider-separator\">\n\t\t\t\t\t\t<\/span>\n\t\t<\/div>\n\t\t\t\t\t\t<\/div>\n\t\t\t\t<\/div>\n\t\t\t\t<\/div>\n\t\t\t\t<\/div>\n\t\t\t\t\t<\/div>\n\t\t\t\t<\/div>\n\t\t<div class=\"elementor-element elementor-element-517fe48 e-flex e-con-boxed e-con e-parent\" data-id=\"517fe48\" data-element_type=\"container\" data-e-type=\"container\">\n\t\t\t\t\t<div class=\"e-con-inner\">\n\t\t\t\t<div class=\"elementor-element elementor-element-7e8e065 elementor-widget elementor-widget-html\" data-id=\"7e8e065\" data-element_type=\"widget\" data-e-type=\"widget\" data-widget_type=\"html.default\">\n\t\t\t\t<div class=\"elementor-widget-container\">\n\t\t\t\t\t<style>\n.zr-social-wrapper {\n  font-family: Arial, sans-serif;\n  max-width: 900px;\n  margin: 50px auto;\n  padding: 20px;\n  text-align: center;\n}\n\n.zr-social-wrapper h1 {\n  font-size: 42px;\n  margin-bottom: 20px;\n}\n\n.zr-social-wrapper p {\n  font-size: 18px;\n  color: #555;\n  margin-bottom: 40px;\n  line-height: 1.6;\n}\n\n.zr-social-grid {\n  display: grid;\n  grid-template-columns: repeat(auto-fit, minmax(220px, 1fr));\n  gap: 25px;\n  margin-top: 20px;\n}\n\n.zr-social-btn {\n  display: flex;\n  align-items: center;\n  justify-content: center;\n  padding: 14px 26px;\n  border-radius: 30px;\n  text-decoration: none;\n  font-size: 16px;\n  font-weight: bold;\n  background: #0B5D1E;\n  color: #ffffff;\n  transition: all 0.3s ease;\n  box-shadow: 0 6px 18px rgba(0, 0, 0, 0.12);\n}\n\n.zr-social-btn img {\n  width: 28px;\n  height: 28px;\n  margin-right: 10px;\n}\n\n.zr-social-btn:hover {\n  background: #D35400;\n  color: #000000;\n  transform: translateY(-3px);\n  box-shadow: 0 12px 26px rgba(0, 0, 0, 0.22);\n}\n\n.zr-note {\n  margin-top: 50px;\n  font-size: 14px;\n  color: #777;\n}\n<\/style>\n\n<div class=\"zr-social-wrapper\">\n\n  <p>Restez connect\u00e9 aux activit\u00e9s de ZR. Suivez-nous sur les r\u00e9seaux sociaux pour recevoir les mises \u00e0 jour, <br>les nouvelles sorties et du contenu exclusif.<\/p>\n\n  <div class=\"zr-social-grid\">\n    <a href=\"https:\/\/www.facebook.com\/zeroreligionchannel\" target=\"_blank\" rel=\"noopener noreferrer\" class=\"zr-social-btn\">\n      <img decoding=\"async\" data-src=\"https:\/\/upload.wikimedia.org\/wikipedia\/commons\/5\/51\/Facebook_f_logo_%282019%29.svg\" alt=\"Facebook Logo\" title=\"Suivez-nous\" src=\"data:image\/svg+xml;base64,PHN2ZyB3aWR0aD0iMSIgaGVpZ2h0PSIxIiB4bWxucz0iaHR0cDovL3d3dy53My5vcmcvMjAwMC9zdmciPjwvc3ZnPg==\" class=\"lazyload\"> Facebook\n    <\/a>\n\n    <a href=\"https:\/\/www.instagram.com\/zeroreligionchannel\" target=\"_blank\" rel=\"noopener noreferrer\" class=\"zr-social-btn\">\n      <img decoding=\"async\" data-src=\"https:\/\/upload.wikimedia.org\/wikipedia\/commons\/e\/e7\/Instagram_logo_2016.svg\" alt=\"Instagram Logo\" title=\"Suivez-nous\" src=\"data:image\/svg+xml;base64,PHN2ZyB3aWR0aD0iMSIgaGVpZ2h0PSIxIiB4bWxucz0iaHR0cDovL3d3dy53My5vcmcvMjAwMC9zdmciPjwvc3ZnPg==\" class=\"lazyload\"> Instagram\n    <\/a>\n\n    <a href=\"https:\/\/www.twitter.com\/zeroreligionchannel\" target=\"_blank\" rel=\"noopener noreferrer\" class=\"zr-social-btn\">\n      <img decoding=\"async\" data-src=\"https:\/\/upload.wikimedia.org\/wikipedia\/commons\/c\/cc\/X_icon.svg\" alt=\"Twitter Logo\" title=\"Suivez-nous\" src=\"data:image\/svg+xml;base64,PHN2ZyB3aWR0aD0iMSIgaGVpZ2h0PSIxIiB4bWxucz0iaHR0cDovL3d3dy53My5vcmcvMjAwMC9zdmciPjwvc3ZnPg==\" class=\"lazyload\"> X\n    <\/a>\n\n    <a href=\"https:\/\/www.youtube.com\/@ZeroReligionchannel\" target=\"_blank\" rel=\"noopener noreferrer\" class=\"zr-social-btn\">\n      <img decoding=\"async\" data-src=\"https:\/\/upload.wikimedia.org\/wikipedia\/commons\/4\/42\/YouTube_icon_%282013-2017%29.png\" alt=\"YouTube Logo\" title=\"Suivez-nous\" src=\"data:image\/svg+xml;base64,PHN2ZyB3aWR0aD0iMSIgaGVpZ2h0PSIxIiB4bWxucz0iaHR0cDovL3d3dy53My5vcmcvMjAwMC9zdmciPjwvc3ZnPg==\" class=\"lazyload\"> Youtube\n    <\/a>\n\n    <a href=\"https:\/\/www.tiktok.com\/@zeroregilionchannel\" target=\"_blank\" rel=\"noopener noreferrer\" class=\"zr-social-btn\">\n      <img decoding=\"async\" data-src=\"https:\/\/upload.wikimedia.org\/wikipedia\/commons\/a\/a6\/Tiktok_icon.svg\" alt=\"TikTok Logo\" title=\"Suivez-nous\" src=\"data:image\/svg+xml;base64,PHN2ZyB3aWR0aD0iMSIgaGVpZ2h0PSIxIiB4bWxucz0iaHR0cDovL3d3dy53My5vcmcvMjAwMC9zdmciPjwvc3ZnPg==\" class=\"lazyload\"> TikTok\n    <\/a>\n\n    <a href=\"https:\/\/www.linkedin.com\/in\/YourPage\" target=\"_blank\" rel=\"noopener noreferrer\" class=\"zr-social-btn\">\n      <img decoding=\"async\" data-src=\"https:\/\/upload.wikimedia.org\/wikipedia\/commons\/c\/ca\/LinkedIn_logo_initials.png\" alt=\"LinkedIn Logo\" title=\"Suivez-nous\" src=\"data:image\/svg+xml;base64,PHN2ZyB3aWR0aD0iMSIgaGVpZ2h0PSIxIiB4bWxucz0iaHR0cDovL3d3dy53My5vcmcvMjAwMC9zdmciPjwvc3ZnPg==\" class=\"lazyload\"> LinkedIn\n    <\/a>\n  <\/div>\n\n  <div class=\"zr-note\">\n    Connectez-vous avec nous et faites partie de notre communaut\u00e9 en pleine croissance\u202f!\n  <\/div>\n<\/div>\t\t\t\t<\/div>\n\t\t\t\t<\/div>\n\t\t\t\t\t<\/div>\n\t\t\t\t<\/div>\n\t\t\t\t<\/div>","protected":false},"excerpt":{"rendered":"<p>A few words about our Social media handles \ud83c\udfa7 Follow Us Stay connected ZR activities. Follow us on social media to get updates, new releases, and exclusive content. Facebook Instagram X YouTube TikTok LinkedIn Connect with us and be part of our growing community!<\/p>","protected":false},"author":1,"featured_media":0,"parent":0,"menu_order":0,"comment_status":"closed","ping_status":"closed","template":"","meta":{"site-sidebar-layout":"no-sidebar","site-content-layout":"page-builder","ast-site-content-layout":"full-width-container","site-content-style":"unboxed","site-sidebar-style":"unboxed","ast-global-header-display":"","ast-banner-title-visibility":"","ast-main-header-display":"","ast-hfb-above-header-display":"","ast-hfb-below-header-display":"","ast-hfb-mobile-header-display":"","site-post-title":"disabled","ast-breadcrumbs-content":"disabled","ast-featured-img":"disabled","footer-sml-layout":"","ast-disable-related-posts":"","theme-transparent-header-meta":"enabled","adv-header-id-meta":"","stick-header-meta":"","header-above-stick-meta":"","header-main-stick-meta":"","header-below-stick-meta":"","astra-migrate-meta-layouts":"set","ast-page-background-enabled":"default","ast-page-background-meta":{"desktop":{"background-color":"","background-image":"","background-repeat":"repeat","background-position":"center center","background-size":"auto","background-attachment":"scroll","background-type":"","background-media":"","overlay-type":"","overlay-color":"","overlay-opacity":"","overlay-gradient":""},"tablet":{"background-color":"","background-image":"","background-repeat":"repeat","background-position":"center center","background-size":"auto","background-attachment":"scroll","background-type":"","background-media":"","overlay-type":"","overlay-color":"","overlay-opacity":"","overlay-gradient":""},"mobile":{"background-color":"","background-image":"","background-repeat":"repeat","background-position":"center center","background-size":"auto","background-attachment":"scroll","background-type":"","background-media":"","overlay-type":"","overlay-color":"","overlay-opacity":"","overlay-gradient":""}},"ast-content-background-meta":{"desktop":{"background-color":"var(--ast-global-color-5)","background-image":"","background-repeat":"repeat","background-position":"center center","background-size":"auto","background-attachment":"scroll","background-type":"","background-media":"","overlay-type":"","overlay-color":"","overlay-opacity":"","overlay-gradient":""},"tablet":{"background-color":"var(--ast-global-color-5)","background-image":"","background-repeat":"repeat","background-position":"center center","background-size":"auto","background-attachment":"scroll","background-type":"","background-media":"","overlay-type":"","overlay-color":"","overlay-opacity":"","overlay-gradient":""},"mobile":{"background-color":"var(--ast-global-color-5)","background-image":"","background-repeat":"repeat","background-position":"center center","background-size":"auto","background-attachment":"scroll","background-type":"","background-media":"","overlay-type":"","overlay-color":"","overlay-opacity":"","overlay-gradient":""}},"footnotes":""},"class_list":["post-10165","page","type-page","status-publish","hentry"],"_links":{"self":[{"href":"https:\/\/zeroreligion.org\/fr\/wp-json\/wp\/v2\/pages\/10165","targetHints":{"allow":["GET"]}}],"collection":[{"href":"https:\/\/zeroreligion.org\/fr\/wp-json\/wp\/v2\/pages"}],"about":[{"href":"https:\/\/zeroreligion.org\/fr\/wp-json\/wp\/v2\/types\/page"}],"author":[{"embeddable":true,"href":"https:\/\/zeroreligion.org\/fr\/wp-json\/wp\/v2\/users\/1"}],"replies":[{"embeddable":true,"href":"https:\/\/zeroreligion.org\/fr\/wp-json\/wp\/v2\/comments?post=10165"}],"version-history":[{"count":4,"href":"https:\/\/zeroreligion.org\/fr\/wp-json\/wp\/v2\/pages\/10165\/revisions"}],"predecessor-version":[{"id":10170,"href":"https:\/\/zeroreligion.org\/fr\/wp-json\/wp\/v2\/pages\/10165\/revisions\/10170"}],"wp:attachment":[{"href":"https:\/\/zeroreligion.org\/fr\/wp-json\/wp\/v2\/media?parent=10165"}],"curies":[{"name":"wp","href":"https:\/\/api.w.org\/{rel}","templated":true}]}}