{"id":10198,"date":"2026-04-03T02:03:50","date_gmt":"2026-04-03T02:03:50","guid":{"rendered":"https:\/\/zeroreligion.org\/?page_id=10198"},"modified":"2026-04-06T15:53:21","modified_gmt":"2026-04-06T15:53:21","slug":"creative-projects","status":"publish","type":"page","link":"https:\/\/zeroreligion.org\/fr\/creative-projects\/","title":{"rendered":"Creative Projects"},"content":{"rendered":"<div data-elementor-type=\"wp-page\" data-elementor-id=\"10198\" class=\"elementor elementor-10198\">\n\t\t\t\t<div class=\"elementor-element elementor-element-bbef9d3 e-flex e-con-boxed e-con e-parent\" data-id=\"bbef9d3\" data-element_type=\"container\" data-e-type=\"container\" data-settings=\"{&quot;background_background&quot;:&quot;classic&quot;}\">\n\t\t\t\t\t<div class=\"e-con-inner\">\n\t\t<div class=\"elementor-element elementor-element-5c46ef4 e-con-full e-flex e-con e-child\" data-id=\"5c46ef4\" data-element_type=\"container\" data-e-type=\"container\">\n\t\t\t\t<div class=\"elementor-element elementor-element-25c0ef8 elementor-widget elementor-widget-heading\" data-id=\"25c0ef8\" data-element_type=\"widget\" data-e-type=\"widget\" data-widget_type=\"heading.default\">\n\t\t\t\t<div class=\"elementor-widget-container\">\n\t\t\t\t\t<h6 class=\"elementor-heading-title elementor-size-default\">Quelques mots sur<\/h6>\t\t\t\t<\/div>\n\t\t\t\t<\/div>\n\t\t\t\t<div class=\"elementor-element elementor-element-8a933be elementor-widget elementor-widget-heading\" data-id=\"8a933be\" data-element_type=\"widget\" data-e-type=\"widget\" data-widget_type=\"heading.default\">\n\t\t\t\t<div class=\"elementor-widget-container\">\n\t\t\t\t\t<h2 class=\"elementor-heading-title elementor-size-default\">Projets cr\u00e9atifs impact &amp; approche<\/h2>\t\t\t\t<\/div>\n\t\t\t\t<\/div>\n\t\t\t\t<\/div>\n\t\t\t\t\t<\/div>\n\t\t\t\t<\/div>\n\t\t<div class=\"elementor-element elementor-element-c1bf2f4 e-flex e-con-boxed e-con e-parent\" data-id=\"c1bf2f4\" data-element_type=\"container\" data-e-type=\"container\" data-settings=\"{&quot;background_background&quot;:&quot;classic&quot;}\">\n\t\t\t\t\t<div class=\"e-con-inner\">\n\t\t<div class=\"elementor-element elementor-element-9acb1e6 e-con-full e-flex e-con e-child\" data-id=\"9acb1e6\" data-element_type=\"container\" data-e-type=\"container\" data-settings=\"{&quot;background_background&quot;:&quot;classic&quot;}\">\n\t\t\t\t<div class=\"elementor-element elementor-element-7f527a4 elementor-widget elementor-widget-heading\" data-id=\"7f527a4\" data-element_type=\"widget\" data-e-type=\"widget\" data-widget_type=\"heading.default\">\n\t\t\t\t<div class=\"elementor-widget-container\">\n\t\t\t\t\t<h3 class=\"elementor-heading-title elementor-size-default\">\ud83d\udfea Pourquoi c\u2019est important<\/h3>\t\t\t\t<\/div>\n\t\t\t\t<\/div>\n\t\t\t\t<div class=\"elementor-element elementor-element-14b5c3e elementor-widget-divider--view-line elementor-widget elementor-widget-divider\" data-id=\"14b5c3e\" data-element_type=\"widget\" data-e-type=\"widget\" data-widget_type=\"divider.default\">\n\t\t\t\t<div class=\"elementor-widget-container\">\n\t\t\t\t\t\t\t<div class=\"elementor-divider\">\n\t\t\t<span class=\"elementor-divider-separator\">\n\t\t\t\t\t\t<\/span>\n\t\t<\/div>\n\t\t\t\t\t\t<\/div>\n\t\t\t\t<\/div>\n\t\t\t\t<div class=\"elementor-element elementor-element-e38c6e3 elementor-widget elementor-widget-heading\" data-id=\"e38c6e3\" data-element_type=\"widget\" data-e-type=\"widget\" data-widget_type=\"heading.default\">\n\t\t\t\t<div class=\"elementor-widget-container\">\n\t\t\t\t\t<h6 class=\"elementor-heading-title elementor-size-default\">L\u2019expression cr\u00e9ative joue un r\u00f4le cl\u00e9 dans le d\u00e9veloppement personnel et le renforcement de la confiance en soi. <br>De nombreuses personnes n\u2019ont pas acc\u00e8s \u00e0 des espaces o\u00f9 elles peuvent explorer des id\u00e9es, s\u2019exprimer et d\u00e9velopper leurs capacit\u00e9s cr\u00e9atives de mani\u00e8re significative \u00e0 travers des activit\u00e9s telles que l\u2019art et la cr\u00e9ation visuelle, la cr\u00e9ation musicale, les projets m\u00e9dias et d\u2019autres formes de travail cr\u00e9atif.\n<br><br>\nDans un monde en constante \u00e9volution, la cr\u00e9ativit\u00e9 favorise l\u2019adaptabilit\u00e9, la r\u00e9solution de probl\u00e8mes et le bien-\u00eatre \u00e9motionnel. Offrir l\u2019acc\u00e8s \u00e0 ces opportunit\u00e9s permet aux individus de grandir tout en contribuant positivement \u00e0 leurs communaut\u00e9s.<\/h6>\t\t\t\t<\/div>\n\t\t\t\t<\/div>\n\t\t\t\t<div class=\"elementor-element elementor-element-d3a0221 elementor-widget elementor-widget-heading\" data-id=\"d3a0221\" data-element_type=\"widget\" data-e-type=\"widget\" data-widget_type=\"heading.default\">\n\t\t\t\t<div class=\"elementor-widget-container\">\n\t\t\t\t\t<h3 class=\"elementor-heading-title elementor-size-default\">\ud83d\udfe9 Comment nous travaillons<\/h3>\t\t\t\t<\/div>\n\t\t\t\t<\/div>\n\t\t\t\t<div class=\"elementor-element elementor-element-4214a81 elementor-widget-divider--view-line elementor-widget elementor-widget-divider\" data-id=\"4214a81\" data-element_type=\"widget\" data-e-type=\"widget\" data-widget_type=\"divider.default\">\n\t\t\t\t<div class=\"elementor-widget-container\">\n\t\t\t\t\t\t\t<div class=\"elementor-divider\">\n\t\t\t<span class=\"elementor-divider-separator\">\n\t\t\t\t\t\t<\/span>\n\t\t<\/div>\n\t\t\t\t\t\t<\/div>\n\t\t\t\t<\/div>\n\t\t\t\t<div class=\"elementor-element elementor-element-e426cde elementor-widget elementor-widget-heading\" data-id=\"e426cde\" data-element_type=\"widget\" data-e-type=\"widget\" data-widget_type=\"heading.default\">\n\t\t\t\t<div class=\"elementor-widget-container\">\n\t\t\t\t\t<h6 class=\"elementor-heading-title elementor-size-default\">Les projets cr\u00e9atifs sont d\u00e9velopp\u00e9s en collaboration avec des partenaires locaux, des cr\u00e9ateurs et des membres de la communaut\u00e9. Chaque projet est con\u00e7u pour encourager la participation, l\u2019exp\u00e9rimentation et la cr\u00e9ation pratique.\n\n<br><br>Les activit\u00e9s peuvent inclure des projets m\u00e9diatiques, du storytelling, ainsi que le d\u00e9veloppement collaboratif d\u2019id\u00e9es. L\u2019accent est mis sur l\u2019accessibilit\u00e9, l\u2019expression et un engagement r\u00e9el, permettant aux individus de cr\u00e9er et de partager dans un environnement bienveillant.<\/h6>\t\t\t\t<\/div>\n\t\t\t\t<\/div>\n\t\t\t\t<\/div>\n\t\t\t\t\t<\/div>\n\t\t\t\t<\/div>\n\t\t<div class=\"elementor-element elementor-element-3f6947d e-flex e-con-boxed e-con e-parent\" data-id=\"3f6947d\" data-element_type=\"container\" data-e-type=\"container\" data-settings=\"{&quot;background_background&quot;:&quot;classic&quot;}\">\n\t\t\t\t\t<div class=\"e-con-inner\">\n\t\t<div class=\"elementor-element elementor-element-850eacc e-con-full e-flex e-con e-child\" data-id=\"850eacc\" data-element_type=\"container\" data-e-type=\"container\" data-settings=\"{&quot;background_background&quot;:&quot;classic&quot;}\">\n\t\t\t\t<div class=\"elementor-element elementor-element-3be0241 elementor-widget elementor-widget-heading\" data-id=\"3be0241\" data-element_type=\"widget\" data-e-type=\"widget\" data-widget_type=\"heading.default\">\n\t\t\t\t<div class=\"elementor-widget-container\">\n\t\t\t\t\t<h3 class=\"elementor-heading-title elementor-size-default\">\ud83d\udfe7 Comment c\u2019est soutenu<\/h3>\t\t\t\t<\/div>\n\t\t\t\t<\/div>\n\t\t\t\t<div class=\"elementor-element elementor-element-02d6c09 elementor-widget-divider--view-line elementor-widget elementor-widget-divider\" data-id=\"02d6c09\" data-element_type=\"widget\" data-e-type=\"widget\" data-widget_type=\"divider.default\">\n\t\t\t\t<div class=\"elementor-widget-container\">\n\t\t\t\t\t\t\t<div class=\"elementor-divider\">\n\t\t\t<span class=\"elementor-divider-separator\">\n\t\t\t\t\t\t<\/span>\n\t\t<\/div>\n\t\t\t\t\t\t<\/div>\n\t\t\t\t<\/div>\n\t\t\t\t<div class=\"elementor-element elementor-element-e4e38bd elementor-widget elementor-widget-heading\" data-id=\"e4e38bd\" data-element_type=\"widget\" data-e-type=\"widget\" data-widget_type=\"heading.default\">\n\t\t\t\t<div class=\"elementor-widget-container\">\n\t\t\t\t\t<h6 class=\"elementor-heading-title elementor-size-default\">Si vous souhaitez soutenir l\u2019initiative des Projets Cr\u00e9atifs : <br>Contribuez avec le montant de votre choix via des plateformes comme Gumroad ou GoFundMe. <br><br>Cela permet de financer les mat\u00e9riaux, les frais d\u2019organisation et de faciliter l\u2019acc\u00e8s de la communaut\u00e9. Toutes les d\u00e9cisions sont guid\u00e9es par l\u2019\u00e9quipe de Zero Religion, afin de garantir que chaque atelier reste utile, concret et align\u00e9 sur les besoins r\u00e9els.<br><br> Si vous souhaitez participer \u00e0 un Projet Cr\u00e9atif : inscrivez-vous en tant que participant direct.<\/h6>\t\t\t\t<\/div>\n\t\t\t\t<\/div>\n\t\t\t\t<div class=\"elementor-element elementor-element-8788a2a elementor-align-center elementor-widget elementor-widget-button\" data-id=\"8788a2a\" data-element_type=\"widget\" data-e-type=\"widget\" data-widget_type=\"button.default\">\n\t\t\t\t<div class=\"elementor-widget-container\">\n\t\t\t\t\t\t\t\t\t<div class=\"elementor-button-wrapper\">\n\t\t\t\t\t<a class=\"elementor-button elementor-button-link elementor-size-sm\" href=\"https:\/\/zeroreligion.gumroad.com\/l\/community-support\">\n\t\t\t\t\t\t<span class=\"elementor-button-content-wrapper\">\n\t\t\t\t\t\t\t\t\t<span class=\"elementor-button-text\">Nous soutenir \u2192<\/span>\n\t\t\t\t\t<\/span>\n\t\t\t\t\t<\/a>\n\t\t\t\t<\/div>\n\t\t\t\t\t\t\t\t<\/div>\n\t\t\t\t<\/div>\n\t\t\t\t<div class=\"elementor-element elementor-element-f3e379b elementor-widget elementor-widget-heading\" data-id=\"f3e379b\" data-element_type=\"widget\" data-e-type=\"widget\" data-widget_type=\"heading.default\">\n\t\t\t\t<div class=\"elementor-widget-container\">\n\t\t\t\t\t<h3 class=\"elementor-heading-title elementor-size-default\">\ud83d\udfe6 Rejoignez l\u2019impact<\/h3>\t\t\t\t<\/div>\n\t\t\t\t<\/div>\n\t\t\t\t<div class=\"elementor-element elementor-element-3d0dd11 elementor-widget-divider--view-line elementor-widget elementor-widget-divider\" data-id=\"3d0dd11\" data-element_type=\"widget\" data-e-type=\"widget\" data-widget_type=\"divider.default\">\n\t\t\t\t<div class=\"elementor-widget-container\">\n\t\t\t\t\t\t\t<div class=\"elementor-divider\">\n\t\t\t<span class=\"elementor-divider-separator\">\n\t\t\t\t\t\t<\/span>\n\t\t<\/div>\n\t\t\t\t\t\t<\/div>\n\t\t\t\t<\/div>\n\t\t\t\t<div class=\"elementor-element elementor-element-d26859f elementor-widget elementor-widget-heading\" data-id=\"d26859f\" data-element_type=\"widget\" data-e-type=\"widget\" data-widget_type=\"heading.default\">\n\t\t\t\t<div class=\"elementor-widget-container\">\n\t\t\t\t\t<h6 class=\"elementor-heading-title elementor-size-default\">Les projets cr\u00e9atifs sont plus que de simples activit\u00e9s, ce sont des espaces d\u2019expression, de connexion et de d\u00e9veloppement.\n<br>\nFaites partie du mouvement. Cr\u00e9ez, contribuez et aidez \u00e0 fa\u00e7onner une communaut\u00e9 plus inspir\u00e9e et connect\u00e9e.<\/h6>\t\t\t\t<\/div>\n\t\t\t\t<\/div>\n\t\t\t\t<div class=\"elementor-element elementor-element-0aee988 elementor-align-center elementor-widget elementor-widget-button\" data-id=\"0aee988\" data-element_type=\"widget\" data-e-type=\"widget\" data-widget_type=\"button.default\">\n\t\t\t\t<div class=\"elementor-widget-container\">\n\t\t\t\t\t\t\t\t\t<div class=\"elementor-button-wrapper\">\n\t\t\t\t\t<a class=\"elementor-button elementor-button-link elementor-size-sm\" href=\"https:\/\/zeroreligion.org\/fr\/contact\/\">\n\t\t\t\t\t\t<span class=\"elementor-button-content-wrapper\">\n\t\t\t\t\t\t\t\t\t<span class=\"elementor-button-text\">Contactez-Nous \u2192<\/span>\n\t\t\t\t\t<\/span>\n\t\t\t\t\t<\/a>\n\t\t\t\t<\/div>\n\t\t\t\t\t\t\t\t<\/div>\n\t\t\t\t<\/div>\n\t\t\t\t<\/div>\n\t\t\t\t\t<\/div>\n\t\t\t\t<\/div>\n\t\t\t\t<\/div>","protected":false},"excerpt":{"rendered":"<p>A few words about our Creative projects impact &amp; approach \ud83d\udfea Why it matters Creative expression plays a key role in personal development and confidence building. Many individuals lack access to spaces where they can explore ideas, express themselves, and develop creative abilities in a meaningful way through activities such as Art &amp; Visual Creation, [&hellip;]<\/p>\n","protected":false},"author":1,"featured_media":0,"parent":0,"menu_order":0,"comment_status":"closed","ping_status":"closed","template":"","meta":{"site-sidebar-layout":"no-sidebar","site-content-layout":"page-builder","ast-site-content-layout":"full-width-container","site-content-style":"unboxed","site-sidebar-style":"unboxed","ast-global-header-display":"","ast-banner-title-visibility":"","ast-main-header-display":"","ast-hfb-above-header-display":"","ast-hfb-below-header-display":"","ast-hfb-mobile-header-display":"","site-post-title":"disabled","ast-breadcrumbs-content":"disabled","ast-featured-img":"disabled","footer-sml-layout":"","ast-disable-related-posts":"","theme-transparent-header-meta":"enabled","adv-header-id-meta":"","stick-header-meta":"","header-above-stick-meta":"","header-main-stick-meta":"","header-below-stick-meta":"","astra-migrate-meta-layouts":"set","ast-page-background-enabled":"default","ast-page-background-meta":{"desktop":{"background-color":"","background-image":"","background-repeat":"repeat","background-position":"center center","background-size":"auto","background-attachment":"scroll","background-type":"","background-media":"","overlay-type":"","overlay-color":"","overlay-opacity":"","overlay-gradient":""},"tablet":{"background-color":"","background-image":"","background-repeat":"repeat","background-position":"center center","background-size":"auto","background-attachment":"scroll","background-type":"","background-media":"","overlay-type":"","overlay-color":"","overlay-opacity":"","overlay-gradient":""},"mobile":{"background-color":"","background-image":"","background-repeat":"repeat","background-position":"center center","background-size":"auto","background-attachment":"scroll","background-type":"","background-media":"","overlay-type":"","overlay-color":"","overlay-opacity":"","overlay-gradient":""}},"ast-content-background-meta":{"desktop":{"background-color":"var(--ast-global-color-5)","background-image":"","background-repeat":"repeat","background-position":"center center","background-size":"auto","background-attachment":"scroll","background-type":"","background-media":"","overlay-type":"","overlay-color":"","overlay-opacity":"","overlay-gradient":""},"tablet":{"background-color":"var(--ast-global-color-5)","background-image":"","background-repeat":"repeat","background-position":"center center","background-size":"auto","background-attachment":"scroll","background-type":"","background-media":"","overlay-type":"","overlay-color":"","overlay-opacity":"","overlay-gradient":""},"mobile":{"background-color":"var(--ast-global-color-5)","background-image":"","background-repeat":"repeat","background-position":"center center","background-size":"auto","background-attachment":"scroll","background-type":"","background-media":"","overlay-type":"","overlay-color":"","overlay-opacity":"","overlay-gradient":""}},"footnotes":""},"class_list":["post-10198","page","type-page","status-publish","hentry"],"_links":{"self":[{"href":"https:\/\/zeroreligion.org\/fr\/wp-json\/wp\/v2\/pages\/10198","targetHints":{"allow":["GET"]}}],"collection":[{"href":"https:\/\/zeroreligion.org\/fr\/wp-json\/wp\/v2\/pages"}],"about":[{"href":"https:\/\/zeroreligion.org\/fr\/wp-json\/wp\/v2\/types\/page"}],"author":[{"embeddable":true,"href":"https:\/\/zeroreligion.org\/fr\/wp-json\/wp\/v2\/users\/1"}],"replies":[{"embeddable":true,"href":"https:\/\/zeroreligion.org\/fr\/wp-json\/wp\/v2\/comments?post=10198"}],"version-history":[{"count":55,"href":"https:\/\/zeroreligion.org\/fr\/wp-json\/wp\/v2\/pages\/10198\/revisions"}],"predecessor-version":[{"id":10811,"href":"https:\/\/zeroreligion.org\/fr\/wp-json\/wp\/v2\/pages\/10198\/revisions\/10811"}],"wp:attachment":[{"href":"https:\/\/zeroreligion.org\/fr\/wp-json\/wp\/v2\/media?parent=10198"}],"curies":[{"name":"wp","href":"https:\/\/api.w.org\/{rel}","templated":true}]}}