{"id":10267,"date":"2026-04-03T02:48:55","date_gmt":"2026-04-03T02:48:55","guid":{"rendered":"https:\/\/zeroreligion.org\/?page_id=10267"},"modified":"2026-04-03T02:51:08","modified_gmt":"2026-04-03T02:51:08","slug":"coming-soon","status":"publish","type":"page","link":"https:\/\/zeroreligion.org\/fr\/coming-soon\/","title":{"rendered":"Bient\u00f4t disponible"},"content":{"rendered":"<div data-elementor-type=\"wp-page\" data-elementor-id=\"10267\" class=\"elementor elementor-10267\">\n\t\t\t\t<div class=\"elementor-element elementor-element-069cae9 e-flex e-con-boxed e-con e-parent\" data-id=\"069cae9\" data-element_type=\"container\" data-e-type=\"container\" data-settings=\"{&quot;background_background&quot;:&quot;classic&quot;}\">\n\t\t\t\t\t<div class=\"e-con-inner\">\n\t\t<div class=\"elementor-element elementor-element-8ddf810 e-con-full e-flex e-con e-child\" data-id=\"8ddf810\" data-element_type=\"container\" data-e-type=\"container\">\n\t\t\t\t<div class=\"elementor-element elementor-element-ec7fe6c elementor-widget elementor-widget-heading\" data-id=\"ec7fe6c\" data-element_type=\"widget\" data-e-type=\"widget\" data-widget_type=\"heading.default\">\n\t\t\t\t<div class=\"elementor-widget-container\">\n\t\t\t\t\t<h6 class=\"elementor-heading-title elementor-size-default\">Quelques mots sur <\/h6>\t\t\t\t<\/div>\n\t\t\t\t<\/div>\n\t\t\t\t<div class=\"elementor-element elementor-element-e152130 elementor-widget elementor-widget-heading\" data-id=\"e152130\" data-element_type=\"widget\" data-e-type=\"widget\" data-widget_type=\"heading.default\">\n\t\t\t\t<div class=\"elementor-widget-container\">\n\t\t\t\t\t<h1 class=\"elementor-heading-title elementor-size-default\">Bient\u00f4t disponible<\/h1>\t\t\t\t<\/div>\n\t\t\t\t<\/div>\n\t\t\t\t<\/div>\n\t\t\t\t\t<\/div>\n\t\t\t\t<\/div>\n\t\t<div class=\"elementor-element elementor-element-d7eccd0 e-flex e-con-boxed e-con e-parent\" data-id=\"d7eccd0\" data-element_type=\"container\" data-e-type=\"container\">\n\t\t\t\t\t<div class=\"e-con-inner\">\n\t\t<div class=\"elementor-element elementor-element-55cb491 e-con-full e-flex e-con e-child\" data-id=\"55cb491\" data-element_type=\"container\" data-e-type=\"container\" data-settings=\"{&quot;background_background&quot;:&quot;classic&quot;}\">\n\t\t<div class=\"elementor-element elementor-element-4b9faeb e-con-full e-flex e-con e-child\" data-id=\"4b9faeb\" data-element_type=\"container\" data-e-type=\"container\">\n\t\t\t\t<div class=\"elementor-element elementor-element-efe99b4 elementor-widget elementor-widget-heading\" data-id=\"efe99b4\" data-element_type=\"widget\" data-e-type=\"widget\" data-widget_type=\"heading.default\">\n\t\t\t\t<div class=\"elementor-widget-container\">\n\t\t\t\t\t<h2 class=\"elementor-heading-title elementor-size-default\">Activit\u00e9s Passionnantes Bient\u00f4t Disponibles\u202f!<\/h2>\t\t\t\t<\/div>\n\t\t\t\t<\/div>\n\t\t\t\t<\/div>\n\t\t\t\t<\/div>\n\t\t\t\t\t<\/div>\n\t\t\t\t<\/div>\n\t\t<div class=\"elementor-element elementor-element-458ecf6 e-flex e-con-boxed e-con e-parent\" data-id=\"458ecf6\" data-element_type=\"container\" data-e-type=\"container\">\n\t\t\t\t\t<div class=\"e-con-inner\">\n\t\t\t\t<div class=\"elementor-element elementor-element-0fd36d7 elementor-widget elementor-widget-html\" data-id=\"0fd36d7\" data-element_type=\"widget\" data-e-type=\"widget\" data-widget_type=\"html.default\">\n\t\t\t\t<div class=\"elementor-widget-container\">\n\t\t\t\t\t<style>\n.zr-coming-soon-wrapper {\n  font-family: Arial, sans-serif;\n  max-width: 900px;\n  margin: 80px auto;\n  padding: 40px 20px;\n  text-align: center;\n  background: #f9f9f9;\n  border-radius: 14px;\n  box-shadow: 0 8px 30px rgba(0,0,0,0.08);\n}\n\n.zr-coming-soon-wrapper h1 {\n  font-size: 42px;\n  margin-bottom: 20px;\n  color: #0B5D1E;\n}\n\n.zr-coming-soon-wrapper p {\n  font-size: 18px;\n  color: #555;\n  margin-bottom: 40px;\n  line-height: 1.6;\n}\n\n.zr-coming-soon-btn {\n  display: inline-block;\n  padding: 16px 32px;\n  border-radius: 30px;\n  text-decoration: none;\n  font-size: 16px;\n  font-weight: bold;\n  background: #0B5D1E;\n  color: #ffffff;\n  transition: all 0.3s ease;\n  box-shadow: 0 6px 18px rgba(0,0,0,0.12);\n}\n\n.zr-coming-soon-btn:hover {\n  background: #D35400;\n  color: #000000;\n  transform: translateY(-3px);\n  box-shadow: 0 12px 26px rgba(0,0,0,0.22);\n}\n<\/style>\n\n<div class=\"zr-coming-soon-wrapper\">\n  <p>\n    Nous pr\u00e9parons quelque chose de sp\u00e9cial pour vous ! Nos ateliers et \u00e9v\u00e9nements sont en cours de pr\u00e9paration, et bient\u00f4t vous pourrez participer \u00e0 des formations pratiques, des projets cr\u00e9atifs et des activit\u00e9s communautaires con\u00e7us pour inspirer et donner du pouvoir.\nRestez \u00e0 l\u2019\u00e9coute et pr\u00e9parez-vous \u00e0 participer !\n  <\/p>\n\n  <a href=\"https:\/\/zeroreligion.org\/fr\/contact\/\" target=\"_blank\" rel=\"noopener noreferrer\" class=\"zr-coming-soon-btn\">\n    Contactez-Nous\n  <\/a>\n<\/div>\t\t\t\t<\/div>\n\t\t\t\t<\/div>\n\t\t\t\t\t<\/div>\n\t\t\t\t<\/div>\n\t\t\t\t<\/div>","protected":false},"excerpt":{"rendered":"<p>A few words Coming soon Exciting Activities Coming Soon! We\u2019re building something special for you! Our workshops and events are in the works, and soon you\u2019ll be able to join hands-on training, creative projects, and community activities designed to inspire and empower. Stay tuned, and be ready to participate! Contact Us<\/p>","protected":false},"author":1,"featured_media":0,"parent":0,"menu_order":0,"comment_status":"closed","ping_status":"closed","template":"","meta":{"site-sidebar-layout":"no-sidebar","site-content-layout":"page-builder","ast-site-content-layout":"full-width-container","site-content-style":"unboxed","site-sidebar-style":"unboxed","ast-global-header-display":"","ast-banner-title-visibility":"","ast-main-header-display":"","ast-hfb-above-header-display":"","ast-hfb-below-header-display":"","ast-hfb-mobile-header-display":"","site-post-title":"disabled","ast-breadcrumbs-content":"disabled","ast-featured-img":"disabled","footer-sml-layout":"","ast-disable-related-posts":"","theme-transparent-header-meta":"enabled","adv-header-id-meta":"","stick-header-meta":"","header-above-stick-meta":"","header-main-stick-meta":"","header-below-stick-meta":"","astra-migrate-meta-layouts":"set","ast-page-background-enabled":"default","ast-page-background-meta":{"desktop":{"background-color":"","background-image":"","background-repeat":"repeat","background-position":"center center","background-size":"auto","background-attachment":"scroll","background-type":"","background-media":"","overlay-type":"","overlay-color":"","overlay-opacity":"","overlay-gradient":""},"tablet":{"background-color":"","background-image":"","background-repeat":"repeat","background-position":"center center","background-size":"auto","background-attachment":"scroll","background-type":"","background-media":"","overlay-type":"","overlay-color":"","overlay-opacity":"","overlay-gradient":""},"mobile":{"background-color":"","background-image":"","background-repeat":"repeat","background-position":"center center","background-size":"auto","background-attachment":"scroll","background-type":"","background-media":"","overlay-type":"","overlay-color":"","overlay-opacity":"","overlay-gradient":""}},"ast-content-background-meta":{"desktop":{"background-color":"var(--ast-global-color-5)","background-image":"","background-repeat":"repeat","background-position":"center center","background-size":"auto","background-attachment":"scroll","background-type":"","background-media":"","overlay-type":"","overlay-color":"","overlay-opacity":"","overlay-gradient":""},"tablet":{"background-color":"var(--ast-global-color-5)","background-image":"","background-repeat":"repeat","background-position":"center center","background-size":"auto","background-attachment":"scroll","background-type":"","background-media":"","overlay-type":"","overlay-color":"","overlay-opacity":"","overlay-gradient":""},"mobile":{"background-color":"var(--ast-global-color-5)","background-image":"","background-repeat":"repeat","background-position":"center center","background-size":"auto","background-attachment":"scroll","background-type":"","background-media":"","overlay-type":"","overlay-color":"","overlay-opacity":"","overlay-gradient":""}},"footnotes":""},"class_list":["post-10267","page","type-page","status-publish","hentry"],"_links":{"self":[{"href":"https:\/\/zeroreligion.org\/fr\/wp-json\/wp\/v2\/pages\/10267","targetHints":{"allow":["GET"]}}],"collection":[{"href":"https:\/\/zeroreligion.org\/fr\/wp-json\/wp\/v2\/pages"}],"about":[{"href":"https:\/\/zeroreligion.org\/fr\/wp-json\/wp\/v2\/types\/page"}],"author":[{"embeddable":true,"href":"https:\/\/zeroreligion.org\/fr\/wp-json\/wp\/v2\/users\/1"}],"replies":[{"embeddable":true,"href":"https:\/\/zeroreligion.org\/fr\/wp-json\/wp\/v2\/comments?post=10267"}],"version-history":[{"count":5,"href":"https:\/\/zeroreligion.org\/fr\/wp-json\/wp\/v2\/pages\/10267\/revisions"}],"predecessor-version":[{"id":10272,"href":"https:\/\/zeroreligion.org\/fr\/wp-json\/wp\/v2\/pages\/10267\/revisions\/10272"}],"wp:attachment":[{"href":"https:\/\/zeroreligion.org\/fr\/wp-json\/wp\/v2\/media?parent=10267"}],"curies":[{"name":"wp","href":"https:\/\/api.w.org\/{rel}","templated":true}]}}