{"id":10399,"date":"2026-04-04T17:15:37","date_gmt":"2026-04-04T17:15:37","guid":{"rendered":"https:\/\/zeroreligion.org\/?page_id=10399"},"modified":"2026-04-06T00:32:20","modified_gmt":"2026-04-06T00:32:20","slug":"music-film-production","status":"publish","type":"page","link":"https:\/\/zeroreligion.org\/fr\/music-film-production\/","title":{"rendered":"Music &#038; film production"},"content":{"rendered":"<div data-elementor-type=\"wp-page\" data-elementor-id=\"10399\" class=\"elementor elementor-10399\">\n\t\t\t\t<div class=\"elementor-element elementor-element-bbef9d3 e-flex e-con-boxed e-con e-parent\" data-id=\"bbef9d3\" data-element_type=\"container\" data-e-type=\"container\" data-settings=\"{&quot;background_background&quot;:&quot;classic&quot;}\">\n\t\t\t\t\t<div class=\"e-con-inner\">\n\t\t<div class=\"elementor-element elementor-element-5c46ef4 e-con-full e-flex e-con e-child\" data-id=\"5c46ef4\" data-element_type=\"container\" data-e-type=\"container\">\n\t\t\t\t<div class=\"elementor-element elementor-element-25c0ef8 elementor-widget elementor-widget-heading\" data-id=\"25c0ef8\" data-element_type=\"widget\" data-e-type=\"widget\" data-widget_type=\"heading.default\">\n\t\t\t\t<div class=\"elementor-widget-container\">\n\t\t\t\t\t<h6 class=\"elementor-heading-title elementor-size-default\">Quelques mots sur<\/h6>\t\t\t\t<\/div>\n\t\t\t\t<\/div>\n\t\t\t\t<div class=\"elementor-element elementor-element-8a933be elementor-widget elementor-widget-heading\" data-id=\"8a933be\" data-element_type=\"widget\" data-e-type=\"widget\" data-widget_type=\"heading.default\">\n\t\t\t\t<div class=\"elementor-widget-container\">\n\t\t\t\t\t<h2 class=\"elementor-heading-title elementor-size-default\">Production audiovisuelle<\/h2>\t\t\t\t<\/div>\n\t\t\t\t<\/div>\n\t\t\t\t<\/div>\n\t\t\t\t\t<\/div>\n\t\t\t\t<\/div>\n\t\t<div class=\"elementor-element elementor-element-45a6ed3 e-flex e-con-boxed e-con e-parent\" data-id=\"45a6ed3\" data-element_type=\"container\" data-e-type=\"container\">\n\t\t\t\t\t<div class=\"e-con-inner\">\n\t\t\t\t<div class=\"elementor-element elementor-element-f363446 elementor-widget elementor-widget-heading\" data-id=\"f363446\" data-element_type=\"widget\" data-e-type=\"widget\" data-widget_type=\"heading.default\">\n\t\t\t\t<div class=\"elementor-widget-container\">\n\t\t\t\t\t<h6 class=\"elementor-heading-title elementor-size-default\">La cr\u00e9ativit\u00e9 est plus qu\u2019une expression : c\u2019est une mani\u00e8re de raconter, de transformer et de donner un sens en mouvement.\n<br><br>\nZR Creative Studios est la branche de production o\u00f9 la musique et la narration visuelle se rejoignent pour inspirer, \u00e9lever et refl\u00e9ter la vie r\u00e9elle \u00e0 travers une perspective spirituelle. Nous produisons de la musique, des albums et du contenu cin\u00e9matographique qui m\u00eale des messages inspir\u00e9s de la foi avec les sonorit\u00e9s et la culture mondiale d\u2019aujourd\u2019hui.<\/h6>\t\t\t\t<\/div>\n\t\t\t\t<\/div>\n\t\t\t\t\t<\/div>\n\t\t\t\t<\/div>\n\t\t<div class=\"elementor-element elementor-element-c1bf2f4 e-flex e-con-boxed e-con e-parent\" data-id=\"c1bf2f4\" data-element_type=\"container\" data-e-type=\"container\" data-settings=\"{&quot;background_background&quot;:&quot;classic&quot;}\">\n\t\t\t\t\t<div class=\"e-con-inner\">\n\t\t<div class=\"elementor-element elementor-element-9acb1e6 e-con-full e-flex e-con e-child\" data-id=\"9acb1e6\" data-element_type=\"container\" data-e-type=\"container\" data-settings=\"{&quot;background_background&quot;:&quot;classic&quot;}\">\n\t\t\t\t<div class=\"elementor-element elementor-element-7f527a4 elementor-widget elementor-widget-heading\" data-id=\"7f527a4\" data-element_type=\"widget\" data-e-type=\"widget\" data-widget_type=\"heading.default\">\n\t\t\t\t<div class=\"elementor-widget-container\">\n\t\t\t\t\t<h3 class=\"elementor-heading-title elementor-size-default\">\ud83c\udfb6 Production musicale qui donne vie au message<\/h3>\t\t\t\t<\/div>\n\t\t\t\t<\/div>\n\t\t\t\t<div class=\"elementor-element elementor-element-14b5c3e elementor-widget-divider--view-line elementor-widget elementor-widget-divider\" data-id=\"14b5c3e\" data-element_type=\"widget\" data-e-type=\"widget\" data-widget_type=\"divider.default\">\n\t\t\t\t<div class=\"elementor-widget-container\">\n\t\t\t\t\t\t\t<div class=\"elementor-divider\">\n\t\t\t<span class=\"elementor-divider-separator\">\n\t\t\t\t\t\t<\/span>\n\t\t<\/div>\n\t\t\t\t\t\t<\/div>\n\t\t\t\t<\/div>\n\t\t\t\t<div class=\"elementor-element elementor-element-e38c6e3 elementor-widget elementor-widget-heading\" data-id=\"e38c6e3\" data-element_type=\"widget\" data-e-type=\"widget\" data-widget_type=\"heading.default\">\n\t\t\t\t<div class=\"elementor-widget-container\">\n\t\t\t\t\t<h6 class=\"elementor-heading-title elementor-size-default\">ZR a produit plus de 15 albums pour le Kajo Nova Collective, notre groupe de musique bas\u00e9 \u00e0 domicile, souvent compar\u00e9 \u00e0 l\u2019esprit d\u2019un collectif moderne de type \u00ab Hillsong \u00bb.\n<br><br>\nLe Kajo Nova Collective propose un son unique, ancr\u00e9 dans une profondeur lyrique significative, centr\u00e9 sur la vie, les enseignements et la vision de J\u00e9sus, exprim\u00e9 d\u2019une mani\u00e8re qui rejoint la g\u00e9n\u00e9ration d\u2019aujourd\u2019hui.\n<br><br>\nNotre musique combine des messages puissants avec des genres modernes internationaux, notamment :<br>\nAfrobeats\n<br>Amapiano\n<br>Afropop\n<br>Reggaeton\n<br>Gospel fusion contemporain\n<br><br>\nNous croyons que la musique ne doit pas seulement \u00eatre agr\u00e9able \u00e0 \u00e9couter, mais aussi porter un message qui restaure l\u2019identit\u00e9, l\u2019esp\u00e9rance et la direction.\n<br><br>\nChaque projet est con\u00e7u pour \u00eatre \u00e0 la fois spirituellement enracin\u00e9 et culturellement pertinent. <\/h6>\t\t\t\t<\/div>\n\t\t\t\t<\/div>\n\t\t\t\t<div class=\"elementor-element elementor-element-e76f398 elementor-widget elementor-widget-heading\" data-id=\"e76f398\" data-element_type=\"widget\" data-e-type=\"widget\" data-widget_type=\"heading.default\">\n\t\t\t\t<div class=\"elementor-widget-container\">\n\t\t\t\t\t<h6 class=\"elementor-heading-title elementor-size-default\"><a href=\"https:\/\/zeroreligion.org\/fr\/streaming\/\">Voulez-vous \u00e9couter certaines de nos productions? <b>CLIQUEZ-ICI<\/b><\/a><\/h6>\t\t\t\t<\/div>\n\t\t\t\t<\/div>\n\t\t\t\t<\/div>\n\t\t\t\t\t<\/div>\n\t\t\t\t<\/div>\n\t\t<div class=\"elementor-element elementor-element-3f6947d e-flex e-con-boxed e-con e-parent\" data-id=\"3f6947d\" data-element_type=\"container\" data-e-type=\"container\" data-settings=\"{&quot;background_background&quot;:&quot;classic&quot;}\">\n\t\t\t\t\t<div class=\"e-con-inner\">\n\t\t<div class=\"elementor-element elementor-element-850eacc e-con-full e-flex e-con e-child\" data-id=\"850eacc\" data-element_type=\"container\" data-e-type=\"container\" data-settings=\"{&quot;background_background&quot;:&quot;classic&quot;}\">\n\t\t\t\t<div class=\"elementor-element elementor-element-9b7c69b elementor-widget elementor-widget-heading\" data-id=\"9b7c69b\" data-element_type=\"widget\" data-e-type=\"widget\" data-widget_type=\"heading.default\">\n\t\t\t\t<div class=\"elementor-widget-container\">\n\t\t\t\t\t<h3 class=\"elementor-heading-title elementor-size-default\">\ud83c\udfac Production de films et de r\u00e9cits<\/h3>\t\t\t\t<\/div>\n\t\t\t\t<\/div>\n\t\t\t\t<div class=\"elementor-element elementor-element-02d6c09 elementor-widget-divider--view-line elementor-widget elementor-widget-divider\" data-id=\"02d6c09\" data-element_type=\"widget\" data-e-type=\"widget\" data-widget_type=\"divider.default\">\n\t\t\t\t<div class=\"elementor-widget-container\">\n\t\t\t\t\t\t\t<div class=\"elementor-divider\">\n\t\t\t<span class=\"elementor-divider-separator\">\n\t\t\t\t\t\t<\/span>\n\t\t<\/div>\n\t\t\t\t\t\t<\/div>\n\t\t\t\t<\/div>\n\t\t\t\t<div class=\"elementor-element elementor-element-3af06cd elementor-widget elementor-widget-heading\" data-id=\"3af06cd\" data-element_type=\"widget\" data-e-type=\"widget\" data-widget_type=\"heading.default\">\n\t\t\t\t<div class=\"elementor-widget-container\">\n\t\t\t\t\t<h6 class=\"elementor-heading-title elementor-size-default\">Chez ZR Creative Studios, nous transformons \u00e9galement de v\u00e9ritables histoires humaines en exp\u00e9riences visuelles puissantes.\n<br><br>\nAvec le consentement total et une collaboration \u00e9troite, nous prenons des histoires de vie, des t\u00e9moignages et des exp\u00e9riences v\u00e9cues pour les transformer en :\n<br>S\u00e9rie web\n<br>Courts-m\u00e9trages\n<br>Histoires anim\u00e9es \/ dessins anim\u00e9s\n<br>Concepts de longs-m\u00e9trages\n<br>\nCe qui rend notre approche unique, c\u2019est que les membres actifs de ZR ne sont pas seulement derri\u00e8re la cam\u00e9ra, ils sont aussi les acteurs, cr\u00e9ateurs et conteurs.\n<br><br>\nCela cr\u00e9e de l\u2019authenticit\u00e9, un sentiment d\u2019appropriation communautaire et une connexion \u00e9motionnelle plus profonde dans chaque production.<\/h6>\t\t\t\t<\/div>\n\t\t\t\t<\/div>\n\t\t\t\t<div class=\"elementor-element elementor-element-8788a2a elementor-align-center elementor-widget elementor-widget-button\" data-id=\"8788a2a\" data-element_type=\"widget\" data-e-type=\"widget\" data-widget_type=\"button.default\">\n\t\t\t\t<div class=\"elementor-widget-container\">\n\t\t\t\t\t\t\t\t\t<div class=\"elementor-button-wrapper\">\n\t\t\t\t\t<a class=\"elementor-button elementor-button-link elementor-size-sm\" href=\"https:\/\/zeroreligion.org\/fr\/contact\/\">\n\t\t\t\t\t\t<span class=\"elementor-button-content-wrapper\">\n\t\t\t\t\t\t\t\t\t<span class=\"elementor-button-text\">Contactez-Nous \u2192<\/span>\n\t\t\t\t\t<\/span>\n\t\t\t\t\t<\/a>\n\t\t\t\t<\/div>\n\t\t\t\t\t\t\t\t<\/div>\n\t\t\t\t<\/div>\n\t\t\t\t<\/div>\n\t\t\t\t\t<\/div>\n\t\t\t\t<\/div>\n\t\t<div class=\"elementor-element elementor-element-773d3bb e-flex e-con-boxed e-con e-parent\" data-id=\"773d3bb\" data-element_type=\"container\" data-e-type=\"container\" data-settings=\"{&quot;background_background&quot;:&quot;classic&quot;}\">\n\t\t\t\t\t<div class=\"e-con-inner\">\n\t\t<div class=\"elementor-element elementor-element-73d61aa e-con-full e-flex e-con e-child\" data-id=\"73d61aa\" data-element_type=\"container\" data-e-type=\"container\" data-settings=\"{&quot;background_background&quot;:&quot;classic&quot;}\">\n\t\t\t\t<div class=\"elementor-element elementor-element-3075a2e elementor-widget elementor-widget-heading\" data-id=\"3075a2e\" data-element_type=\"widget\" data-e-type=\"widget\" data-widget_type=\"heading.default\">\n\t\t\t\t<div class=\"elementor-widget-container\">\n\t\t\t\t\t<h3 class=\"elementor-heading-title elementor-size-default\">\ud83d\udfe6 Rejoignez l\u2019impact<\/h3>\t\t\t\t<\/div>\n\t\t\t\t<\/div>\n\t\t\t\t<div class=\"elementor-element elementor-element-f2ebf5e elementor-widget-divider--view-line elementor-widget elementor-widget-divider\" data-id=\"f2ebf5e\" data-element_type=\"widget\" data-e-type=\"widget\" data-widget_type=\"divider.default\">\n\t\t\t\t<div class=\"elementor-widget-container\">\n\t\t\t\t\t\t\t<div class=\"elementor-divider\">\n\t\t\t<span class=\"elementor-divider-separator\">\n\t\t\t\t\t\t<\/span>\n\t\t<\/div>\n\t\t\t\t\t\t<\/div>\n\t\t\t\t<\/div>\n\t\t\t\t<div class=\"elementor-element elementor-element-bdf5094 elementor-widget elementor-widget-heading\" data-id=\"bdf5094\" data-element_type=\"widget\" data-e-type=\"widget\" data-widget_type=\"heading.default\">\n\t\t\t\t<div class=\"elementor-widget-container\">\n\t\t\t\t\t<h6 class=\"elementor-heading-title elementor-size-default\">Que vous soyez chanteur, producteur, acteur, \u00e9crivain ou conteur, il y a une place pour vous au sein de ZR Creative Studios si votre passion est align\u00e9e avec une mission porteuse de sens.\n<br><br>Nous ne nous contentons pas de produire du contenu. Nous cr\u00e9ons des histoires qui vivent, qui parlent et qui transforment. Pour participer \u00e0 nos projets musicaux ou cin\u00e9matographiques, vous devez \u00eatre un membre actif de Zero Religion.\n\n<br><br>\n\nNos membres \u00e9voluent \u00e0 travers :\n<br>\nCr\u00e9ation musicale et sessions d\u2019enregistrement\n<br>\nD\u00e9veloppement de la performance sc\u00e9nique\n<br>\nFormation au jeu d\u2019acteur et \u00e0 l\u2019\u00e9cran\n<br>\nProjets de narration collaborative\n<br>\nAteliers cr\u00e9atifs communautaires<\/h6>\t\t\t\t<\/div>\n\t\t\t\t<\/div>\n\t\t\t\t<div class=\"elementor-element elementor-element-cc6baa2 elementor-align-center elementor-widget elementor-widget-button\" data-id=\"cc6baa2\" data-element_type=\"widget\" data-e-type=\"widget\" data-widget_type=\"button.default\">\n\t\t\t\t<div class=\"elementor-widget-container\">\n\t\t\t\t\t\t\t\t\t<div class=\"elementor-button-wrapper\">\n\t\t\t\t\t<a class=\"elementor-button elementor-button-link elementor-size-sm\" href=\"https:\/\/zeroreligion.gumroad.com\/l\/community-support\">\n\t\t\t\t\t\t<span class=\"elementor-button-content-wrapper\">\n\t\t\t\t\t\t\t\t\t<span class=\"elementor-button-text\">Nous soutenir \u2192<\/span>\n\t\t\t\t\t<\/span>\n\t\t\t\t\t<\/a>\n\t\t\t\t<\/div>\n\t\t\t\t\t\t\t\t<\/div>\n\t\t\t\t<\/div>\n\t\t\t\t<\/div>\n\t\t\t\t\t<\/div>\n\t\t\t\t<\/div>\n\t\t\t\t<\/div>","protected":false},"excerpt":{"rendered":"<p>A few words about our Music &amp; film production At Zero Religion, creativity is more than expression, it is storytelling, transformation, and purpose in motion. ZR Creative Studios is the production arm where music and visual storytelling come together to inspire, uplift, and reflect real life through a spiritual lens. We produce music, albums, and [&hellip;]<\/p>\n","protected":false},"author":1,"featured_media":0,"parent":0,"menu_order":0,"comment_status":"closed","ping_status":"closed","template":"","meta":{"site-sidebar-layout":"no-sidebar","site-content-layout":"page-builder","ast-site-content-layout":"full-width-container","site-content-style":"unboxed","site-sidebar-style":"unboxed","ast-global-header-display":"","ast-banner-title-visibility":"","ast-main-header-display":"","ast-hfb-above-header-display":"","ast-hfb-below-header-display":"","ast-hfb-mobile-header-display":"","site-post-title":"disabled","ast-breadcrumbs-content":"disabled","ast-featured-img":"disabled","footer-sml-layout":"","ast-disable-related-posts":"","theme-transparent-header-meta":"enabled","adv-header-id-meta":"","stick-header-meta":"","header-above-stick-meta":"","header-main-stick-meta":"","header-below-stick-meta":"","astra-migrate-meta-layouts":"set","ast-page-background-enabled":"default","ast-page-background-meta":{"desktop":{"background-color":"","background-image":"","background-repeat":"repeat","background-position":"center center","background-size":"auto","background-attachment":"scroll","background-type":"","background-media":"","overlay-type":"","overlay-color":"","overlay-opacity":"","overlay-gradient":""},"tablet":{"background-color":"","background-image":"","background-repeat":"repeat","background-position":"center center","background-size":"auto","background-attachment":"scroll","background-type":"","background-media":"","overlay-type":"","overlay-color":"","overlay-opacity":"","overlay-gradient":""},"mobile":{"background-color":"","background-image":"","background-repeat":"repeat","background-position":"center center","background-size":"auto","background-attachment":"scroll","background-type":"","background-media":"","overlay-type":"","overlay-color":"","overlay-opacity":"","overlay-gradient":""}},"ast-content-background-meta":{"desktop":{"background-color":"var(--ast-global-color-5)","background-image":"","background-repeat":"repeat","background-position":"center center","background-size":"auto","background-attachment":"scroll","background-type":"","background-media":"","overlay-type":"","overlay-color":"","overlay-opacity":"","overlay-gradient":""},"tablet":{"background-color":"var(--ast-global-color-5)","background-image":"","background-repeat":"repeat","background-position":"center center","background-size":"auto","background-attachment":"scroll","background-type":"","background-media":"","overlay-type":"","overlay-color":"","overlay-opacity":"","overlay-gradient":""},"mobile":{"background-color":"var(--ast-global-color-5)","background-image":"","background-repeat":"repeat","background-position":"center center","background-size":"auto","background-attachment":"scroll","background-type":"","background-media":"","overlay-type":"","overlay-color":"","overlay-opacity":"","overlay-gradient":""}},"footnotes":""},"class_list":["post-10399","page","type-page","status-publish","hentry"],"_links":{"self":[{"href":"https:\/\/zeroreligion.org\/fr\/wp-json\/wp\/v2\/pages\/10399","targetHints":{"allow":["GET"]}}],"collection":[{"href":"https:\/\/zeroreligion.org\/fr\/wp-json\/wp\/v2\/pages"}],"about":[{"href":"https:\/\/zeroreligion.org\/fr\/wp-json\/wp\/v2\/types\/page"}],"author":[{"embeddable":true,"href":"https:\/\/zeroreligion.org\/fr\/wp-json\/wp\/v2\/users\/1"}],"replies":[{"embeddable":true,"href":"https:\/\/zeroreligion.org\/fr\/wp-json\/wp\/v2\/comments?post=10399"}],"version-history":[{"count":40,"href":"https:\/\/zeroreligion.org\/fr\/wp-json\/wp\/v2\/pages\/10399\/revisions"}],"predecessor-version":[{"id":10742,"href":"https:\/\/zeroreligion.org\/fr\/wp-json\/wp\/v2\/pages\/10399\/revisions\/10742"}],"wp:attachment":[{"href":"https:\/\/zeroreligion.org\/fr\/wp-json\/wp\/v2\/media?parent=10399"}],"curies":[{"name":"wp","href":"https:\/\/api.w.org\/{rel}","templated":true}]}}