{"id":9573,"date":"2026-03-31T21:13:37","date_gmt":"2026-03-31T21:13:37","guid":{"rendered":"https:\/\/zeroreligion.org\/about-us-2\/"},"modified":"2026-04-07T14:09:06","modified_gmt":"2026-04-07T14:09:06","slug":"about-us","status":"publish","type":"page","link":"https:\/\/zeroreligion.org\/fr\/about-us\/","title":{"rendered":"\u00c1 Propos de nous"},"content":{"rendered":"<div data-elementor-type=\"wp-page\" data-elementor-id=\"9573\" class=\"elementor elementor-9573\">\n\t\t\t\t<div class=\"elementor-element elementor-element-bbef9d3 e-flex e-con-boxed e-con e-parent\" data-id=\"bbef9d3\" data-element_type=\"container\" data-e-type=\"container\" data-settings=\"{&quot;background_background&quot;:&quot;classic&quot;}\">\n\t\t\t\t\t<div class=\"e-con-inner\">\n\t\t<div class=\"elementor-element elementor-element-5c46ef4 e-con-full e-flex e-con e-child\" data-id=\"5c46ef4\" data-element_type=\"container\" data-e-type=\"container\">\n\t\t\t\t<div class=\"elementor-element elementor-element-25c0ef8 elementor-widget elementor-widget-heading\" data-id=\"25c0ef8\" data-element_type=\"widget\" data-e-type=\"widget\" data-widget_type=\"heading.default\">\n\t\t\t\t<div class=\"elementor-widget-container\">\n\t\t\t\t\t<h6 class=\"elementor-heading-title elementor-size-default\">Quelques mots sur<\/h6>\t\t\t\t<\/div>\n\t\t\t\t<\/div>\n\t\t\t\t<div class=\"elementor-element elementor-element-8a933be elementor-widget elementor-widget-heading\" data-id=\"8a933be\" data-element_type=\"widget\" data-e-type=\"widget\" data-widget_type=\"heading.default\">\n\t\t\t\t<div class=\"elementor-widget-container\">\n\t\t\t\t\t<h1 class=\"elementor-heading-title elementor-size-default\">\u00c0 propos de Z\u00e9ro Religion<\/h1>\t\t\t\t<\/div>\n\t\t\t\t<\/div>\n\t\t\t\t<\/div>\n\t\t\t\t\t<\/div>\n\t\t\t\t<\/div>\n\t\t<div class=\"elementor-element elementor-element-26dec26 e-flex e-con-boxed e-con e-parent\" data-id=\"26dec26\" data-element_type=\"container\" data-e-type=\"container\" data-settings=\"{&quot;background_background&quot;:&quot;classic&quot;}\">\n\t\t\t\t\t<div class=\"e-con-inner\">\n\t\t<div class=\"elementor-element elementor-element-b72a1f3 e-con-full e-flex e-con e-child\" data-id=\"b72a1f3\" data-element_type=\"container\" data-e-type=\"container\">\n\t\t\t\t<div class=\"elementor-element elementor-element-27a9aed elementor-widget elementor-widget-heading\" data-id=\"27a9aed\" data-element_type=\"widget\" data-e-type=\"widget\" data-widget_type=\"heading.default\">\n\t\t\t\t<div class=\"elementor-widget-container\">\n\t\t\t\t\t<h6 class=\"elementor-heading-title elementor-size-default\">Nous sommes une organisation \u00e0 but non lucratif bas\u00e9e \u00e0 Montr\u00e9al, au Canada, ax\u00e9e sur le d\u00e9veloppement personnel et la connexion sociale \u00e0 travers des programmes cr\u00e9atifs, \u00e9ducatifs et destin\u00e9s aux jeunes.\n\n<br><br>\n\nNos ateliers, projets cr\u00e9atifs et activit\u00e9s communautaires sont non religieux dans leur format et ouverts \u00e0 tous. Ils sont con\u00e7us pour favoriser la cr\u00e9ativit\u00e9, le d\u00e9veloppement de comp\u00e9tences, l\u2019expression et des relations sociales positives dans un environnement s\u00fbr et respectueux.\n\n<br><br>\n\nNous r\u00e9unissons des personnes issues de divers horizons chr\u00e9tiens, en cr\u00e9ant des espaces qui vont au-del\u00e0 des diff\u00e9rences confessionnelles. Notre objectif est d\u2019encourager l\u2019ouverture, le dialogue et la connexion humaine, en permettant \u00e0 chacun d\u2019explorer le sens, la foi et la croissance personnelle dans un environnement libre et respectueux, sans pression institutionnelle ni barri\u00e8res.\n\n<br><br>\n\nNous cr\u00e9ons \u00e9galement des espaces de soutien pour les personnes ayant v\u00e9cu des exp\u00e9riences d\u2019exclusion, une perte de confiance ou des difficult\u00e9s dans des environnements religieux. Notre objectif est d\u2019offrir un cadre respectueux et sans pression o\u00f9 chacun peut reconstruire sa confiance, se reconnecter \u00e0 soi-m\u00eame et retrouver un sentiment d\u2019appartenance.\n\n<br><br>\n\nL\u2019organisation s\u2019inspire de la vie et des enseignements de J\u00e9sus comme mod\u00e8le d\u2019amour, de dignit\u00e9 et de connexion humaine. La spiritualit\u00e9 ou la foi personnelle n\u2019est pas impos\u00e9e et demeure un chemin individuel, libre d\u2019\u00eatre explor\u00e9 au rythme de chacun.<\/h6>\t\t\t\t<\/div>\n\t\t\t\t<\/div>\n\t\t\t\t<div class=\"elementor-element elementor-element-91bb749 elementor-widget-divider--view-line elementor-widget elementor-widget-divider\" data-id=\"91bb749\" data-element_type=\"widget\" data-e-type=\"widget\" data-widget_type=\"divider.default\">\n\t\t\t\t<div class=\"elementor-widget-container\">\n\t\t\t\t\t\t\t<div class=\"elementor-divider\">\n\t\t\t<span class=\"elementor-divider-separator\">\n\t\t\t\t\t\t<\/span>\n\t\t<\/div>\n\t\t\t\t\t\t<\/div>\n\t\t\t\t<\/div>\n\t\t\t\t<\/div>\n\t\t\t\t\t<\/div>\n\t\t\t\t<\/div>\n\t\t<div class=\"elementor-element elementor-element-c1bf2f4 e-flex e-con-boxed e-con e-parent\" data-id=\"c1bf2f4\" data-element_type=\"container\" data-e-type=\"container\" data-settings=\"{&quot;background_background&quot;:&quot;classic&quot;}\">\n\t\t\t\t\t<div class=\"e-con-inner\">\n\t\t<div class=\"elementor-element elementor-element-9acb1e6 e-con-full e-flex e-con e-child\" data-id=\"9acb1e6\" data-element_type=\"container\" data-e-type=\"container\" data-settings=\"{&quot;background_background&quot;:&quot;classic&quot;}\">\n\t\t\t\t<div class=\"elementor-element elementor-element-1ace19b elementor-widget elementor-widget-heading\" data-id=\"1ace19b\" data-element_type=\"widget\" data-e-type=\"widget\" data-widget_type=\"heading.default\">\n\t\t\t\t<div class=\"elementor-widget-container\">\n\t\t\t\t\t<h3 class=\"elementor-heading-title elementor-size-default\">\ud83d\udfe7  HISTOIRE<\/h3>\t\t\t\t<\/div>\n\t\t\t\t<\/div>\n\t\t\t\t<div class=\"elementor-element elementor-element-14b5c3e elementor-widget-divider--view-line elementor-widget elementor-widget-divider\" data-id=\"14b5c3e\" data-element_type=\"widget\" data-e-type=\"widget\" data-widget_type=\"divider.default\">\n\t\t\t\t<div class=\"elementor-widget-container\">\n\t\t\t\t\t\t\t<div class=\"elementor-divider\">\n\t\t\t<span class=\"elementor-divider-separator\">\n\t\t\t\t\t\t<\/span>\n\t\t<\/div>\n\t\t\t\t\t\t<\/div>\n\t\t\t\t<\/div>\n\t\t\t\t<div class=\"elementor-element elementor-element-c1e9511 elementor-widget elementor-widget-heading\" data-id=\"c1e9511\" data-element_type=\"widget\" data-e-type=\"widget\" data-widget_type=\"heading.default\">\n\t\t\t\t<div class=\"elementor-widget-container\">\n\t\t\t\t\t<h6 class=\"elementor-heading-title elementor-size-default\">Zero Religion est n\u00e9 d\u2019un parcours personnel de foi, de r\u00e9flexion et d\u2019une \u00e9tude approfondie de la Bible. \u00c0 travers ce cheminement, la foi a \u00e9t\u00e9 comprise non pas comme une religion, mais comme une relation vivante avec Dieu, centr\u00e9e sur l\u2019amour, la v\u00e9rit\u00e9 et la simplicit\u00e9.\n<br><br>\nDans un monde o\u00f9 l\u2019amour v\u00e9ritable semble souvent manquer et o\u00f9 les gens se sentent de plus en plus divis\u00e9s que connect\u00e9s, un \u00e9cart clair est devenu visible entre la vie et le message de J\u00e9sus et la mani\u00e8re dont la religion est souvent pratiqu\u00e9e aujourd\u2019hui.\n<br><br>\n\u00c0 travers des exp\u00e9riences personnelles et des \u00e9changes avec des personnes qui se sont senties jug\u00e9es ou exclues au sein d\u2019environnements religieux, le besoin d\u2019une approche plus ouverte et plus simple est devenu \u00e9vident.\n<br><br>\nDe cette prise de conscience est n\u00e9e Zero Religion, une initiative \u00e0 but non lucratif, non affili\u00e9e \u00e0 aucune religion ni d\u00e9nomination, qui vise \u00e0 encourager une relation directe avec Dieu, fond\u00e9e sur l\u2019amour, la v\u00e9rit\u00e9 et la simplicit\u00e9.<\/h6>\t\t\t\t<\/div>\n\t\t\t\t<\/div>\n\t\t\t\t<div class=\"elementor-element elementor-element-52a570f elementor-widget elementor-widget-heading\" data-id=\"52a570f\" data-element_type=\"widget\" data-e-type=\"widget\" data-widget_type=\"heading.default\">\n\t\t\t\t<div class=\"elementor-widget-container\">\n\t\t\t\t\t<h3 class=\"elementor-heading-title elementor-size-default\">\ud83d\udfe9 MISSION<\/h3>\t\t\t\t<\/div>\n\t\t\t\t<\/div>\n\t\t\t\t<div class=\"elementor-element elementor-element-4214a81 elementor-widget-divider--view-line elementor-widget elementor-widget-divider\" data-id=\"4214a81\" data-element_type=\"widget\" data-e-type=\"widget\" data-widget_type=\"divider.default\">\n\t\t\t\t<div class=\"elementor-widget-container\">\n\t\t\t\t\t\t\t<div class=\"elementor-divider\">\n\t\t\t<span class=\"elementor-divider-separator\">\n\t\t\t\t\t\t<\/span>\n\t\t<\/div>\n\t\t\t\t\t\t<\/div>\n\t\t\t\t<\/div>\n\t\t\t\t<div class=\"elementor-element elementor-element-8c91257 elementor-widget elementor-widget-heading\" data-id=\"8c91257\" data-element_type=\"widget\" data-e-type=\"widget\" data-widget_type=\"heading.default\">\n\t\t\t\t<div class=\"elementor-widget-container\">\n\t\t\t\t\t<h6 class=\"elementor-heading-title elementor-size-default\">Soutenir les individus dans leur d\u00e9veloppement personnel et \u00e9motionnel \u00e0 travers des programmes accessibles qui favorisent la croissance, le sens et le bien-\u00eatre.\n<br><br>\nNous nous concentrons sur des initiatives \u00e9ducatives, musicales et communautaires qui encouragent l\u2019inclusion et une transformation personnelle significative.\n<br><br>\nAu c\u0153ur de Zero Religion se trouve la conviction que l\u2019amour est sup\u00e9rieur \u00e0 tout syst\u00e8me ou \u00e9tiquette, et qu\u2019une vie pleine de sens ne n\u00e9cessite pas de religion, mais repose sur l\u2019amour, la v\u00e9rit\u00e9 et la compassion.<\/h6>\t\t\t\t<\/div>\n\t\t\t\t<\/div>\n\t\t\t\t<\/div>\n\t\t\t\t\t<\/div>\n\t\t\t\t<\/div>\n\t\t<div class=\"elementor-element elementor-element-3f6947d e-flex e-con-boxed e-con e-parent\" data-id=\"3f6947d\" data-element_type=\"container\" data-e-type=\"container\" data-settings=\"{&quot;background_background&quot;:&quot;classic&quot;}\">\n\t\t\t\t\t<div class=\"e-con-inner\">\n\t\t<div class=\"elementor-element elementor-element-850eacc e-con-full e-flex e-con e-child\" data-id=\"850eacc\" data-element_type=\"container\" data-e-type=\"container\" data-settings=\"{&quot;background_background&quot;:&quot;classic&quot;}\">\n\t\t\t\t<div class=\"elementor-element elementor-element-d3a0221 elementor-widget elementor-widget-heading\" data-id=\"d3a0221\" data-element_type=\"widget\" data-e-type=\"widget\" data-widget_type=\"heading.default\">\n\t\t\t\t<div class=\"elementor-widget-container\">\n\t\t\t\t\t<h3 class=\"elementor-heading-title elementor-size-default\">\ud83d\udfe8 VISION<\/h3>\t\t\t\t<\/div>\n\t\t\t\t<\/div>\n\t\t\t\t<div class=\"elementor-element elementor-element-02d6c09 elementor-widget-divider--view-line elementor-widget elementor-widget-divider\" data-id=\"02d6c09\" data-element_type=\"widget\" data-e-type=\"widget\" data-widget_type=\"divider.default\">\n\t\t\t\t<div class=\"elementor-widget-container\">\n\t\t\t\t\t\t\t<div class=\"elementor-divider\">\n\t\t\t<span class=\"elementor-divider-separator\">\n\t\t\t\t\t\t<\/span>\n\t\t<\/div>\n\t\t\t\t\t\t<\/div>\n\t\t\t\t<\/div>\n\t\t\t\t<div class=\"elementor-element elementor-element-e426cde elementor-widget elementor-widget-heading\" data-id=\"e426cde\" data-element_type=\"widget\" data-e-type=\"widget\" data-widget_type=\"heading.default\">\n\t\t\t\t<div class=\"elementor-widget-container\">\n\t\t\t\t\t<h6 class=\"elementor-heading-title elementor-size-default\">Voir un monde o\u00f9 les personnes sont unies par l\u2019amour, le respect et la compr\u00e9hension, plut\u00f4t que divis\u00e9es par des \u00e9tiquettes, des syst\u00e8mes ou des croyances.\n<br><br>\nNous imaginons des communaut\u00e9s o\u00f9 chacun est libre de grandir, de s\u2019exprimer et de vivre avec un but, sans jugement ni exclusion.\n<br><br>\nZero Religion aspire \u00e0 contribuer \u00e0 une soci\u00e9t\u00e9 plus compatissante et plus connect\u00e9e, o\u00f9 l\u2019amour guide les relations humaines et o\u00f9 le d\u00e9veloppement personnel est accessible \u00e0 tous.<\/h6>\t\t\t\t<\/div>\n\t\t\t\t<\/div>\n\t\t\t\t<div class=\"elementor-element elementor-element-f3e379b elementor-widget elementor-widget-heading\" data-id=\"f3e379b\" data-element_type=\"widget\" data-e-type=\"widget\" data-widget_type=\"heading.default\">\n\t\t\t\t<div class=\"elementor-widget-container\">\n\t\t\t\t\t<h3 class=\"elementor-heading-title elementor-size-default\">\ud83d\udfea VALEURS<\/h3>\t\t\t\t<\/div>\n\t\t\t\t<\/div>\n\t\t\t\t<div class=\"elementor-element elementor-element-52f3b72 elementor-widget-divider--view-line elementor-widget elementor-widget-divider\" data-id=\"52f3b72\" data-element_type=\"widget\" data-e-type=\"widget\" data-widget_type=\"divider.default\">\n\t\t\t\t<div class=\"elementor-widget-container\">\n\t\t\t\t\t\t\t<div class=\"elementor-divider\">\n\t\t\t<span class=\"elementor-divider-separator\">\n\t\t\t\t\t\t<\/span>\n\t\t<\/div>\n\t\t\t\t\t\t<\/div>\n\t\t\t\t<\/div>\n\t\t\t\t<div class=\"elementor-element elementor-element-d26859f elementor-widget elementor-widget-heading\" data-id=\"d26859f\" data-element_type=\"widget\" data-e-type=\"widget\" data-widget_type=\"heading.default\">\n\t\t\t\t<div class=\"elementor-widget-container\">\n\t\t\t\t\t<h6 class=\"elementor-heading-title elementor-size-default\">Zero Religion est guid\u00e9 par l\u2019amour, le respect, l\u2019inclusion et la simplicit\u00e9. Nous valorisons chaque individu et promouvons une mani\u00e8re de vivre centr\u00e9e sur l\u2019authenticit\u00e9, le d\u00e9veloppement personnel et des relations humaines significatives.<\/h6>\t\t\t\t<\/div>\n\t\t\t\t<\/div>\n\t\t\t\t<div class=\"elementor-element elementor-element-064c6a0 elementor-widget-divider--view-line elementor-widget elementor-widget-divider\" data-id=\"064c6a0\" data-element_type=\"widget\" data-e-type=\"widget\" data-widget_type=\"divider.default\">\n\t\t\t\t<div class=\"elementor-widget-container\">\n\t\t\t\t\t\t\t<div class=\"elementor-divider\">\n\t\t\t<span class=\"elementor-divider-separator\">\n\t\t\t\t\t\t<\/span>\n\t\t<\/div>\n\t\t\t\t\t\t<\/div>\n\t\t\t\t<\/div>\n\t\t\t\t<div class=\"elementor-element elementor-element-c39030e elementor-widget elementor-widget-heading\" data-id=\"c39030e\" data-element_type=\"widget\" data-e-type=\"widget\" data-widget_type=\"heading.default\">\n\t\t\t\t<div class=\"elementor-widget-container\">\n\t\t\t\t\t<h6 class=\"elementor-heading-title elementor-size-default\">Nom l\u00e9gal et nom d\u2019exploitation : Z\u00e9ro Religion\nOrganisation \u00e0 but non lucratif enregistr\u00e9e au Canada\nNum\u00e9ro d\u2019entreprise (NE) : 780715033RC0001\nConstitu\u00e9e en vertu de la Loi canadienne sur les organisations \u00e0 but non lucratif<\/h6>\t\t\t\t<\/div>\n\t\t\t\t<\/div>\n\t\t\t\t<\/div>\n\t\t\t\t\t<\/div>\n\t\t\t\t<\/div>\n\t\t<div class=\"elementor-element elementor-element-69faeb8 e-flex e-con-boxed e-con e-parent\" data-id=\"69faeb8\" data-element_type=\"container\" data-e-type=\"container\" data-settings=\"{&quot;background_background&quot;:&quot;classic&quot;}\">\n\t\t\t\t\t<div class=\"e-con-inner\">\n\t\t<div class=\"elementor-element elementor-element-28efc16 e-con-full e-flex e-con e-child\" data-id=\"28efc16\" data-element_type=\"container\" data-e-type=\"container\">\n\t\t\t\t<div class=\"elementor-element elementor-element-139e36a elementor-widget elementor-widget-heading\" data-id=\"139e36a\" data-element_type=\"widget\" data-e-type=\"widget\" data-widget_type=\"heading.default\">\n\t\t\t\t<div class=\"elementor-widget-container\">\n\t\t\t\t\t<h5 class=\"elementor-heading-title elementor-size-default\">NOS TROIS PILIERS<\/h5>\t\t\t\t<\/div>\n\t\t\t\t<\/div>\n\t\t\t\t<div class=\"elementor-element elementor-element-b6cb611 elementor-widget-divider--view-line elementor-widget elementor-widget-divider\" data-id=\"b6cb611\" data-element_type=\"widget\" data-e-type=\"widget\" data-widget_type=\"divider.default\">\n\t\t\t\t<div class=\"elementor-widget-container\">\n\t\t\t\t\t\t\t<div class=\"elementor-divider\">\n\t\t\t<span class=\"elementor-divider-separator\">\n\t\t\t\t\t\t<\/span>\n\t\t<\/div>\n\t\t\t\t\t\t<\/div>\n\t\t\t\t<\/div>\n\t\t\t\t<div class=\"elementor-element elementor-element-d7c810e elementor-widget elementor-widget-heading\" data-id=\"d7c810e\" data-element_type=\"widget\" data-e-type=\"widget\" data-widget_type=\"heading.default\">\n\t\t\t\t<div class=\"elementor-widget-container\">\n\t\t\t\t\t<h5 class=\"elementor-heading-title elementor-size-default\">\ud83c\udfa7 Cr\u00e9er<\/h5>\t\t\t\t<\/div>\n\t\t\t\t<\/div>\n\t\t\t\t<div class=\"elementor-element elementor-element-b6b75a0 elementor-widget elementor-widget-heading\" data-id=\"b6b75a0\" data-element_type=\"widget\" data-e-type=\"widget\" data-widget_type=\"heading.default\">\n\t\t\t\t<div class=\"elementor-widget-container\">\n\t\t\t\t\t<h6 class=\"elementor-heading-title elementor-size-default\">Nous d\u00e9veloppons et diffusons de la musique et du contenu num\u00e9rique inspir\u00e9s par des valeurs d\u2019amour, de paix et de transformation, en promouvant des messages d\u2019espoir, d\u2019unit\u00e9 et de changement positif.<\/h6>\t\t\t\t<\/div>\n\t\t\t\t<\/div>\n\t\t\t\t<div class=\"elementor-element elementor-element-821529f elementor-widget elementor-widget-heading\" data-id=\"821529f\" data-element_type=\"widget\" data-e-type=\"widget\" data-widget_type=\"heading.default\">\n\t\t\t\t<div class=\"elementor-widget-container\">\n\t\t\t\t\t<h5 class=\"elementor-heading-title elementor-size-default\">\ud83d\udee0 \u00c9quiper<\/h5>\t\t\t\t<\/div>\n\t\t\t\t<\/div>\n\t\t\t\t<div class=\"elementor-element elementor-element-a796f33 elementor-widget elementor-widget-heading\" data-id=\"a796f33\" data-element_type=\"widget\" data-e-type=\"widget\" data-widget_type=\"heading.default\">\n\t\t\t\t<div class=\"elementor-widget-container\">\n\t\t\t\t\t<h6 class=\"elementor-heading-title elementor-size-default\">Nous proposons des ateliers et des programmes communautaires con\u00e7us pour renforcer les comp\u00e9tences de vie, la confiance en soi et le d\u00e9veloppement personnel.<\/h6>\t\t\t\t<\/div>\n\t\t\t\t<\/div>\n\t\t\t\t<div class=\"elementor-element elementor-element-3a429b8 elementor-widget elementor-widget-heading\" data-id=\"3a429b8\" data-element_type=\"widget\" data-e-type=\"widget\" data-widget_type=\"heading.default\">\n\t\t\t\t<div class=\"elementor-widget-container\">\n\t\t\t\t\t<h5 class=\"elementor-heading-title elementor-size-default\">\ud83c\udf0d Impact<\/h5>\t\t\t\t<\/div>\n\t\t\t\t<\/div>\n\t\t\t\t<div class=\"elementor-element elementor-element-ae380cc elementor-widget elementor-widget-heading\" data-id=\"ae380cc\" data-element_type=\"widget\" data-e-type=\"widget\" data-widget_type=\"heading.default\">\n\t\t\t\t<div class=\"elementor-widget-container\">\n\t\t\t\t\t<h6 class=\"elementor-heading-title elementor-size-default\">Nous facilitons des espaces s\u00fbrs et inclusifs qui encouragent le d\u00e9veloppement personnel, la connexion et l\u2019engagement communautaire.<\/h6>\t\t\t\t<\/div>\n\t\t\t\t<\/div>\n\t\t\t\t<div class=\"elementor-element elementor-element-d6e60f6 elementor-align-justify elementor-widget elementor-widget-button\" data-id=\"d6e60f6\" data-element_type=\"widget\" data-e-type=\"widget\" data-widget_type=\"button.default\">\n\t\t\t\t<div class=\"elementor-widget-container\">\n\t\t\t\t\t\t\t\t\t<div class=\"elementor-button-wrapper\">\n\t\t\t\t\t<a class=\"elementor-button elementor-button-link elementor-size-sm\" href=\"https:\/\/zeroreligion.org\/fr\/programs-impact\/\">\n\t\t\t\t\t\t<span class=\"elementor-button-content-wrapper\">\n\t\t\t\t\t\t\t\t\t<span class=\"elementor-button-text\">Programmes | Impact \u2192<\/span>\n\t\t\t\t\t<\/span>\n\t\t\t\t\t<\/a>\n\t\t\t\t<\/div>\n\t\t\t\t\t\t\t\t<\/div>\n\t\t\t\t<\/div>\n\t\t\t\t<\/div>\n\t\t\t\t\t<\/div>\n\t\t\t\t<\/div>\n\t\t\t\t<\/div>","protected":false},"excerpt":{"rendered":"<p>A few words About Zero Religion We are a non-profit organization based in Montreal, Canada focused on personal development and social connection through creative, educational, and youth-oriented programs. Our workshops, creative projects, and community activities are non-religious in format and open to everyone. They are designed to support creativity, skill-building, expression, and positive social connection [&hellip;]<\/p>\n","protected":false},"author":1,"featured_media":0,"parent":0,"menu_order":0,"comment_status":"closed","ping_status":"closed","template":"","meta":{"site-sidebar-layout":"no-sidebar","site-content-layout":"page-builder","ast-site-content-layout":"full-width-container","site-content-style":"unboxed","site-sidebar-style":"unboxed","ast-global-header-display":"","ast-banner-title-visibility":"","ast-main-header-display":"","ast-hfb-above-header-display":"","ast-hfb-below-header-display":"","ast-hfb-mobile-header-display":"","site-post-title":"disabled","ast-breadcrumbs-content":"disabled","ast-featured-img":"disabled","footer-sml-layout":"","ast-disable-related-posts":"","theme-transparent-header-meta":"enabled","adv-header-id-meta":"","stick-header-meta":"","header-above-stick-meta":"","header-main-stick-meta":"","header-below-stick-meta":"","astra-migrate-meta-layouts":"set","ast-page-background-enabled":"default","ast-page-background-meta":{"desktop":{"background-color":"","background-image":"","background-repeat":"repeat","background-position":"center center","background-size":"auto","background-attachment":"scroll","background-type":"","background-media":"","overlay-type":"","overlay-color":"","overlay-opacity":"","overlay-gradient":""},"tablet":{"background-color":"","background-image":"","background-repeat":"repeat","background-position":"center center","background-size":"auto","background-attachment":"scroll","background-type":"","background-media":"","overlay-type":"","overlay-color":"","overlay-opacity":"","overlay-gradient":""},"mobile":{"background-color":"","background-image":"","background-repeat":"repeat","background-position":"center center","background-size":"auto","background-attachment":"scroll","background-type":"","background-media":"","overlay-type":"","overlay-color":"","overlay-opacity":"","overlay-gradient":""}},"ast-content-background-meta":{"desktop":{"background-color":"var(--ast-global-color-5)","background-image":"","background-repeat":"repeat","background-position":"center center","background-size":"auto","background-attachment":"scroll","background-type":"","background-media":"","overlay-type":"","overlay-color":"","overlay-opacity":"","overlay-gradient":""},"tablet":{"background-color":"var(--ast-global-color-5)","background-image":"","background-repeat":"repeat","background-position":"center center","background-size":"auto","background-attachment":"scroll","background-type":"","background-media":"","overlay-type":"","overlay-color":"","overlay-opacity":"","overlay-gradient":""},"mobile":{"background-color":"var(--ast-global-color-5)","background-image":"","background-repeat":"repeat","background-position":"center center","background-size":"auto","background-attachment":"scroll","background-type":"","background-media":"","overlay-type":"","overlay-color":"","overlay-opacity":"","overlay-gradient":""}},"footnotes":""},"class_list":["post-9573","page","type-page","status-publish","hentry"],"_links":{"self":[{"href":"https:\/\/zeroreligion.org\/fr\/wp-json\/wp\/v2\/pages\/9573","targetHints":{"allow":["GET"]}}],"collection":[{"href":"https:\/\/zeroreligion.org\/fr\/wp-json\/wp\/v2\/pages"}],"about":[{"href":"https:\/\/zeroreligion.org\/fr\/wp-json\/wp\/v2\/types\/page"}],"author":[{"embeddable":true,"href":"https:\/\/zeroreligion.org\/fr\/wp-json\/wp\/v2\/users\/1"}],"replies":[{"embeddable":true,"href":"https:\/\/zeroreligion.org\/fr\/wp-json\/wp\/v2\/comments?post=9573"}],"version-history":[{"count":120,"href":"https:\/\/zeroreligion.org\/fr\/wp-json\/wp\/v2\/pages\/9573\/revisions"}],"predecessor-version":[{"id":10866,"href":"https:\/\/zeroreligion.org\/fr\/wp-json\/wp\/v2\/pages\/9573\/revisions\/10866"}],"wp:attachment":[{"href":"https:\/\/zeroreligion.org\/fr\/wp-json\/wp\/v2\/media?parent=9573"}],"curies":[{"name":"wp","href":"https:\/\/api.w.org\/{rel}","templated":true}]}}